{"id":2901,"date":"2015-01-22T09:53:46","date_gmt":"2015-01-22T09:53:46","guid":{"rendered":"https:\/\/hovikulta.fi\/?product=diamond-earrings-with-18-diamonds-045-ct-wvs"},"modified":"2015-01-22T12:28:23","modified_gmt":"2015-01-22T12:28:23","slug":"diamond-earrings-with-18-diamonds-045-ct-wvs","status":"publish","type":"product","link":"https:\/\/hovikulta.fi\/en\/store\/earrings\/diamond-earrings\/diamond-earrings-with-18-diamonds-045-ct-wvs\/","title":{"rendered":"Diamond earrings with 18 diamonds, 0,45 ct w\/vs"},"content":{"rendered":"<p>Kultaiset timanttikorvakorut kotimaista k\u00e4sity\u00f6t\u00e4. Valmistaja Hyv\u00e4rinen Oy. Runko 14 karaatin keltakultaa, wesselton \/ vs -laatuisten timanttien yhteispaino 0,45 ct. Korvakoruissa tappikiinnitys, korun leveys n. 5,5 mm, korkeus n. 14,5 mm, alaosa kaartuu kauniisti korvanlehden alle.<\/p>\n","protected":false},"excerpt":{"rendered":"<p>Kultaiset timanttikorvakorut kotimaista k\u00e4sity\u00f6t\u00e4. Valmistaja Hyv\u00e4rinen Oy. Runko 14 karaatin keltakultaa, wesselton \/ vs -laatuisten timanttien yhteispaino 0,45 ct. Korvakoruissa tappikiinnitys, korun leveys n. 5,5 mm, korkeus n. 14,5 mm, alaosa kaartuu kauniisti korvanlehden alle.<\/p>\n","protected":false},"featured_media":2899,"comment_status":"open","ping_status":"closed","template":"","meta":{"_acf_changed":false},"product_brand":[1382],"product_cat":[1346,1342],"product_tag":[],"class_list":{"0":"post-2901","1":"product","2":"type-product","3":"status-publish","4":"has-post-thumbnail","6":"product_brand-hyvarinen-oy-en","7":"product_cat-diamond-earrings","8":"product_cat-earrings","10":"first","11":"instock","12":"sold-individually","13":"taxable","14":"shipping-taxable","15":"purchasable","16":"product-type-simple"},"acf":[],"yoast_head":"<!-- This site is optimized with the Yoast SEO plugin v27.4 - https:\/\/yoast.com\/product\/yoast-seo-wordpress\/ -->\n<title>Kultasepp&auml; Hovikulta Oy, Turku &ndash; Kellot, korut ja kihlat - Diamond earrings with 18 diamonds, 0,45 ct w\/vs<\/title>\n<meta name=\"robots\" content=\"index, follow, max-snippet:-1, max-image-preview:large, max-video-preview:-1\" \/>\n<link rel=\"canonical\" href=\"https:\/\/hovikulta.fi\/en\/store\/earrings\/diamond-earrings\/diamond-earrings-with-18-diamonds-045-ct-wvs\/\" \/>\n<meta property=\"og:locale\" content=\"en_US\" \/>\n<meta property=\"og:type\" content=\"article\" \/>\n<meta property=\"og:title\" content=\"Kultasepp&auml; Hovikulta Oy, Turku &ndash; Kellot, korut ja kihlat - Diamond earrings with 18 diamonds, 0,45 ct w\/vs\" \/>\n<meta property=\"og:description\" content=\"Kultaiset timanttikorvakorut kotimaista k\u00e4sity\u00f6t\u00e4. Valmistaja Hyv\u00e4rinen Oy. Runko 14 karaatin keltakultaa, wesselton \/ vs -laatuisten timanttien yhteispaino 0,45 ct. Korvakoruissa tappikiinnitys, korun leveys n. 5,5 mm, korkeus n. 14,5 mm, alaosa kaartuu kauniisti korvanlehden alle.\" \/>\n<meta property=\"og:url\" content=\"https:\/\/hovikulta.fi\/en\/store\/earrings\/diamond-earrings\/diamond-earrings-with-18-diamonds-045-ct-wvs\/\" \/>\n<meta property=\"og:site_name\" content=\"Kultasepp&auml; Hovikulta Oy, Turku &ndash; Kellot, korut ja kihlat\" \/>\n<meta property=\"article:modified_time\" content=\"2015-01-22T12:28:23+00:00\" \/>\n<meta property=\"og:image\" content=\"https:\/\/hovikulta.fi\/wp-content\/uploads\/catalog\/product\/HYkokk3r045wvs18.jpg\" \/>\n\t<meta property=\"og:image:width\" content=\"600\" \/>\n\t<meta property=\"og:image:height\" content=\"600\" \/>\n\t<meta property=\"og:image:type\" content=\"image\/jpeg\" \/>\n<meta name=\"twitter:card\" content=\"summary_large_image\" \/>\n<script type=\"application\/ld+json\" class=\"yoast-schema-graph\">{\"@context\":\"https:\\\/\\\/schema.org\",\"@graph\":[{\"@type\":\"WebPage\",\"@id\":\"https:\\\/\\\/hovikulta.fi\\\/en\\\/store\\\/earrings\\\/diamond-earrings\\\/diamond-earrings-with-18-diamonds-045-ct-wvs\\\/\",\"url\":\"https:\\\/\\\/hovikulta.fi\\\/en\\\/store\\\/earrings\\\/diamond-earrings\\\/diamond-earrings-with-18-diamonds-045-ct-wvs\\\/\",\"name\":\"Kultasepp&auml; Hovikulta Oy, Turku &ndash; Kellot, korut ja kihlat - Diamond earrings with 18 diamonds, 0,45 ct w\\\/vs\",\"isPartOf\":{\"@id\":\"https:\\\/\\\/hovikulta.fi\\\/#website\"},\"primaryImageOfPage\":{\"@id\":\"https:\\\/\\\/hovikulta.fi\\\/en\\\/store\\\/earrings\\\/diamond-earrings\\\/diamond-earrings-with-18-diamonds-045-ct-wvs\\\/#primaryimage\"},\"image\":{\"@id\":\"https:\\\/\\\/hovikulta.fi\\\/en\\\/store\\\/earrings\\\/diamond-earrings\\\/diamond-earrings-with-18-diamonds-045-ct-wvs\\\/#primaryimage\"},\"thumbnailUrl\":\"https:\\\/\\\/hovikulta.fi\\\/wp-content\\\/uploads\\\/catalog\\\/product\\\/HYkokk3r045wvs18.jpg\",\"datePublished\":\"2015-01-22T09:53:46+00:00\",\"dateModified\":\"2015-01-22T12:28:23+00:00\",\"breadcrumb\":{\"@id\":\"https:\\\/\\\/hovikulta.fi\\\/en\\\/store\\\/earrings\\\/diamond-earrings\\\/diamond-earrings-with-18-diamonds-045-ct-wvs\\\/#breadcrumb\"},\"inLanguage\":\"en-US\",\"potentialAction\":[{\"@type\":\"ReadAction\",\"target\":[\"https:\\\/\\\/hovikulta.fi\\\/en\\\/store\\\/earrings\\\/diamond-earrings\\\/diamond-earrings-with-18-diamonds-045-ct-wvs\\\/\"]}]},{\"@type\":\"ImageObject\",\"inLanguage\":\"en-US\",\"@id\":\"https:\\\/\\\/hovikulta.fi\\\/en\\\/store\\\/earrings\\\/diamond-earrings\\\/diamond-earrings-with-18-diamonds-045-ct-wvs\\\/#primaryimage\",\"url\":\"https:\\\/\\\/hovikulta.fi\\\/wp-content\\\/uploads\\\/catalog\\\/product\\\/HYkokk3r045wvs18.jpg\",\"contentUrl\":\"https:\\\/\\\/hovikulta.fi\\\/wp-content\\\/uploads\\\/catalog\\\/product\\\/HYkokk3r045wvs18.jpg\",\"width\":600,\"height\":600},{\"@type\":\"BreadcrumbList\",\"@id\":\"https:\\\/\\\/hovikulta.fi\\\/en\\\/store\\\/earrings\\\/diamond-earrings\\\/diamond-earrings-with-18-diamonds-045-ct-wvs\\\/#breadcrumb\",\"itemListElement\":[{\"@type\":\"ListItem\",\"position\":1,\"name\":\"Home\",\"item\":\"https:\\\/\\\/hovikulta.fi\\\/en\\\/\"},{\"@type\":\"ListItem\",\"position\":2,\"name\":\"Store\",\"item\":\"https:\\\/\\\/hovikulta.fi\\\/en\\\/store\\\/\"},{\"@type\":\"ListItem\",\"position\":3,\"name\":\"Diamond earrings with 18 diamonds, 0,45 ct w\\\/vs\"}]},{\"@type\":\"WebSite\",\"@id\":\"https:\\\/\\\/hovikulta.fi\\\/#website\",\"url\":\"https:\\\/\\\/hovikulta.fi\\\/\",\"name\":\"Kultasepp&auml; Hovikulta Oy, Turku &ndash; Kellot, korut ja kihlat\",\"description\":\"\",\"potentialAction\":[{\"@type\":\"SearchAction\",\"target\":{\"@type\":\"EntryPoint\",\"urlTemplate\":\"https:\\\/\\\/hovikulta.fi\\\/?s={search_term_string}\"},\"query-input\":{\"@type\":\"PropertyValueSpecification\",\"valueRequired\":true,\"valueName\":\"search_term_string\"}}],\"inLanguage\":\"en-US\"}]}<\/script>\n<!-- \/ Yoast SEO plugin. -->","yoast_head_json":{"title":"Kultasepp&auml; Hovikulta Oy, Turku &ndash; Kellot, korut ja kihlat - Diamond earrings with 18 diamonds, 0,45 ct w\/vs","robots":{"index":"index","follow":"follow","max-snippet":"max-snippet:-1","max-image-preview":"max-image-preview:large","max-video-preview":"max-video-preview:-1"},"canonical":"https:\/\/hovikulta.fi\/en\/store\/earrings\/diamond-earrings\/diamond-earrings-with-18-diamonds-045-ct-wvs\/","og_locale":"en_US","og_type":"article","og_title":"Kultasepp&auml; Hovikulta Oy, Turku &ndash; Kellot, korut ja kihlat - Diamond earrings with 18 diamonds, 0,45 ct w\/vs","og_description":"Kultaiset timanttikorvakorut kotimaista k\u00e4sity\u00f6t\u00e4. Valmistaja Hyv\u00e4rinen Oy. Runko 14 karaatin keltakultaa, wesselton \/ vs -laatuisten timanttien yhteispaino 0,45 ct. Korvakoruissa tappikiinnitys, korun leveys n. 5,5 mm, korkeus n. 14,5 mm, alaosa kaartuu kauniisti korvanlehden alle.","og_url":"https:\/\/hovikulta.fi\/en\/store\/earrings\/diamond-earrings\/diamond-earrings-with-18-diamonds-045-ct-wvs\/","og_site_name":"Kultasepp&auml; Hovikulta Oy, Turku &ndash; Kellot, korut ja kihlat","article_modified_time":"2015-01-22T12:28:23+00:00","og_image":[{"width":600,"height":600,"url":"https:\/\/hovikulta.fi\/wp-content\/uploads\/catalog\/product\/HYkokk3r045wvs18.jpg","type":"image\/jpeg"}],"twitter_card":"summary_large_image","schema":{"@context":"https:\/\/schema.org","@graph":[{"@type":"WebPage","@id":"https:\/\/hovikulta.fi\/en\/store\/earrings\/diamond-earrings\/diamond-earrings-with-18-diamonds-045-ct-wvs\/","url":"https:\/\/hovikulta.fi\/en\/store\/earrings\/diamond-earrings\/diamond-earrings-with-18-diamonds-045-ct-wvs\/","name":"Kultasepp&auml; Hovikulta Oy, Turku &ndash; Kellot, korut ja kihlat - Diamond earrings with 18 diamonds, 0,45 ct w\/vs","isPartOf":{"@id":"https:\/\/hovikulta.fi\/#website"},"primaryImageOfPage":{"@id":"https:\/\/hovikulta.fi\/en\/store\/earrings\/diamond-earrings\/diamond-earrings-with-18-diamonds-045-ct-wvs\/#primaryimage"},"image":{"@id":"https:\/\/hovikulta.fi\/en\/store\/earrings\/diamond-earrings\/diamond-earrings-with-18-diamonds-045-ct-wvs\/#primaryimage"},"thumbnailUrl":"https:\/\/hovikulta.fi\/wp-content\/uploads\/catalog\/product\/HYkokk3r045wvs18.jpg","datePublished":"2015-01-22T09:53:46+00:00","dateModified":"2015-01-22T12:28:23+00:00","breadcrumb":{"@id":"https:\/\/hovikulta.fi\/en\/store\/earrings\/diamond-earrings\/diamond-earrings-with-18-diamonds-045-ct-wvs\/#breadcrumb"},"inLanguage":"en-US","potentialAction":[{"@type":"ReadAction","target":["https:\/\/hovikulta.fi\/en\/store\/earrings\/diamond-earrings\/diamond-earrings-with-18-diamonds-045-ct-wvs\/"]}]},{"@type":"ImageObject","inLanguage":"en-US","@id":"https:\/\/hovikulta.fi\/en\/store\/earrings\/diamond-earrings\/diamond-earrings-with-18-diamonds-045-ct-wvs\/#primaryimage","url":"https:\/\/hovikulta.fi\/wp-content\/uploads\/catalog\/product\/HYkokk3r045wvs18.jpg","contentUrl":"https:\/\/hovikulta.fi\/wp-content\/uploads\/catalog\/product\/HYkokk3r045wvs18.jpg","width":600,"height":600},{"@type":"BreadcrumbList","@id":"https:\/\/hovikulta.fi\/en\/store\/earrings\/diamond-earrings\/diamond-earrings-with-18-diamonds-045-ct-wvs\/#breadcrumb","itemListElement":[{"@type":"ListItem","position":1,"name":"Home","item":"https:\/\/hovikulta.fi\/en\/"},{"@type":"ListItem","position":2,"name":"Store","item":"https:\/\/hovikulta.fi\/en\/store\/"},{"@type":"ListItem","position":3,"name":"Diamond earrings with 18 diamonds, 0,45 ct w\/vs"}]},{"@type":"WebSite","@id":"https:\/\/hovikulta.fi\/#website","url":"https:\/\/hovikulta.fi\/","name":"Kultasepp&auml; Hovikulta Oy, Turku &ndash; Kellot, korut ja kihlat","description":"","potentialAction":[{"@type":"SearchAction","target":{"@type":"EntryPoint","urlTemplate":"https:\/\/hovikulta.fi\/?s={search_term_string}"},"query-input":{"@type":"PropertyValueSpecification","valueRequired":true,"valueName":"search_term_string"}}],"inLanguage":"en-US"}]}},"_links":{"self":[{"href":"https:\/\/hovikulta.fi\/en\/wp-json\/wp\/v2\/product\/2901","targetHints":{"allow":["GET"]}}],"collection":[{"href":"https:\/\/hovikulta.fi\/en\/wp-json\/wp\/v2\/product"}],"about":[{"href":"https:\/\/hovikulta.fi\/en\/wp-json\/wp\/v2\/types\/product"}],"replies":[{"embeddable":true,"href":"https:\/\/hovikulta.fi\/en\/wp-json\/wp\/v2\/comments?post=2901"}],"wp:featuredmedia":[{"embeddable":true,"href":"https:\/\/hovikulta.fi\/en\/wp-json\/wp\/v2\/media\/2899"}],"wp:attachment":[{"href":"https:\/\/hovikulta.fi\/en\/wp-json\/wp\/v2\/media?parent=2901"}],"wp:term":[{"taxonomy":"product_brand","embeddable":true,"href":"https:\/\/hovikulta.fi\/en\/wp-json\/wp\/v2\/product_brand?post=2901"},{"taxonomy":"product_cat","embeddable":true,"href":"https:\/\/hovikulta.fi\/en\/wp-json\/wp\/v2\/product_cat?post=2901"},{"taxonomy":"product_tag","embeddable":true,"href":"https:\/\/hovikulta.fi\/en\/wp-json\/wp\/v2\/product_tag?post=2901"}],"curies":[{"name":"wp","href":"https:\/\/api.w.org\/{rel}","templated":true}]}}