{"id":2979,"date":"2015-01-30T10:51:24","date_gmt":"2015-01-30T10:51:24","guid":{"rendered":"https:\/\/hovikulta.fi\/?product=gold-ring-with-3-garnets"},"modified":"2018-09-03T11:49:59","modified_gmt":"2018-09-03T11:49:59","slug":"gold-ring-with-3-garnets","status":"publish","type":"product","link":"https:\/\/hovikulta.fi\/en\/store\/rings\/gold-rings\/gold-ring-with-3-garnets\/","title":{"rendered":"Gold ring with 3 garnets"},"content":{"rendered":"<p>Rivitgranaattisormus omaa valmistusta. Runko 18 karaatin keltakultaa, malli kapenee hiukan alasp\u00e4in, leveys p\u00e4\u00e4lt\u00e4 n. 3 mm ja alaosasta n. 2,5 mm. Aidot granaattikivet ovat halkaisijaltaan n. 3 mm. Korun mukana tulee aitoustodistus. Muistathan ilmoittaa kokosi tilauksen yhteydess\u00e4.<\/p>\n","protected":false},"excerpt":{"rendered":"<p>Rivitgranaattisormus omaa valmistusta. Runko 18 karaatin keltakultaa, malli kapenee hiukan alasp\u00e4in, leveys p\u00e4\u00e4lt\u00e4 n. 3 mm ja alaosasta n. 2,5 mm. Aidot granaattikivet ovat halkaisijaltaan n. 3 mm. Korun mukana tulee aitoustodistus. Muistathan ilmoittaa kokosi tilauksen yhteydess\u00e4.<\/p>\n","protected":false},"featured_media":2976,"comment_status":"open","ping_status":"closed","template":"","meta":{"_acf_changed":false},"product_brand":[1384],"product_cat":[1340,1330],"product_tag":[],"class_list":{"0":"post-2979","1":"product","2":"type-product","3":"status-publish","4":"has-post-thumbnail","6":"product_brand-hovikulta-oy-en","7":"product_cat-gold-rings","8":"product_cat-rings","10":"first","11":"instock","12":"sold-individually","13":"taxable","14":"shipping-taxable","15":"purchasable","16":"product-type-simple"},"acf":[],"yoast_head":"<!-- This site is optimized with the Yoast SEO plugin v27.5 - https:\/\/yoast.com\/product\/yoast-seo-wordpress\/ -->\n<title>Kultasepp&auml; Hovikulta Oy, Turku &ndash; Kellot, korut ja kihlat - Gold ring with 3 garnets<\/title>\n<meta name=\"robots\" content=\"index, follow, max-snippet:-1, max-image-preview:large, max-video-preview:-1\" \/>\n<link rel=\"canonical\" href=\"https:\/\/hovikulta.fi\/en\/store\/rings\/gold-rings\/gold-ring-with-3-garnets\/\" \/>\n<meta property=\"og:locale\" content=\"en_US\" \/>\n<meta property=\"og:type\" content=\"article\" \/>\n<meta property=\"og:title\" content=\"Kultasepp&auml; Hovikulta Oy, Turku &ndash; Kellot, korut ja kihlat - Gold ring with 3 garnets\" \/>\n<meta property=\"og:description\" content=\"Rivitgranaattisormus omaa valmistusta. Runko 18 karaatin keltakultaa, malli kapenee hiukan alasp\u00e4in, leveys p\u00e4\u00e4lt\u00e4 n. 3 mm ja alaosasta n. 2,5 mm. Aidot granaattikivet ovat halkaisijaltaan n. 3 mm. Korun mukana tulee aitoustodistus. Muistathan ilmoittaa kokosi tilauksen yhteydess\u00e4.\" \/>\n<meta property=\"og:url\" content=\"https:\/\/hovikulta.fi\/en\/store\/rings\/gold-rings\/gold-ring-with-3-garnets\/\" \/>\n<meta property=\"og:site_name\" content=\"Kultasepp&auml; Hovikulta Oy, Turku &ndash; Kellot, korut ja kihlat\" \/>\n<meta property=\"article:modified_time\" content=\"2018-09-03T11:49:59+00:00\" \/>\n<meta property=\"og:image\" content=\"https:\/\/hovikulta.fi\/wp-content\/uploads\/catalog\/product\/granaatti.jpg\" \/>\n\t<meta property=\"og:image:width\" content=\"600\" \/>\n\t<meta property=\"og:image:height\" content=\"600\" \/>\n\t<meta property=\"og:image:type\" content=\"image\/jpeg\" \/>\n<meta name=\"twitter:card\" content=\"summary_large_image\" \/>\n<script type=\"application\/ld+json\" class=\"yoast-schema-graph\">{\"@context\":\"https:\\\/\\\/schema.org\",\"@graph\":[{\"@type\":\"WebPage\",\"@id\":\"https:\\\/\\\/hovikulta.fi\\\/en\\\/store\\\/rings\\\/gold-rings\\\/gold-ring-with-3-garnets\\\/\",\"url\":\"https:\\\/\\\/hovikulta.fi\\\/en\\\/store\\\/rings\\\/gold-rings\\\/gold-ring-with-3-garnets\\\/\",\"name\":\"Kultasepp&auml; Hovikulta Oy, Turku &ndash; Kellot, korut ja kihlat - Gold ring with 3 garnets\",\"isPartOf\":{\"@id\":\"https:\\\/\\\/hovikulta.fi\\\/#website\"},\"primaryImageOfPage\":{\"@id\":\"https:\\\/\\\/hovikulta.fi\\\/en\\\/store\\\/rings\\\/gold-rings\\\/gold-ring-with-3-garnets\\\/#primaryimage\"},\"image\":{\"@id\":\"https:\\\/\\\/hovikulta.fi\\\/en\\\/store\\\/rings\\\/gold-rings\\\/gold-ring-with-3-garnets\\\/#primaryimage\"},\"thumbnailUrl\":\"https:\\\/\\\/hovikulta.fi\\\/wp-content\\\/uploads\\\/catalog\\\/product\\\/granaatti.jpg\",\"datePublished\":\"2015-01-30T10:51:24+00:00\",\"dateModified\":\"2018-09-03T11:49:59+00:00\",\"breadcrumb\":{\"@id\":\"https:\\\/\\\/hovikulta.fi\\\/en\\\/store\\\/rings\\\/gold-rings\\\/gold-ring-with-3-garnets\\\/#breadcrumb\"},\"inLanguage\":\"en-US\",\"potentialAction\":[{\"@type\":\"ReadAction\",\"target\":[\"https:\\\/\\\/hovikulta.fi\\\/en\\\/store\\\/rings\\\/gold-rings\\\/gold-ring-with-3-garnets\\\/\"]}]},{\"@type\":\"ImageObject\",\"inLanguage\":\"en-US\",\"@id\":\"https:\\\/\\\/hovikulta.fi\\\/en\\\/store\\\/rings\\\/gold-rings\\\/gold-ring-with-3-garnets\\\/#primaryimage\",\"url\":\"https:\\\/\\\/hovikulta.fi\\\/wp-content\\\/uploads\\\/catalog\\\/product\\\/granaatti.jpg\",\"contentUrl\":\"https:\\\/\\\/hovikulta.fi\\\/wp-content\\\/uploads\\\/catalog\\\/product\\\/granaatti.jpg\",\"width\":600,\"height\":600},{\"@type\":\"BreadcrumbList\",\"@id\":\"https:\\\/\\\/hovikulta.fi\\\/en\\\/store\\\/rings\\\/gold-rings\\\/gold-ring-with-3-garnets\\\/#breadcrumb\",\"itemListElement\":[{\"@type\":\"ListItem\",\"position\":1,\"name\":\"Home\",\"item\":\"https:\\\/\\\/hovikulta.fi\\\/en\\\/\"},{\"@type\":\"ListItem\",\"position\":2,\"name\":\"Store\",\"item\":\"https:\\\/\\\/hovikulta.fi\\\/en\\\/store\\\/\"},{\"@type\":\"ListItem\",\"position\":3,\"name\":\"Gold ring with 3 garnets\"}]},{\"@type\":\"WebSite\",\"@id\":\"https:\\\/\\\/hovikulta.fi\\\/#website\",\"url\":\"https:\\\/\\\/hovikulta.fi\\\/\",\"name\":\"Kultasepp&auml; Hovikulta Oy, Turku &ndash; Kellot, korut ja kihlat\",\"description\":\"\",\"potentialAction\":[{\"@type\":\"SearchAction\",\"target\":{\"@type\":\"EntryPoint\",\"urlTemplate\":\"https:\\\/\\\/hovikulta.fi\\\/?s={search_term_string}\"},\"query-input\":{\"@type\":\"PropertyValueSpecification\",\"valueRequired\":true,\"valueName\":\"search_term_string\"}}],\"inLanguage\":\"en-US\"}]}<\/script>\n<!-- \/ Yoast SEO plugin. -->","yoast_head_json":{"title":"Kultasepp&auml; Hovikulta Oy, Turku &ndash; Kellot, korut ja kihlat - Gold ring with 3 garnets","robots":{"index":"index","follow":"follow","max-snippet":"max-snippet:-1","max-image-preview":"max-image-preview:large","max-video-preview":"max-video-preview:-1"},"canonical":"https:\/\/hovikulta.fi\/en\/store\/rings\/gold-rings\/gold-ring-with-3-garnets\/","og_locale":"en_US","og_type":"article","og_title":"Kultasepp&auml; Hovikulta Oy, Turku &ndash; Kellot, korut ja kihlat - Gold ring with 3 garnets","og_description":"Rivitgranaattisormus omaa valmistusta. Runko 18 karaatin keltakultaa, malli kapenee hiukan alasp\u00e4in, leveys p\u00e4\u00e4lt\u00e4 n. 3 mm ja alaosasta n. 2,5 mm. Aidot granaattikivet ovat halkaisijaltaan n. 3 mm. Korun mukana tulee aitoustodistus. Muistathan ilmoittaa kokosi tilauksen yhteydess\u00e4.","og_url":"https:\/\/hovikulta.fi\/en\/store\/rings\/gold-rings\/gold-ring-with-3-garnets\/","og_site_name":"Kultasepp&auml; Hovikulta Oy, Turku &ndash; Kellot, korut ja kihlat","article_modified_time":"2018-09-03T11:49:59+00:00","og_image":[{"width":600,"height":600,"url":"https:\/\/hovikulta.fi\/wp-content\/uploads\/catalog\/product\/granaatti.jpg","type":"image\/jpeg"}],"twitter_card":"summary_large_image","schema":{"@context":"https:\/\/schema.org","@graph":[{"@type":"WebPage","@id":"https:\/\/hovikulta.fi\/en\/store\/rings\/gold-rings\/gold-ring-with-3-garnets\/","url":"https:\/\/hovikulta.fi\/en\/store\/rings\/gold-rings\/gold-ring-with-3-garnets\/","name":"Kultasepp&auml; Hovikulta Oy, Turku &ndash; Kellot, korut ja kihlat - Gold ring with 3 garnets","isPartOf":{"@id":"https:\/\/hovikulta.fi\/#website"},"primaryImageOfPage":{"@id":"https:\/\/hovikulta.fi\/en\/store\/rings\/gold-rings\/gold-ring-with-3-garnets\/#primaryimage"},"image":{"@id":"https:\/\/hovikulta.fi\/en\/store\/rings\/gold-rings\/gold-ring-with-3-garnets\/#primaryimage"},"thumbnailUrl":"https:\/\/hovikulta.fi\/wp-content\/uploads\/catalog\/product\/granaatti.jpg","datePublished":"2015-01-30T10:51:24+00:00","dateModified":"2018-09-03T11:49:59+00:00","breadcrumb":{"@id":"https:\/\/hovikulta.fi\/en\/store\/rings\/gold-rings\/gold-ring-with-3-garnets\/#breadcrumb"},"inLanguage":"en-US","potentialAction":[{"@type":"ReadAction","target":["https:\/\/hovikulta.fi\/en\/store\/rings\/gold-rings\/gold-ring-with-3-garnets\/"]}]},{"@type":"ImageObject","inLanguage":"en-US","@id":"https:\/\/hovikulta.fi\/en\/store\/rings\/gold-rings\/gold-ring-with-3-garnets\/#primaryimage","url":"https:\/\/hovikulta.fi\/wp-content\/uploads\/catalog\/product\/granaatti.jpg","contentUrl":"https:\/\/hovikulta.fi\/wp-content\/uploads\/catalog\/product\/granaatti.jpg","width":600,"height":600},{"@type":"BreadcrumbList","@id":"https:\/\/hovikulta.fi\/en\/store\/rings\/gold-rings\/gold-ring-with-3-garnets\/#breadcrumb","itemListElement":[{"@type":"ListItem","position":1,"name":"Home","item":"https:\/\/hovikulta.fi\/en\/"},{"@type":"ListItem","position":2,"name":"Store","item":"https:\/\/hovikulta.fi\/en\/store\/"},{"@type":"ListItem","position":3,"name":"Gold ring with 3 garnets"}]},{"@type":"WebSite","@id":"https:\/\/hovikulta.fi\/#website","url":"https:\/\/hovikulta.fi\/","name":"Kultasepp&auml; Hovikulta Oy, Turku &ndash; Kellot, korut ja kihlat","description":"","potentialAction":[{"@type":"SearchAction","target":{"@type":"EntryPoint","urlTemplate":"https:\/\/hovikulta.fi\/?s={search_term_string}"},"query-input":{"@type":"PropertyValueSpecification","valueRequired":true,"valueName":"search_term_string"}}],"inLanguage":"en-US"}]}},"_links":{"self":[{"href":"https:\/\/hovikulta.fi\/en\/wp-json\/wp\/v2\/product\/2979","targetHints":{"allow":["GET"]}}],"collection":[{"href":"https:\/\/hovikulta.fi\/en\/wp-json\/wp\/v2\/product"}],"about":[{"href":"https:\/\/hovikulta.fi\/en\/wp-json\/wp\/v2\/types\/product"}],"replies":[{"embeddable":true,"href":"https:\/\/hovikulta.fi\/en\/wp-json\/wp\/v2\/comments?post=2979"}],"wp:featuredmedia":[{"embeddable":true,"href":"https:\/\/hovikulta.fi\/en\/wp-json\/wp\/v2\/media\/2976"}],"wp:attachment":[{"href":"https:\/\/hovikulta.fi\/en\/wp-json\/wp\/v2\/media?parent=2979"}],"wp:term":[{"taxonomy":"product_brand","embeddable":true,"href":"https:\/\/hovikulta.fi\/en\/wp-json\/wp\/v2\/product_brand?post=2979"},{"taxonomy":"product_cat","embeddable":true,"href":"https:\/\/hovikulta.fi\/en\/wp-json\/wp\/v2\/product_cat?post=2979"},{"taxonomy":"product_tag","embeddable":true,"href":"https:\/\/hovikulta.fi\/en\/wp-json\/wp\/v2\/product_tag?post=2979"}],"curies":[{"name":"wp","href":"https:\/\/api.w.org\/{rel}","templated":true}]}}