{"id":3199,"date":"2015-11-03T10:00:58","date_gmt":"2015-11-03T10:00:58","guid":{"rendered":"https:\/\/hovikulta.fi\/?product=whitegolden-earings-with-amethyst-and-diamonds"},"modified":"2015-11-03T10:14:40","modified_gmt":"2015-11-03T10:14:40","slug":"whitegolden-earings-with-amethyst-and-diamonds","status":"publish","type":"product","link":"https:\/\/hovikulta.fi\/en\/store\/earrings\/diamond-earrings\/whitegolden-earings-with-amethyst-and-diamonds\/","title":{"rendered":"Whitegolden earings with amethyst and diamonds"},"content":{"rendered":"<p>Hienot valkokultaiset korvakorut aidoilla ametisteilla, joita ymp\u00e4r\u00f6iv\u00e4t pienet timantit. Timantteja on yhteens\u00e4 24kpl ja niiden yhteispaino on 0,05ct W Si. Ametistien paino on yht. 0,65ct. Ametisteissa on kaunis vahva v\u00e4ri. Timantit on istutettu 14 karaatin valkokultaa my\u00f6s tappi ja taustat ovat valkokultaa.Valmistuttaja on Paletti Jewelry.<\/p>\n<div id=\"stcpDiv\" style=\"position: absolute; top: -1999px; left: -1988px;\">0,31 karaatin timanttisormus omaa valmistusta. Runko 18 karaatin keltakultaa jossa 0,31 karaatin wesselton \/ si laatuinen timantti. &#8211; See more at: http:\/\/kauppa.hovikulta.fi\/sormukset?product_id=51#sthash.TEwGZ3wB.dpuf<\/div>\n<div id=\"stcpDiv\" style=\"position: absolute; top: -1999px; left: -1988px;\">0,31 karaatin timanttisormus omaa valmistusta. Runko 18 karaatin keltakultaa jossa 0,31 karaatin wesselton \/ si laatuinen timantti. &#8211; See more at: http:\/\/kauppa.hovikulta.fi\/sormukset?product_id=51#sthash.TEwGZ3wB.dpuf<\/div>\n","protected":false},"excerpt":{"rendered":"<p>Hienot valkokultaiset korvakorut aidoilla ametisteilla, joita ymp\u00e4r\u00f6iv\u00e4t pienet timantit. Timantteja on yhteens\u00e4 24kpl ja niiden yhteispaino on 0,05ct W Si. Ametistien paino on yht. 0,65ct. Ametisteissa on kaunis vahva v\u00e4ri. Timantit on istutettu 14 karaatin valkokultaa my\u00f6s tappi ja taustat ovat valkokultaa.Valmistuttaja on Paletti Jewelry. 0,31 karaatin timanttisormus omaa valmistusta. Runko 18 karaatin keltakultaa jossa&hellip;<\/p>\n","protected":false},"featured_media":3196,"comment_status":"open","ping_status":"closed","template":"","meta":{"_acf_changed":false},"product_brand":[1314],"product_cat":[1338,1346,1342],"product_tag":[],"class_list":{"0":"post-3199","1":"product","2":"type-product","3":"status-publish","4":"has-post-thumbnail","6":"product_brand-paletti-jewelry","7":"product_cat-classic-jewelry-and-gift-items","8":"product_cat-diamond-earrings","9":"product_cat-earrings","11":"first","12":"instock","13":"sold-individually","14":"taxable","15":"shipping-taxable","16":"purchasable","17":"product-type-simple"},"acf":[],"yoast_head":"<!-- This site is optimized with the Yoast SEO plugin v27.4 - https:\/\/yoast.com\/product\/yoast-seo-wordpress\/ -->\n<title>Kultasepp&auml; Hovikulta Oy, Turku &ndash; Kellot, korut ja kihlat - Whitegolden earings with amethyst and diamonds<\/title>\n<meta name=\"robots\" content=\"index, follow, max-snippet:-1, max-image-preview:large, max-video-preview:-1\" \/>\n<link rel=\"canonical\" href=\"https:\/\/hovikulta.fi\/en\/store\/earrings\/diamond-earrings\/whitegolden-earings-with-amethyst-and-diamonds\/\" \/>\n<meta property=\"og:locale\" content=\"en_US\" \/>\n<meta property=\"og:type\" content=\"article\" \/>\n<meta property=\"og:title\" content=\"Kultasepp&auml; Hovikulta Oy, Turku &ndash; Kellot, korut ja kihlat - Whitegolden earings with amethyst and diamonds\" \/>\n<meta property=\"og:description\" content=\"Hienot valkokultaiset korvakorut aidoilla ametisteilla, joita ymp\u00e4r\u00f6iv\u00e4t pienet timantit. Timantteja on yhteens\u00e4 24kpl ja niiden yhteispaino on 0,05ct W Si. Ametistien paino on yht. 0,65ct. Ametisteissa on kaunis vahva v\u00e4ri. Timantit on istutettu 14 karaatin valkokultaa my\u00f6s tappi ja taustat ovat valkokultaa.Valmistuttaja on Paletti Jewelry. 0,31 karaatin timanttisormus omaa valmistusta. Runko 18 karaatin keltakultaa jossa&hellip;\" \/>\n<meta property=\"og:url\" content=\"https:\/\/hovikulta.fi\/en\/store\/earrings\/diamond-earrings\/whitegolden-earings-with-amethyst-and-diamonds\/\" \/>\n<meta property=\"og:site_name\" content=\"Kultasepp&auml; Hovikulta Oy, Turku &ndash; Kellot, korut ja kihlat\" \/>\n<meta property=\"article:modified_time\" content=\"2015-11-03T10:14:40+00:00\" \/>\n<meta property=\"og:image\" content=\"https:\/\/hovikulta.fi\/wp-content\/uploads\/catalog\/product\/PALkovkameti005.jpg\" \/>\n\t<meta property=\"og:image:width\" content=\"600\" \/>\n\t<meta property=\"og:image:height\" content=\"600\" \/>\n\t<meta property=\"og:image:type\" content=\"image\/jpeg\" \/>\n<meta name=\"twitter:card\" content=\"summary_large_image\" \/>\n<meta name=\"twitter:label1\" content=\"Est. reading time\" \/>\n\t<meta name=\"twitter:data1\" content=\"1 minute\" \/>\n<script type=\"application\/ld+json\" class=\"yoast-schema-graph\">{\"@context\":\"https:\\\/\\\/schema.org\",\"@graph\":[{\"@type\":\"WebPage\",\"@id\":\"https:\\\/\\\/hovikulta.fi\\\/en\\\/store\\\/earrings\\\/diamond-earrings\\\/whitegolden-earings-with-amethyst-and-diamonds\\\/\",\"url\":\"https:\\\/\\\/hovikulta.fi\\\/en\\\/store\\\/earrings\\\/diamond-earrings\\\/whitegolden-earings-with-amethyst-and-diamonds\\\/\",\"name\":\"Kultasepp&auml; Hovikulta Oy, Turku &ndash; Kellot, korut ja kihlat - Whitegolden earings with amethyst and diamonds\",\"isPartOf\":{\"@id\":\"https:\\\/\\\/hovikulta.fi\\\/#website\"},\"primaryImageOfPage\":{\"@id\":\"https:\\\/\\\/hovikulta.fi\\\/en\\\/store\\\/earrings\\\/diamond-earrings\\\/whitegolden-earings-with-amethyst-and-diamonds\\\/#primaryimage\"},\"image\":{\"@id\":\"https:\\\/\\\/hovikulta.fi\\\/en\\\/store\\\/earrings\\\/diamond-earrings\\\/whitegolden-earings-with-amethyst-and-diamonds\\\/#primaryimage\"},\"thumbnailUrl\":\"https:\\\/\\\/hovikulta.fi\\\/wp-content\\\/uploads\\\/catalog\\\/product\\\/PALkovkameti005.jpg\",\"datePublished\":\"2015-11-03T10:00:58+00:00\",\"dateModified\":\"2015-11-03T10:14:40+00:00\",\"breadcrumb\":{\"@id\":\"https:\\\/\\\/hovikulta.fi\\\/en\\\/store\\\/earrings\\\/diamond-earrings\\\/whitegolden-earings-with-amethyst-and-diamonds\\\/#breadcrumb\"},\"inLanguage\":\"en-US\",\"potentialAction\":[{\"@type\":\"ReadAction\",\"target\":[\"https:\\\/\\\/hovikulta.fi\\\/en\\\/store\\\/earrings\\\/diamond-earrings\\\/whitegolden-earings-with-amethyst-and-diamonds\\\/\"]}]},{\"@type\":\"ImageObject\",\"inLanguage\":\"en-US\",\"@id\":\"https:\\\/\\\/hovikulta.fi\\\/en\\\/store\\\/earrings\\\/diamond-earrings\\\/whitegolden-earings-with-amethyst-and-diamonds\\\/#primaryimage\",\"url\":\"https:\\\/\\\/hovikulta.fi\\\/wp-content\\\/uploads\\\/catalog\\\/product\\\/PALkovkameti005.jpg\",\"contentUrl\":\"https:\\\/\\\/hovikulta.fi\\\/wp-content\\\/uploads\\\/catalog\\\/product\\\/PALkovkameti005.jpg\",\"width\":600,\"height\":600},{\"@type\":\"BreadcrumbList\",\"@id\":\"https:\\\/\\\/hovikulta.fi\\\/en\\\/store\\\/earrings\\\/diamond-earrings\\\/whitegolden-earings-with-amethyst-and-diamonds\\\/#breadcrumb\",\"itemListElement\":[{\"@type\":\"ListItem\",\"position\":1,\"name\":\"Home\",\"item\":\"https:\\\/\\\/hovikulta.fi\\\/en\\\/\"},{\"@type\":\"ListItem\",\"position\":2,\"name\":\"Store\",\"item\":\"https:\\\/\\\/hovikulta.fi\\\/en\\\/store\\\/\"},{\"@type\":\"ListItem\",\"position\":3,\"name\":\"Whitegolden earings with amethyst and diamonds\"}]},{\"@type\":\"WebSite\",\"@id\":\"https:\\\/\\\/hovikulta.fi\\\/#website\",\"url\":\"https:\\\/\\\/hovikulta.fi\\\/\",\"name\":\"Kultasepp&auml; Hovikulta Oy, Turku &ndash; Kellot, korut ja kihlat\",\"description\":\"\",\"potentialAction\":[{\"@type\":\"SearchAction\",\"target\":{\"@type\":\"EntryPoint\",\"urlTemplate\":\"https:\\\/\\\/hovikulta.fi\\\/?s={search_term_string}\"},\"query-input\":{\"@type\":\"PropertyValueSpecification\",\"valueRequired\":true,\"valueName\":\"search_term_string\"}}],\"inLanguage\":\"en-US\"}]}<\/script>\n<!-- \/ Yoast SEO plugin. -->","yoast_head_json":{"title":"Kultasepp&auml; Hovikulta Oy, Turku &ndash; Kellot, korut ja kihlat - Whitegolden earings with amethyst and diamonds","robots":{"index":"index","follow":"follow","max-snippet":"max-snippet:-1","max-image-preview":"max-image-preview:large","max-video-preview":"max-video-preview:-1"},"canonical":"https:\/\/hovikulta.fi\/en\/store\/earrings\/diamond-earrings\/whitegolden-earings-with-amethyst-and-diamonds\/","og_locale":"en_US","og_type":"article","og_title":"Kultasepp&auml; Hovikulta Oy, Turku &ndash; Kellot, korut ja kihlat - Whitegolden earings with amethyst and diamonds","og_description":"Hienot valkokultaiset korvakorut aidoilla ametisteilla, joita ymp\u00e4r\u00f6iv\u00e4t pienet timantit. Timantteja on yhteens\u00e4 24kpl ja niiden yhteispaino on 0,05ct W Si. Ametistien paino on yht. 0,65ct. Ametisteissa on kaunis vahva v\u00e4ri. Timantit on istutettu 14 karaatin valkokultaa my\u00f6s tappi ja taustat ovat valkokultaa.Valmistuttaja on Paletti Jewelry. 0,31 karaatin timanttisormus omaa valmistusta. Runko 18 karaatin keltakultaa jossa&hellip;","og_url":"https:\/\/hovikulta.fi\/en\/store\/earrings\/diamond-earrings\/whitegolden-earings-with-amethyst-and-diamonds\/","og_site_name":"Kultasepp&auml; Hovikulta Oy, Turku &ndash; Kellot, korut ja kihlat","article_modified_time":"2015-11-03T10:14:40+00:00","og_image":[{"width":600,"height":600,"url":"https:\/\/hovikulta.fi\/wp-content\/uploads\/catalog\/product\/PALkovkameti005.jpg","type":"image\/jpeg"}],"twitter_card":"summary_large_image","twitter_misc":{"Est. reading time":"1 minute"},"schema":{"@context":"https:\/\/schema.org","@graph":[{"@type":"WebPage","@id":"https:\/\/hovikulta.fi\/en\/store\/earrings\/diamond-earrings\/whitegolden-earings-with-amethyst-and-diamonds\/","url":"https:\/\/hovikulta.fi\/en\/store\/earrings\/diamond-earrings\/whitegolden-earings-with-amethyst-and-diamonds\/","name":"Kultasepp&auml; Hovikulta Oy, Turku &ndash; Kellot, korut ja kihlat - Whitegolden earings with amethyst and diamonds","isPartOf":{"@id":"https:\/\/hovikulta.fi\/#website"},"primaryImageOfPage":{"@id":"https:\/\/hovikulta.fi\/en\/store\/earrings\/diamond-earrings\/whitegolden-earings-with-amethyst-and-diamonds\/#primaryimage"},"image":{"@id":"https:\/\/hovikulta.fi\/en\/store\/earrings\/diamond-earrings\/whitegolden-earings-with-amethyst-and-diamonds\/#primaryimage"},"thumbnailUrl":"https:\/\/hovikulta.fi\/wp-content\/uploads\/catalog\/product\/PALkovkameti005.jpg","datePublished":"2015-11-03T10:00:58+00:00","dateModified":"2015-11-03T10:14:40+00:00","breadcrumb":{"@id":"https:\/\/hovikulta.fi\/en\/store\/earrings\/diamond-earrings\/whitegolden-earings-with-amethyst-and-diamonds\/#breadcrumb"},"inLanguage":"en-US","potentialAction":[{"@type":"ReadAction","target":["https:\/\/hovikulta.fi\/en\/store\/earrings\/diamond-earrings\/whitegolden-earings-with-amethyst-and-diamonds\/"]}]},{"@type":"ImageObject","inLanguage":"en-US","@id":"https:\/\/hovikulta.fi\/en\/store\/earrings\/diamond-earrings\/whitegolden-earings-with-amethyst-and-diamonds\/#primaryimage","url":"https:\/\/hovikulta.fi\/wp-content\/uploads\/catalog\/product\/PALkovkameti005.jpg","contentUrl":"https:\/\/hovikulta.fi\/wp-content\/uploads\/catalog\/product\/PALkovkameti005.jpg","width":600,"height":600},{"@type":"BreadcrumbList","@id":"https:\/\/hovikulta.fi\/en\/store\/earrings\/diamond-earrings\/whitegolden-earings-with-amethyst-and-diamonds\/#breadcrumb","itemListElement":[{"@type":"ListItem","position":1,"name":"Home","item":"https:\/\/hovikulta.fi\/en\/"},{"@type":"ListItem","position":2,"name":"Store","item":"https:\/\/hovikulta.fi\/en\/store\/"},{"@type":"ListItem","position":3,"name":"Whitegolden earings with amethyst and diamonds"}]},{"@type":"WebSite","@id":"https:\/\/hovikulta.fi\/#website","url":"https:\/\/hovikulta.fi\/","name":"Kultasepp&auml; Hovikulta Oy, Turku &ndash; Kellot, korut ja kihlat","description":"","potentialAction":[{"@type":"SearchAction","target":{"@type":"EntryPoint","urlTemplate":"https:\/\/hovikulta.fi\/?s={search_term_string}"},"query-input":{"@type":"PropertyValueSpecification","valueRequired":true,"valueName":"search_term_string"}}],"inLanguage":"en-US"}]}},"_links":{"self":[{"href":"https:\/\/hovikulta.fi\/en\/wp-json\/wp\/v2\/product\/3199","targetHints":{"allow":["GET"]}}],"collection":[{"href":"https:\/\/hovikulta.fi\/en\/wp-json\/wp\/v2\/product"}],"about":[{"href":"https:\/\/hovikulta.fi\/en\/wp-json\/wp\/v2\/types\/product"}],"replies":[{"embeddable":true,"href":"https:\/\/hovikulta.fi\/en\/wp-json\/wp\/v2\/comments?post=3199"}],"wp:featuredmedia":[{"embeddable":true,"href":"https:\/\/hovikulta.fi\/en\/wp-json\/wp\/v2\/media\/3196"}],"wp:attachment":[{"href":"https:\/\/hovikulta.fi\/en\/wp-json\/wp\/v2\/media?parent=3199"}],"wp:term":[{"taxonomy":"product_brand","embeddable":true,"href":"https:\/\/hovikulta.fi\/en\/wp-json\/wp\/v2\/product_brand?post=3199"},{"taxonomy":"product_cat","embeddable":true,"href":"https:\/\/hovikulta.fi\/en\/wp-json\/wp\/v2\/product_cat?post=3199"},{"taxonomy":"product_tag","embeddable":true,"href":"https:\/\/hovikulta.fi\/en\/wp-json\/wp\/v2\/product_tag?post=3199"}],"curies":[{"name":"wp","href":"https:\/\/api.w.org\/{rel}","templated":true}]}}