{"id":3280,"date":"2015-11-13T13:23:51","date_gmt":"2015-11-13T13:23:51","guid":{"rendered":"https:\/\/hovikulta.fi\/?product=golden-7-mm-pearl-earrings"},"modified":"2018-12-19T13:26:52","modified_gmt":"2018-12-19T13:26:52","slug":"golden-7-mm-pearl-earrings","status":"publish","type":"product","link":"https:\/\/hovikulta.fi\/en\/store\/earrings\/gold-earrings\/golden-7-mm-pearl-earrings\/","title":{"rendered":"Golden 7 mm pearl earrings"},"content":{"rendered":"<p>Klassiset helmikorvakorut&nbsp; ovat kotimaista k\u00e4sity\u00f6t\u00e4, 7 mm viljellyt helmet ovat keltakultakruunussa, joka on 14 karatin kultaa. Ajaton kaunis malli, joka sopii kaikille. Valmistaja Hyv\u00e4rinen Oy.<\/p>\n","protected":false},"excerpt":{"rendered":"<p>Klassiset helmikorvakorut&nbsp; ovat kotimaista k\u00e4sity\u00f6t\u00e4, 7 mm viljellyt helmet ovat keltakultakruunussa, joka on 14 karatin kultaa. Ajaton kaunis malli, joka sopii kaikille. Valmistaja Hyv\u00e4rinen Oy.<\/p>\n","protected":false},"featured_media":3277,"comment_status":"open","ping_status":"closed","template":"","meta":{"_acf_changed":false},"product_brand":[1382],"product_cat":[1342,1348],"product_tag":[],"class_list":{"0":"post-3280","1":"product","2":"type-product","3":"status-publish","4":"has-post-thumbnail","6":"product_brand-hyvarinen-oy-en","7":"product_cat-earrings","8":"product_cat-gold-earrings","10":"first","11":"outofstock","12":"sold-individually","13":"taxable","14":"shipping-taxable","15":"purchasable","16":"product-type-simple"},"acf":[],"yoast_head":"<!-- This site is optimized with the Yoast SEO plugin v27.4 - https:\/\/yoast.com\/product\/yoast-seo-wordpress\/ -->\n<title>Kultasepp&auml; Hovikulta Oy, Turku &ndash; Kellot, korut ja kihlat - Golden 7 mm pearl earrings<\/title>\n<meta name=\"robots\" content=\"index, follow, max-snippet:-1, max-image-preview:large, max-video-preview:-1\" \/>\n<link rel=\"canonical\" href=\"https:\/\/hovikulta.fi\/en\/store\/earrings\/gold-earrings\/golden-7-mm-pearl-earrings\/\" \/>\n<meta property=\"og:locale\" content=\"en_US\" \/>\n<meta property=\"og:type\" content=\"article\" \/>\n<meta property=\"og:title\" content=\"Kultasepp&auml; Hovikulta Oy, Turku &ndash; Kellot, korut ja kihlat - Golden 7 mm pearl earrings\" \/>\n<meta property=\"og:description\" content=\"Klassiset helmikorvakorut&nbsp; ovat kotimaista k\u00e4sity\u00f6t\u00e4, 7 mm viljellyt helmet ovat keltakultakruunussa, joka on 14 karatin kultaa. Ajaton kaunis malli, joka sopii kaikille. Valmistaja Hyv\u00e4rinen Oy.\" \/>\n<meta property=\"og:url\" content=\"https:\/\/hovikulta.fi\/en\/store\/earrings\/gold-earrings\/golden-7-mm-pearl-earrings\/\" \/>\n<meta property=\"og:site_name\" content=\"Kultasepp&auml; Hovikulta Oy, Turku &ndash; Kellot, korut ja kihlat\" \/>\n<meta property=\"article:modified_time\" content=\"2018-12-19T13:26:52+00:00\" \/>\n<meta property=\"og:image\" content=\"https:\/\/hovikulta.fi\/wp-content\/uploads\/catalog\/product\/HYkokkhelmi6mm.jpg\" \/>\n\t<meta property=\"og:image:width\" content=\"600\" \/>\n\t<meta property=\"og:image:height\" content=\"600\" \/>\n\t<meta property=\"og:image:type\" content=\"image\/jpeg\" \/>\n<meta name=\"twitter:card\" content=\"summary_large_image\" \/>\n<script type=\"application\/ld+json\" class=\"yoast-schema-graph\">{\"@context\":\"https:\\\/\\\/schema.org\",\"@graph\":[{\"@type\":\"WebPage\",\"@id\":\"https:\\\/\\\/hovikulta.fi\\\/en\\\/store\\\/earrings\\\/gold-earrings\\\/golden-7-mm-pearl-earrings\\\/\",\"url\":\"https:\\\/\\\/hovikulta.fi\\\/en\\\/store\\\/earrings\\\/gold-earrings\\\/golden-7-mm-pearl-earrings\\\/\",\"name\":\"Kultasepp&auml; Hovikulta Oy, Turku &ndash; Kellot, korut ja kihlat - Golden 7 mm pearl earrings\",\"isPartOf\":{\"@id\":\"https:\\\/\\\/hovikulta.fi\\\/#website\"},\"primaryImageOfPage\":{\"@id\":\"https:\\\/\\\/hovikulta.fi\\\/en\\\/store\\\/earrings\\\/gold-earrings\\\/golden-7-mm-pearl-earrings\\\/#primaryimage\"},\"image\":{\"@id\":\"https:\\\/\\\/hovikulta.fi\\\/en\\\/store\\\/earrings\\\/gold-earrings\\\/golden-7-mm-pearl-earrings\\\/#primaryimage\"},\"thumbnailUrl\":\"https:\\\/\\\/hovikulta.fi\\\/wp-content\\\/uploads\\\/catalog\\\/product\\\/HYkokkhelmi6mm.jpg\",\"datePublished\":\"2015-11-13T13:23:51+00:00\",\"dateModified\":\"2018-12-19T13:26:52+00:00\",\"breadcrumb\":{\"@id\":\"https:\\\/\\\/hovikulta.fi\\\/en\\\/store\\\/earrings\\\/gold-earrings\\\/golden-7-mm-pearl-earrings\\\/#breadcrumb\"},\"inLanguage\":\"en-US\",\"potentialAction\":[{\"@type\":\"ReadAction\",\"target\":[\"https:\\\/\\\/hovikulta.fi\\\/en\\\/store\\\/earrings\\\/gold-earrings\\\/golden-7-mm-pearl-earrings\\\/\"]}]},{\"@type\":\"ImageObject\",\"inLanguage\":\"en-US\",\"@id\":\"https:\\\/\\\/hovikulta.fi\\\/en\\\/store\\\/earrings\\\/gold-earrings\\\/golden-7-mm-pearl-earrings\\\/#primaryimage\",\"url\":\"https:\\\/\\\/hovikulta.fi\\\/wp-content\\\/uploads\\\/catalog\\\/product\\\/HYkokkhelmi6mm.jpg\",\"contentUrl\":\"https:\\\/\\\/hovikulta.fi\\\/wp-content\\\/uploads\\\/catalog\\\/product\\\/HYkokkhelmi6mm.jpg\",\"width\":600,\"height\":600,\"caption\":\"Kultaiset 6,5 mm helmikorvakorut\"},{\"@type\":\"BreadcrumbList\",\"@id\":\"https:\\\/\\\/hovikulta.fi\\\/en\\\/store\\\/earrings\\\/gold-earrings\\\/golden-7-mm-pearl-earrings\\\/#breadcrumb\",\"itemListElement\":[{\"@type\":\"ListItem\",\"position\":1,\"name\":\"Home\",\"item\":\"https:\\\/\\\/hovikulta.fi\\\/en\\\/\"},{\"@type\":\"ListItem\",\"position\":2,\"name\":\"Store\",\"item\":\"https:\\\/\\\/hovikulta.fi\\\/en\\\/store\\\/\"},{\"@type\":\"ListItem\",\"position\":3,\"name\":\"Golden 7 mm pearl earrings\"}]},{\"@type\":\"WebSite\",\"@id\":\"https:\\\/\\\/hovikulta.fi\\\/#website\",\"url\":\"https:\\\/\\\/hovikulta.fi\\\/\",\"name\":\"Kultasepp&auml; Hovikulta Oy, Turku &ndash; Kellot, korut ja kihlat\",\"description\":\"\",\"potentialAction\":[{\"@type\":\"SearchAction\",\"target\":{\"@type\":\"EntryPoint\",\"urlTemplate\":\"https:\\\/\\\/hovikulta.fi\\\/?s={search_term_string}\"},\"query-input\":{\"@type\":\"PropertyValueSpecification\",\"valueRequired\":true,\"valueName\":\"search_term_string\"}}],\"inLanguage\":\"en-US\"}]}<\/script>\n<!-- \/ Yoast SEO plugin. -->","yoast_head_json":{"title":"Kultasepp&auml; Hovikulta Oy, Turku &ndash; Kellot, korut ja kihlat - Golden 7 mm pearl earrings","robots":{"index":"index","follow":"follow","max-snippet":"max-snippet:-1","max-image-preview":"max-image-preview:large","max-video-preview":"max-video-preview:-1"},"canonical":"https:\/\/hovikulta.fi\/en\/store\/earrings\/gold-earrings\/golden-7-mm-pearl-earrings\/","og_locale":"en_US","og_type":"article","og_title":"Kultasepp&auml; Hovikulta Oy, Turku &ndash; Kellot, korut ja kihlat - Golden 7 mm pearl earrings","og_description":"Klassiset helmikorvakorut&nbsp; ovat kotimaista k\u00e4sity\u00f6t\u00e4, 7 mm viljellyt helmet ovat keltakultakruunussa, joka on 14 karatin kultaa. Ajaton kaunis malli, joka sopii kaikille. Valmistaja Hyv\u00e4rinen Oy.","og_url":"https:\/\/hovikulta.fi\/en\/store\/earrings\/gold-earrings\/golden-7-mm-pearl-earrings\/","og_site_name":"Kultasepp&auml; Hovikulta Oy, Turku &ndash; Kellot, korut ja kihlat","article_modified_time":"2018-12-19T13:26:52+00:00","og_image":[{"width":600,"height":600,"url":"https:\/\/hovikulta.fi\/wp-content\/uploads\/catalog\/product\/HYkokkhelmi6mm.jpg","type":"image\/jpeg"}],"twitter_card":"summary_large_image","schema":{"@context":"https:\/\/schema.org","@graph":[{"@type":"WebPage","@id":"https:\/\/hovikulta.fi\/en\/store\/earrings\/gold-earrings\/golden-7-mm-pearl-earrings\/","url":"https:\/\/hovikulta.fi\/en\/store\/earrings\/gold-earrings\/golden-7-mm-pearl-earrings\/","name":"Kultasepp&auml; Hovikulta Oy, Turku &ndash; Kellot, korut ja kihlat - Golden 7 mm pearl earrings","isPartOf":{"@id":"https:\/\/hovikulta.fi\/#website"},"primaryImageOfPage":{"@id":"https:\/\/hovikulta.fi\/en\/store\/earrings\/gold-earrings\/golden-7-mm-pearl-earrings\/#primaryimage"},"image":{"@id":"https:\/\/hovikulta.fi\/en\/store\/earrings\/gold-earrings\/golden-7-mm-pearl-earrings\/#primaryimage"},"thumbnailUrl":"https:\/\/hovikulta.fi\/wp-content\/uploads\/catalog\/product\/HYkokkhelmi6mm.jpg","datePublished":"2015-11-13T13:23:51+00:00","dateModified":"2018-12-19T13:26:52+00:00","breadcrumb":{"@id":"https:\/\/hovikulta.fi\/en\/store\/earrings\/gold-earrings\/golden-7-mm-pearl-earrings\/#breadcrumb"},"inLanguage":"en-US","potentialAction":[{"@type":"ReadAction","target":["https:\/\/hovikulta.fi\/en\/store\/earrings\/gold-earrings\/golden-7-mm-pearl-earrings\/"]}]},{"@type":"ImageObject","inLanguage":"en-US","@id":"https:\/\/hovikulta.fi\/en\/store\/earrings\/gold-earrings\/golden-7-mm-pearl-earrings\/#primaryimage","url":"https:\/\/hovikulta.fi\/wp-content\/uploads\/catalog\/product\/HYkokkhelmi6mm.jpg","contentUrl":"https:\/\/hovikulta.fi\/wp-content\/uploads\/catalog\/product\/HYkokkhelmi6mm.jpg","width":600,"height":600,"caption":"Kultaiset 6,5 mm helmikorvakorut"},{"@type":"BreadcrumbList","@id":"https:\/\/hovikulta.fi\/en\/store\/earrings\/gold-earrings\/golden-7-mm-pearl-earrings\/#breadcrumb","itemListElement":[{"@type":"ListItem","position":1,"name":"Home","item":"https:\/\/hovikulta.fi\/en\/"},{"@type":"ListItem","position":2,"name":"Store","item":"https:\/\/hovikulta.fi\/en\/store\/"},{"@type":"ListItem","position":3,"name":"Golden 7 mm pearl earrings"}]},{"@type":"WebSite","@id":"https:\/\/hovikulta.fi\/#website","url":"https:\/\/hovikulta.fi\/","name":"Kultasepp&auml; Hovikulta Oy, Turku &ndash; Kellot, korut ja kihlat","description":"","potentialAction":[{"@type":"SearchAction","target":{"@type":"EntryPoint","urlTemplate":"https:\/\/hovikulta.fi\/?s={search_term_string}"},"query-input":{"@type":"PropertyValueSpecification","valueRequired":true,"valueName":"search_term_string"}}],"inLanguage":"en-US"}]}},"_links":{"self":[{"href":"https:\/\/hovikulta.fi\/en\/wp-json\/wp\/v2\/product\/3280","targetHints":{"allow":["GET"]}}],"collection":[{"href":"https:\/\/hovikulta.fi\/en\/wp-json\/wp\/v2\/product"}],"about":[{"href":"https:\/\/hovikulta.fi\/en\/wp-json\/wp\/v2\/types\/product"}],"replies":[{"embeddable":true,"href":"https:\/\/hovikulta.fi\/en\/wp-json\/wp\/v2\/comments?post=3280"}],"wp:featuredmedia":[{"embeddable":true,"href":"https:\/\/hovikulta.fi\/en\/wp-json\/wp\/v2\/media\/3277"}],"wp:attachment":[{"href":"https:\/\/hovikulta.fi\/en\/wp-json\/wp\/v2\/media?parent=3280"}],"wp:term":[{"taxonomy":"product_brand","embeddable":true,"href":"https:\/\/hovikulta.fi\/en\/wp-json\/wp\/v2\/product_brand?post=3280"},{"taxonomy":"product_cat","embeddable":true,"href":"https:\/\/hovikulta.fi\/en\/wp-json\/wp\/v2\/product_cat?post=3280"},{"taxonomy":"product_tag","embeddable":true,"href":"https:\/\/hovikulta.fi\/en\/wp-json\/wp\/v2\/product_tag?post=3280"}],"curies":[{"name":"wp","href":"https:\/\/api.w.org\/{rel}","templated":true}]}}