{"id":3412,"date":"2015-12-01T10:00:16","date_gmt":"2015-12-01T10:00:16","guid":{"rendered":"https:\/\/hovikulta.fi\/?product=golden-necklace-with-white-gold"},"modified":"2016-12-20T11:00:52","modified_gmt":"2016-12-20T11:00:52","slug":"golden-necklace-with-white-gold","status":"publish","type":"product","link":"https:\/\/hovikulta.fi\/en\/store\/classic-jewelry-and-gift-items\/golden-necklace-with-white-gold\/","title":{"rendered":"Golden necklace with white gold"},"content":{"rendered":"<p>Tyylik\u00e4s ranneketju, jossa on kelta-ja valkokultaa. Ketjussa on vuorotellen per\u00e4kk\u00e4in keltakultaista papuketjua ja kaksi valkokultaista isompaa soikeaa rengasta. Ranneketju on 14 karaatin kultaa ja pituudeltaan 19cm. Ketju painaa 14,2gr. Ketjun leveys on noin 7,5mm. Hieno ja kest\u00e4v\u00e4 ketju arkeen ja juhlaan. Koru on valmistettu Italiassa, maahantuoja Hyv\u00e4rinen Oy.<\/p>\n","protected":false},"excerpt":{"rendered":"<p>Tyylik\u00e4s ranneketju, jossa on kelta-ja valkokultaa. Ketjussa on vuorotellen per\u00e4kk\u00e4in keltakultaista papuketjua ja kaksi valkokultaista isompaa soikeaa rengasta. Ranneketju on 14 karaatin kultaa ja pituudeltaan 19cm. Ketju painaa 14,2gr. Ketjun leveys on noin 7,5mm. Hieno ja kest\u00e4v\u00e4 ketju arkeen ja juhlaan. Koru on valmistettu Italiassa, maahantuoja Hyv\u00e4rinen Oy.<\/p>\n","protected":false},"featured_media":3409,"comment_status":"open","ping_status":"closed","template":"","meta":{"_acf_changed":false},"product_brand":[1309],"product_cat":[1338],"product_tag":[],"class_list":{"0":"post-3412","1":"product","2":"type-product","3":"status-publish","4":"has-post-thumbnail","6":"product_brand-valmistusmaa-italia","7":"product_cat-classic-jewelry-and-gift-items","9":"first","10":"outofstock","11":"sold-individually","12":"taxable","13":"shipping-taxable","14":"purchasable","15":"product-type-simple"},"acf":[],"yoast_head":"<!-- This site is optimized with the Yoast SEO plugin v27.5 - https:\/\/yoast.com\/product\/yoast-seo-wordpress\/ -->\n<title>Kultasepp&auml; Hovikulta Oy, Turku &ndash; Kellot, korut ja kihlat - Golden necklace with white gold<\/title>\n<meta name=\"robots\" content=\"index, follow, max-snippet:-1, max-image-preview:large, max-video-preview:-1\" \/>\n<link rel=\"canonical\" href=\"https:\/\/hovikulta.fi\/store\/muut-tuotteet\/2-varinen-kultainen-papuranneketju\/\" \/>\n<meta property=\"og:locale\" content=\"en_US\" \/>\n<meta property=\"og:type\" content=\"article\" \/>\n<meta property=\"og:title\" content=\"Kultasepp&auml; Hovikulta Oy, Turku &ndash; Kellot, korut ja kihlat - Golden necklace with white gold\" \/>\n<meta property=\"og:description\" content=\"Tyylik\u00e4s ranneketju, jossa on kelta-ja valkokultaa. Ketjussa on vuorotellen per\u00e4kk\u00e4in keltakultaista papuketjua ja kaksi valkokultaista isompaa soikeaa rengasta. Ranneketju on 14 karaatin kultaa ja pituudeltaan 19cm. Ketju painaa 14,2gr. Ketjun leveys on noin 7,5mm. Hieno ja kest\u00e4v\u00e4 ketju arkeen ja juhlaan. Koru on valmistettu Italiassa, maahantuoja Hyv\u00e4rinen Oy.\" \/>\n<meta property=\"og:url\" content=\"https:\/\/hovikulta.fi\/store\/muut-tuotteet\/2-varinen-kultainen-papuranneketju\/\" \/>\n<meta property=\"og:site_name\" content=\"Kultasepp&auml; Hovikulta Oy, Turku &ndash; Kellot, korut ja kihlat\" \/>\n<meta property=\"article:modified_time\" content=\"2016-12-20T11:00:52+00:00\" \/>\n<meta property=\"og:image\" content=\"https:\/\/hovikulta.fi\/wp-content\/uploads\/catalog\/product\/ITAravkkkpap19pikku2.jpg\" \/>\n\t<meta property=\"og:image:width\" content=\"600\" \/>\n\t<meta property=\"og:image:height\" content=\"600\" \/>\n\t<meta property=\"og:image:type\" content=\"image\/jpeg\" \/>\n<meta name=\"twitter:card\" content=\"summary_large_image\" \/>\n<script type=\"application\/ld+json\" class=\"yoast-schema-graph\">{\"@context\":\"https:\\\/\\\/schema.org\",\"@graph\":[{\"@type\":\"WebPage\",\"@id\":\"https:\\\/\\\/hovikulta.fi\\\/store\\\/muut-tuotteet\\\/2-varinen-kultainen-papuranneketju\\\/\",\"url\":\"https:\\\/\\\/hovikulta.fi\\\/store\\\/muut-tuotteet\\\/2-varinen-kultainen-papuranneketju\\\/\",\"name\":\"Kultasepp&auml; Hovikulta Oy, Turku &ndash; Kellot, korut ja kihlat - Golden necklace with white gold\",\"isPartOf\":{\"@id\":\"https:\\\/\\\/hovikulta.fi\\\/#website\"},\"primaryImageOfPage\":{\"@id\":\"https:\\\/\\\/hovikulta.fi\\\/store\\\/muut-tuotteet\\\/2-varinen-kultainen-papuranneketju\\\/#primaryimage\"},\"image\":{\"@id\":\"https:\\\/\\\/hovikulta.fi\\\/store\\\/muut-tuotteet\\\/2-varinen-kultainen-papuranneketju\\\/#primaryimage\"},\"thumbnailUrl\":\"https:\\\/\\\/hovikulta.fi\\\/wp-content\\\/uploads\\\/catalog\\\/product\\\/ITAravkkkpap19pikku2.jpg\",\"datePublished\":\"2015-12-01T10:00:16+00:00\",\"dateModified\":\"2016-12-20T11:00:52+00:00\",\"breadcrumb\":{\"@id\":\"https:\\\/\\\/hovikulta.fi\\\/store\\\/muut-tuotteet\\\/2-varinen-kultainen-papuranneketju\\\/#breadcrumb\"},\"inLanguage\":\"en-US\",\"potentialAction\":[{\"@type\":\"ReadAction\",\"target\":[\"https:\\\/\\\/hovikulta.fi\\\/store\\\/muut-tuotteet\\\/2-varinen-kultainen-papuranneketju\\\/\"]}]},{\"@type\":\"ImageObject\",\"inLanguage\":\"en-US\",\"@id\":\"https:\\\/\\\/hovikulta.fi\\\/store\\\/muut-tuotteet\\\/2-varinen-kultainen-papuranneketju\\\/#primaryimage\",\"url\":\"https:\\\/\\\/hovikulta.fi\\\/wp-content\\\/uploads\\\/catalog\\\/product\\\/ITAravkkkpap19pikku2.jpg\",\"contentUrl\":\"https:\\\/\\\/hovikulta.fi\\\/wp-content\\\/uploads\\\/catalog\\\/product\\\/ITAravkkkpap19pikku2.jpg\",\"width\":600,\"height\":600},{\"@type\":\"BreadcrumbList\",\"@id\":\"https:\\\/\\\/hovikulta.fi\\\/store\\\/muut-tuotteet\\\/2-varinen-kultainen-papuranneketju\\\/#breadcrumb\",\"itemListElement\":[{\"@type\":\"ListItem\",\"position\":1,\"name\":\"Home\",\"item\":\"https:\\\/\\\/hovikulta.fi\\\/en\\\/\"},{\"@type\":\"ListItem\",\"position\":2,\"name\":\"Store\",\"item\":\"https:\\\/\\\/hovikulta.fi\\\/en\\\/store\\\/\"},{\"@type\":\"ListItem\",\"position\":3,\"name\":\"Golden necklace with white gold\"}]},{\"@type\":\"WebSite\",\"@id\":\"https:\\\/\\\/hovikulta.fi\\\/#website\",\"url\":\"https:\\\/\\\/hovikulta.fi\\\/\",\"name\":\"Kultasepp&auml; Hovikulta Oy, Turku &ndash; Kellot, korut ja kihlat\",\"description\":\"\",\"potentialAction\":[{\"@type\":\"SearchAction\",\"target\":{\"@type\":\"EntryPoint\",\"urlTemplate\":\"https:\\\/\\\/hovikulta.fi\\\/?s={search_term_string}\"},\"query-input\":{\"@type\":\"PropertyValueSpecification\",\"valueRequired\":true,\"valueName\":\"search_term_string\"}}],\"inLanguage\":\"en-US\"}]}<\/script>\n<!-- \/ Yoast SEO plugin. -->","yoast_head_json":{"title":"Kultasepp&auml; Hovikulta Oy, Turku &ndash; Kellot, korut ja kihlat - Golden necklace with white gold","robots":{"index":"index","follow":"follow","max-snippet":"max-snippet:-1","max-image-preview":"max-image-preview:large","max-video-preview":"max-video-preview:-1"},"canonical":"https:\/\/hovikulta.fi\/store\/muut-tuotteet\/2-varinen-kultainen-papuranneketju\/","og_locale":"en_US","og_type":"article","og_title":"Kultasepp&auml; Hovikulta Oy, Turku &ndash; Kellot, korut ja kihlat - Golden necklace with white gold","og_description":"Tyylik\u00e4s ranneketju, jossa on kelta-ja valkokultaa. Ketjussa on vuorotellen per\u00e4kk\u00e4in keltakultaista papuketjua ja kaksi valkokultaista isompaa soikeaa rengasta. Ranneketju on 14 karaatin kultaa ja pituudeltaan 19cm. Ketju painaa 14,2gr. Ketjun leveys on noin 7,5mm. Hieno ja kest\u00e4v\u00e4 ketju arkeen ja juhlaan. Koru on valmistettu Italiassa, maahantuoja Hyv\u00e4rinen Oy.","og_url":"https:\/\/hovikulta.fi\/store\/muut-tuotteet\/2-varinen-kultainen-papuranneketju\/","og_site_name":"Kultasepp&auml; Hovikulta Oy, Turku &ndash; Kellot, korut ja kihlat","article_modified_time":"2016-12-20T11:00:52+00:00","og_image":[{"width":600,"height":600,"url":"https:\/\/hovikulta.fi\/wp-content\/uploads\/catalog\/product\/ITAravkkkpap19pikku2.jpg","type":"image\/jpeg"}],"twitter_card":"summary_large_image","schema":{"@context":"https:\/\/schema.org","@graph":[{"@type":"WebPage","@id":"https:\/\/hovikulta.fi\/store\/muut-tuotteet\/2-varinen-kultainen-papuranneketju\/","url":"https:\/\/hovikulta.fi\/store\/muut-tuotteet\/2-varinen-kultainen-papuranneketju\/","name":"Kultasepp&auml; Hovikulta Oy, Turku &ndash; Kellot, korut ja kihlat - Golden necklace with white gold","isPartOf":{"@id":"https:\/\/hovikulta.fi\/#website"},"primaryImageOfPage":{"@id":"https:\/\/hovikulta.fi\/store\/muut-tuotteet\/2-varinen-kultainen-papuranneketju\/#primaryimage"},"image":{"@id":"https:\/\/hovikulta.fi\/store\/muut-tuotteet\/2-varinen-kultainen-papuranneketju\/#primaryimage"},"thumbnailUrl":"https:\/\/hovikulta.fi\/wp-content\/uploads\/catalog\/product\/ITAravkkkpap19pikku2.jpg","datePublished":"2015-12-01T10:00:16+00:00","dateModified":"2016-12-20T11:00:52+00:00","breadcrumb":{"@id":"https:\/\/hovikulta.fi\/store\/muut-tuotteet\/2-varinen-kultainen-papuranneketju\/#breadcrumb"},"inLanguage":"en-US","potentialAction":[{"@type":"ReadAction","target":["https:\/\/hovikulta.fi\/store\/muut-tuotteet\/2-varinen-kultainen-papuranneketju\/"]}]},{"@type":"ImageObject","inLanguage":"en-US","@id":"https:\/\/hovikulta.fi\/store\/muut-tuotteet\/2-varinen-kultainen-papuranneketju\/#primaryimage","url":"https:\/\/hovikulta.fi\/wp-content\/uploads\/catalog\/product\/ITAravkkkpap19pikku2.jpg","contentUrl":"https:\/\/hovikulta.fi\/wp-content\/uploads\/catalog\/product\/ITAravkkkpap19pikku2.jpg","width":600,"height":600},{"@type":"BreadcrumbList","@id":"https:\/\/hovikulta.fi\/store\/muut-tuotteet\/2-varinen-kultainen-papuranneketju\/#breadcrumb","itemListElement":[{"@type":"ListItem","position":1,"name":"Home","item":"https:\/\/hovikulta.fi\/en\/"},{"@type":"ListItem","position":2,"name":"Store","item":"https:\/\/hovikulta.fi\/en\/store\/"},{"@type":"ListItem","position":3,"name":"Golden necklace with white gold"}]},{"@type":"WebSite","@id":"https:\/\/hovikulta.fi\/#website","url":"https:\/\/hovikulta.fi\/","name":"Kultasepp&auml; Hovikulta Oy, Turku &ndash; Kellot, korut ja kihlat","description":"","potentialAction":[{"@type":"SearchAction","target":{"@type":"EntryPoint","urlTemplate":"https:\/\/hovikulta.fi\/?s={search_term_string}"},"query-input":{"@type":"PropertyValueSpecification","valueRequired":true,"valueName":"search_term_string"}}],"inLanguage":"en-US"}]}},"_links":{"self":[{"href":"https:\/\/hovikulta.fi\/en\/wp-json\/wp\/v2\/product\/3412","targetHints":{"allow":["GET"]}}],"collection":[{"href":"https:\/\/hovikulta.fi\/en\/wp-json\/wp\/v2\/product"}],"about":[{"href":"https:\/\/hovikulta.fi\/en\/wp-json\/wp\/v2\/types\/product"}],"replies":[{"embeddable":true,"href":"https:\/\/hovikulta.fi\/en\/wp-json\/wp\/v2\/comments?post=3412"}],"wp:featuredmedia":[{"embeddable":true,"href":"https:\/\/hovikulta.fi\/en\/wp-json\/wp\/v2\/media\/3409"}],"wp:attachment":[{"href":"https:\/\/hovikulta.fi\/en\/wp-json\/wp\/v2\/media?parent=3412"}],"wp:term":[{"taxonomy":"product_brand","embeddable":true,"href":"https:\/\/hovikulta.fi\/en\/wp-json\/wp\/v2\/product_brand?post=3412"},{"taxonomy":"product_cat","embeddable":true,"href":"https:\/\/hovikulta.fi\/en\/wp-json\/wp\/v2\/product_cat?post=3412"},{"taxonomy":"product_tag","embeddable":true,"href":"https:\/\/hovikulta.fi\/en\/wp-json\/wp\/v2\/product_tag?post=3412"}],"curies":[{"name":"wp","href":"https:\/\/api.w.org\/{rel}","templated":true}]}}