{"id":3457,"date":"2015-12-03T11:51:41","date_gmt":"2015-12-03T11:51:41","guid":{"rendered":"https:\/\/hovikulta.fi\/?product=golden-ring-with-diamonds-0-50-w-si"},"modified":"2017-02-10T08:19:53","modified_gmt":"2017-02-10T08:19:53","slug":"golden-ring-with-diamonds-0-50-w-si","status":"publish","type":"product","link":"https:\/\/hovikulta.fi\/en\/store\/rings\/diamond-rings\/golden-ring-with-diamonds-0-50-w-si\/","title":{"rendered":"Golden ring with diamonds 0.50 W SI"},"content":{"rendered":"<p>Upea 2-v\u00e4rinen sormus, jossa on princess- ja briljantti-hiontaisia timantteja. Timantit ovat yhteens\u00e4 0.50ct W SI. Keskiosaan on istutettu princess-hiottuja timantteja ja reunoille briljantteja. Sormus on 14 karaatin valkokultaa. Timantit on istutettu valkokultaan muutoin runko on keltakultaa. Sormuksen p\u00e4\u00e4liosa on noin 4mm leve\u00e4. Sormuksen runko kapenee taakse ja takaa sormus on noin 2.7mm leve\u00e4. T\u00e4m\u00e4 kaunis timanttisormus on valmistettu Italiassa. Muistathan ilmoittaa kokosi tilauksen yhteydess\u00e4.<\/p>\n<div id=\"stcpDiv\" style=\"position: absolute; top: -1999px; left: -1988px;\">0,31 karaatin timanttisormus omaa valmistusta. Runko 18 karaatin keltakultaa jossa 0,31 karaatin wesselton \/ si laatuinen timantti. &#8211; See more at: http:\/\/kauppa.hovikulta.fi\/sormukset?product_id=51#sthash.TEwGZ3wB.dpuf<\/div>\n<div id=\"stcpDiv\" style=\"position: absolute; top: -1999px; left: -1988px;\">0,31 karaatin timanttisormus omaa valmistusta. Runko 18 karaatin keltakultaa jossa 0,31 karaatin wesselton \/ si laatuinen timantti. &#8211; See more at: http:\/\/kauppa.hovikulta.fi\/sormukset?product_id=51#sthash.TEwGZ3wB.dpuf<\/div>\n","protected":false},"excerpt":{"rendered":"<p>Upea 2-v\u00e4rinen sormus, jossa on princess- ja briljantti-hiontaisia timantteja. Timantit ovat yhteens\u00e4 0.50ct W SI. Keskiosaan on istutettu princess-hiottuja timantteja ja reunoille briljantteja. Sormus on 14 karaatin valkokultaa. Timantit on istutettu valkokultaan muutoin runko on keltakultaa. Sormuksen p\u00e4\u00e4liosa on noin 4mm leve\u00e4. Sormuksen runko kapenee taakse ja takaa sormus on noin 2.7mm leve\u00e4. T\u00e4m\u00e4 kaunis&hellip;<\/p>\n","protected":false},"featured_media":7437,"comment_status":"open","ping_status":"closed","template":"","meta":{"_acf_changed":false},"product_brand":[1384],"product_cat":[1344,1330],"product_tag":[],"class_list":{"0":"post-3457","1":"product","2":"type-product","3":"status-publish","4":"has-post-thumbnail","6":"product_brand-hovikulta-oy-en","7":"product_cat-diamond-rings","8":"product_cat-rings","10":"first","11":"instock","12":"taxable","13":"shipping-taxable","14":"purchasable","15":"product-type-simple"},"acf":[],"yoast_head":"<!-- This site is optimized with the Yoast SEO plugin v27.5 - https:\/\/yoast.com\/product\/yoast-seo-wordpress\/ -->\n<title>Kultasepp&auml; Hovikulta Oy, Turku &ndash; Kellot, korut ja kihlat - Golden ring with diamonds 0.50 W SI<\/title>\n<meta name=\"robots\" content=\"index, follow, max-snippet:-1, max-image-preview:large, max-video-preview:-1\" \/>\n<link rel=\"canonical\" href=\"https:\/\/hovikulta.fi\/en\/store\/rings\/diamond-rings\/golden-ring-with-diamonds-0-50-w-si\/\" \/>\n<meta property=\"og:locale\" content=\"en_US\" \/>\n<meta property=\"og:type\" content=\"article\" \/>\n<meta property=\"og:title\" content=\"Kultasepp&auml; Hovikulta Oy, Turku &ndash; Kellot, korut ja kihlat - Golden ring with diamonds 0.50 W SI\" \/>\n<meta property=\"og:description\" content=\"Upea 2-v\u00e4rinen sormus, jossa on princess- ja briljantti-hiontaisia timantteja. Timantit ovat yhteens\u00e4 0.50ct W SI. Keskiosaan on istutettu princess-hiottuja timantteja ja reunoille briljantteja. Sormus on 14 karaatin valkokultaa. Timantit on istutettu valkokultaan muutoin runko on keltakultaa. Sormuksen p\u00e4\u00e4liosa on noin 4mm leve\u00e4. Sormuksen runko kapenee taakse ja takaa sormus on noin 2.7mm leve\u00e4. T\u00e4m\u00e4 kaunis&hellip;\" \/>\n<meta property=\"og:url\" content=\"https:\/\/hovikulta.fi\/en\/store\/rings\/diamond-rings\/golden-ring-with-diamonds-0-50-w-si\/\" \/>\n<meta property=\"og:site_name\" content=\"Kultasepp&auml; Hovikulta Oy, Turku &ndash; Kellot, korut ja kihlat\" \/>\n<meta property=\"article:modified_time\" content=\"2017-02-10T08:19:53+00:00\" \/>\n<meta property=\"og:image\" content=\"https:\/\/hovikulta.fi\/wp-content\/uploads\/catalog\/product\/ITAsovkkk050.jpg\" \/>\n\t<meta property=\"og:image:width\" content=\"600\" \/>\n\t<meta property=\"og:image:height\" content=\"600\" \/>\n\t<meta property=\"og:image:type\" content=\"image\/jpeg\" \/>\n<meta name=\"twitter:card\" content=\"summary_large_image\" \/>\n<meta name=\"twitter:label1\" content=\"Est. reading time\" \/>\n\t<meta name=\"twitter:data1\" content=\"1 minute\" \/>\n<script type=\"application\/ld+json\" class=\"yoast-schema-graph\">{\"@context\":\"https:\\\/\\\/schema.org\",\"@graph\":[{\"@type\":\"WebPage\",\"@id\":\"https:\\\/\\\/hovikulta.fi\\\/en\\\/store\\\/rings\\\/diamond-rings\\\/golden-ring-with-diamonds-0-50-w-si\\\/\",\"url\":\"https:\\\/\\\/hovikulta.fi\\\/en\\\/store\\\/rings\\\/diamond-rings\\\/golden-ring-with-diamonds-0-50-w-si\\\/\",\"name\":\"Kultasepp&auml; Hovikulta Oy, Turku &ndash; Kellot, korut ja kihlat - Golden ring with diamonds 0.50 W SI\",\"isPartOf\":{\"@id\":\"https:\\\/\\\/hovikulta.fi\\\/#website\"},\"primaryImageOfPage\":{\"@id\":\"https:\\\/\\\/hovikulta.fi\\\/en\\\/store\\\/rings\\\/diamond-rings\\\/golden-ring-with-diamonds-0-50-w-si\\\/#primaryimage\"},\"image\":{\"@id\":\"https:\\\/\\\/hovikulta.fi\\\/en\\\/store\\\/rings\\\/diamond-rings\\\/golden-ring-with-diamonds-0-50-w-si\\\/#primaryimage\"},\"thumbnailUrl\":\"https:\\\/\\\/hovikulta.fi\\\/wp-content\\\/uploads\\\/catalog\\\/product\\\/ITAsovkkk050.jpg\",\"datePublished\":\"2015-12-03T11:51:41+00:00\",\"dateModified\":\"2017-02-10T08:19:53+00:00\",\"breadcrumb\":{\"@id\":\"https:\\\/\\\/hovikulta.fi\\\/en\\\/store\\\/rings\\\/diamond-rings\\\/golden-ring-with-diamonds-0-50-w-si\\\/#breadcrumb\"},\"inLanguage\":\"en-US\",\"potentialAction\":[{\"@type\":\"ReadAction\",\"target\":[\"https:\\\/\\\/hovikulta.fi\\\/en\\\/store\\\/rings\\\/diamond-rings\\\/golden-ring-with-diamonds-0-50-w-si\\\/\"]}]},{\"@type\":\"ImageObject\",\"inLanguage\":\"en-US\",\"@id\":\"https:\\\/\\\/hovikulta.fi\\\/en\\\/store\\\/rings\\\/diamond-rings\\\/golden-ring-with-diamonds-0-50-w-si\\\/#primaryimage\",\"url\":\"https:\\\/\\\/hovikulta.fi\\\/wp-content\\\/uploads\\\/catalog\\\/product\\\/ITAsovkkk050.jpg\",\"contentUrl\":\"https:\\\/\\\/hovikulta.fi\\\/wp-content\\\/uploads\\\/catalog\\\/product\\\/ITAsovkkk050.jpg\",\"width\":600,\"height\":600},{\"@type\":\"BreadcrumbList\",\"@id\":\"https:\\\/\\\/hovikulta.fi\\\/en\\\/store\\\/rings\\\/diamond-rings\\\/golden-ring-with-diamonds-0-50-w-si\\\/#breadcrumb\",\"itemListElement\":[{\"@type\":\"ListItem\",\"position\":1,\"name\":\"Home\",\"item\":\"https:\\\/\\\/hovikulta.fi\\\/en\\\/\"},{\"@type\":\"ListItem\",\"position\":2,\"name\":\"Store\",\"item\":\"https:\\\/\\\/hovikulta.fi\\\/en\\\/store\\\/\"},{\"@type\":\"ListItem\",\"position\":3,\"name\":\"Golden ring with diamonds 0.50 W SI\"}]},{\"@type\":\"WebSite\",\"@id\":\"https:\\\/\\\/hovikulta.fi\\\/#website\",\"url\":\"https:\\\/\\\/hovikulta.fi\\\/\",\"name\":\"Kultasepp&auml; Hovikulta Oy, Turku &ndash; Kellot, korut ja kihlat\",\"description\":\"\",\"potentialAction\":[{\"@type\":\"SearchAction\",\"target\":{\"@type\":\"EntryPoint\",\"urlTemplate\":\"https:\\\/\\\/hovikulta.fi\\\/?s={search_term_string}\"},\"query-input\":{\"@type\":\"PropertyValueSpecification\",\"valueRequired\":true,\"valueName\":\"search_term_string\"}}],\"inLanguage\":\"en-US\"}]}<\/script>\n<!-- \/ Yoast SEO plugin. -->","yoast_head_json":{"title":"Kultasepp&auml; Hovikulta Oy, Turku &ndash; Kellot, korut ja kihlat - Golden ring with diamonds 0.50 W SI","robots":{"index":"index","follow":"follow","max-snippet":"max-snippet:-1","max-image-preview":"max-image-preview:large","max-video-preview":"max-video-preview:-1"},"canonical":"https:\/\/hovikulta.fi\/en\/store\/rings\/diamond-rings\/golden-ring-with-diamonds-0-50-w-si\/","og_locale":"en_US","og_type":"article","og_title":"Kultasepp&auml; Hovikulta Oy, Turku &ndash; Kellot, korut ja kihlat - Golden ring with diamonds 0.50 W SI","og_description":"Upea 2-v\u00e4rinen sormus, jossa on princess- ja briljantti-hiontaisia timantteja. Timantit ovat yhteens\u00e4 0.50ct W SI. Keskiosaan on istutettu princess-hiottuja timantteja ja reunoille briljantteja. Sormus on 14 karaatin valkokultaa. Timantit on istutettu valkokultaan muutoin runko on keltakultaa. Sormuksen p\u00e4\u00e4liosa on noin 4mm leve\u00e4. Sormuksen runko kapenee taakse ja takaa sormus on noin 2.7mm leve\u00e4. T\u00e4m\u00e4 kaunis&hellip;","og_url":"https:\/\/hovikulta.fi\/en\/store\/rings\/diamond-rings\/golden-ring-with-diamonds-0-50-w-si\/","og_site_name":"Kultasepp&auml; Hovikulta Oy, Turku &ndash; Kellot, korut ja kihlat","article_modified_time":"2017-02-10T08:19:53+00:00","og_image":[{"width":600,"height":600,"url":"https:\/\/hovikulta.fi\/wp-content\/uploads\/catalog\/product\/ITAsovkkk050.jpg","type":"image\/jpeg"}],"twitter_card":"summary_large_image","twitter_misc":{"Est. reading time":"1 minute"},"schema":{"@context":"https:\/\/schema.org","@graph":[{"@type":"WebPage","@id":"https:\/\/hovikulta.fi\/en\/store\/rings\/diamond-rings\/golden-ring-with-diamonds-0-50-w-si\/","url":"https:\/\/hovikulta.fi\/en\/store\/rings\/diamond-rings\/golden-ring-with-diamonds-0-50-w-si\/","name":"Kultasepp&auml; Hovikulta Oy, Turku &ndash; Kellot, korut ja kihlat - Golden ring with diamonds 0.50 W SI","isPartOf":{"@id":"https:\/\/hovikulta.fi\/#website"},"primaryImageOfPage":{"@id":"https:\/\/hovikulta.fi\/en\/store\/rings\/diamond-rings\/golden-ring-with-diamonds-0-50-w-si\/#primaryimage"},"image":{"@id":"https:\/\/hovikulta.fi\/en\/store\/rings\/diamond-rings\/golden-ring-with-diamonds-0-50-w-si\/#primaryimage"},"thumbnailUrl":"https:\/\/hovikulta.fi\/wp-content\/uploads\/catalog\/product\/ITAsovkkk050.jpg","datePublished":"2015-12-03T11:51:41+00:00","dateModified":"2017-02-10T08:19:53+00:00","breadcrumb":{"@id":"https:\/\/hovikulta.fi\/en\/store\/rings\/diamond-rings\/golden-ring-with-diamonds-0-50-w-si\/#breadcrumb"},"inLanguage":"en-US","potentialAction":[{"@type":"ReadAction","target":["https:\/\/hovikulta.fi\/en\/store\/rings\/diamond-rings\/golden-ring-with-diamonds-0-50-w-si\/"]}]},{"@type":"ImageObject","inLanguage":"en-US","@id":"https:\/\/hovikulta.fi\/en\/store\/rings\/diamond-rings\/golden-ring-with-diamonds-0-50-w-si\/#primaryimage","url":"https:\/\/hovikulta.fi\/wp-content\/uploads\/catalog\/product\/ITAsovkkk050.jpg","contentUrl":"https:\/\/hovikulta.fi\/wp-content\/uploads\/catalog\/product\/ITAsovkkk050.jpg","width":600,"height":600},{"@type":"BreadcrumbList","@id":"https:\/\/hovikulta.fi\/en\/store\/rings\/diamond-rings\/golden-ring-with-diamonds-0-50-w-si\/#breadcrumb","itemListElement":[{"@type":"ListItem","position":1,"name":"Home","item":"https:\/\/hovikulta.fi\/en\/"},{"@type":"ListItem","position":2,"name":"Store","item":"https:\/\/hovikulta.fi\/en\/store\/"},{"@type":"ListItem","position":3,"name":"Golden ring with diamonds 0.50 W SI"}]},{"@type":"WebSite","@id":"https:\/\/hovikulta.fi\/#website","url":"https:\/\/hovikulta.fi\/","name":"Kultasepp&auml; Hovikulta Oy, Turku &ndash; Kellot, korut ja kihlat","description":"","potentialAction":[{"@type":"SearchAction","target":{"@type":"EntryPoint","urlTemplate":"https:\/\/hovikulta.fi\/?s={search_term_string}"},"query-input":{"@type":"PropertyValueSpecification","valueRequired":true,"valueName":"search_term_string"}}],"inLanguage":"en-US"}]}},"_links":{"self":[{"href":"https:\/\/hovikulta.fi\/en\/wp-json\/wp\/v2\/product\/3457","targetHints":{"allow":["GET"]}}],"collection":[{"href":"https:\/\/hovikulta.fi\/en\/wp-json\/wp\/v2\/product"}],"about":[{"href":"https:\/\/hovikulta.fi\/en\/wp-json\/wp\/v2\/types\/product"}],"replies":[{"embeddable":true,"href":"https:\/\/hovikulta.fi\/en\/wp-json\/wp\/v2\/comments?post=3457"}],"wp:featuredmedia":[{"embeddable":true,"href":"https:\/\/hovikulta.fi\/en\/wp-json\/wp\/v2\/media\/7437"}],"wp:attachment":[{"href":"https:\/\/hovikulta.fi\/en\/wp-json\/wp\/v2\/media?parent=3457"}],"wp:term":[{"taxonomy":"product_brand","embeddable":true,"href":"https:\/\/hovikulta.fi\/en\/wp-json\/wp\/v2\/product_brand?post=3457"},{"taxonomy":"product_cat","embeddable":true,"href":"https:\/\/hovikulta.fi\/en\/wp-json\/wp\/v2\/product_cat?post=3457"},{"taxonomy":"product_tag","embeddable":true,"href":"https:\/\/hovikulta.fi\/en\/wp-json\/wp\/v2\/product_tag?post=3457"}],"curies":[{"name":"wp","href":"https:\/\/api.w.org\/{rel}","templated":true}]}}