{"id":3568,"date":"2016-01-22T11:06:40","date_gmt":"2016-01-22T11:06:40","guid":{"rendered":"https:\/\/hovikulta.fi\/?product=diamond-earrings-with-10-diamonds-050-ct-w-vs"},"modified":"2017-07-18T08:35:11","modified_gmt":"2017-07-18T08:35:11","slug":"diamond-earrings-with-10-diamonds-050-ct-w-vs","status":"publish","type":"product","link":"https:\/\/hovikulta.fi\/en\/store\/earrings\/diamond-earrings\/diamond-earrings-with-10-diamonds-050-ct-w-vs\/","title":{"rendered":"Diamond earrings with 10 diamonds, 0,50 ct W VS"},"content":{"rendered":"<p>Kaksiv\u00e4riset kaarimalliset timanttikorvakorut ovat kotimaista k\u00e4sity\u00f6t\u00e4. Valmistaja on Hyv\u00e4rinen Oy. Korvakorussa on tappi ja tausta. Yhdess\u00e4 Korvakorussa on riviin istutettuna viisi timanttia ja korvakorujen timanttien yhteispaino on 0.50 W Vs. Korut ovat 14 karaatin kultaa. Korvakorujen mukana tulee aitoustodistus.<\/p>\n","protected":false},"excerpt":{"rendered":"<p>Kaksiv\u00e4riset kaarimalliset timanttikorvakorut ovat kotimaista k\u00e4sity\u00f6t\u00e4. Valmistaja on Hyv\u00e4rinen Oy. Korvakorussa on tappi ja tausta. Yhdess\u00e4 Korvakorussa on riviin istutettuna viisi timanttia ja korvakorujen timanttien yhteispaino on 0.50 W Vs. Korut ovat 14 karaatin kultaa. Korvakorujen mukana tulee aitoustodistus.<\/p>\n","protected":false},"featured_media":3565,"comment_status":"open","ping_status":"closed","template":"","meta":{"_acf_changed":false},"product_brand":[1382],"product_cat":[1346,1342],"product_tag":[],"class_list":{"0":"post-3568","1":"product","2":"type-product","3":"status-publish","4":"has-post-thumbnail","6":"product_brand-hyvarinen-oy-en","7":"product_cat-diamond-earrings","8":"product_cat-earrings","10":"first","11":"outofstock","12":"sold-individually","13":"taxable","14":"shipping-taxable","15":"purchasable","16":"product-type-simple"},"acf":[],"yoast_head":"<!-- This site is optimized with the Yoast SEO plugin v27.4 - https:\/\/yoast.com\/product\/yoast-seo-wordpress\/ -->\n<title>Kultasepp&auml; Hovikulta Oy, Turku &ndash; Kellot, korut ja kihlat - Diamond earrings with 10 diamonds, 0,50 ct W VS<\/title>\n<meta name=\"robots\" content=\"index, follow, max-snippet:-1, max-image-preview:large, max-video-preview:-1\" \/>\n<link rel=\"canonical\" href=\"https:\/\/hovikulta.fi\/en\/store\/earrings\/diamond-earrings\/diamond-earrings-with-10-diamonds-050-ct-w-vs\/\" \/>\n<meta property=\"og:locale\" content=\"en_US\" \/>\n<meta property=\"og:type\" content=\"article\" \/>\n<meta property=\"og:title\" content=\"Kultasepp&auml; Hovikulta Oy, Turku &ndash; Kellot, korut ja kihlat - Diamond earrings with 10 diamonds, 0,50 ct W VS\" \/>\n<meta property=\"og:description\" content=\"Kaksiv\u00e4riset kaarimalliset timanttikorvakorut ovat kotimaista k\u00e4sity\u00f6t\u00e4. Valmistaja on Hyv\u00e4rinen Oy. Korvakorussa on tappi ja tausta. Yhdess\u00e4 Korvakorussa on riviin istutettuna viisi timanttia ja korvakorujen timanttien yhteispaino on 0.50 W Vs. Korut ovat 14 karaatin kultaa. Korvakorujen mukana tulee aitoustodistus.\" \/>\n<meta property=\"og:url\" content=\"https:\/\/hovikulta.fi\/en\/store\/earrings\/diamond-earrings\/diamond-earrings-with-10-diamonds-050-ct-w-vs\/\" \/>\n<meta property=\"og:site_name\" content=\"Kultasepp&auml; Hovikulta Oy, Turku &ndash; Kellot, korut ja kihlat\" \/>\n<meta property=\"article:modified_time\" content=\"2017-07-18T08:35:11+00:00\" \/>\n<meta property=\"og:image\" content=\"https:\/\/hovikulta.fi\/wp-content\/uploads\/catalog\/product\/HYkk2vr050kaari.jpg\" \/>\n\t<meta property=\"og:image:width\" content=\"600\" \/>\n\t<meta property=\"og:image:height\" content=\"600\" \/>\n\t<meta property=\"og:image:type\" content=\"image\/jpeg\" \/>\n<meta name=\"twitter:card\" content=\"summary_large_image\" \/>\n<script type=\"application\/ld+json\" class=\"yoast-schema-graph\">{\"@context\":\"https:\\\/\\\/schema.org\",\"@graph\":[{\"@type\":\"WebPage\",\"@id\":\"https:\\\/\\\/hovikulta.fi\\\/en\\\/store\\\/earrings\\\/diamond-earrings\\\/diamond-earrings-with-10-diamonds-050-ct-w-vs\\\/\",\"url\":\"https:\\\/\\\/hovikulta.fi\\\/en\\\/store\\\/earrings\\\/diamond-earrings\\\/diamond-earrings-with-10-diamonds-050-ct-w-vs\\\/\",\"name\":\"Kultasepp&auml; Hovikulta Oy, Turku &ndash; Kellot, korut ja kihlat - Diamond earrings with 10 diamonds, 0,50 ct W VS\",\"isPartOf\":{\"@id\":\"https:\\\/\\\/hovikulta.fi\\\/#website\"},\"primaryImageOfPage\":{\"@id\":\"https:\\\/\\\/hovikulta.fi\\\/en\\\/store\\\/earrings\\\/diamond-earrings\\\/diamond-earrings-with-10-diamonds-050-ct-w-vs\\\/#primaryimage\"},\"image\":{\"@id\":\"https:\\\/\\\/hovikulta.fi\\\/en\\\/store\\\/earrings\\\/diamond-earrings\\\/diamond-earrings-with-10-diamonds-050-ct-w-vs\\\/#primaryimage\"},\"thumbnailUrl\":\"https:\\\/\\\/hovikulta.fi\\\/wp-content\\\/uploads\\\/catalog\\\/product\\\/HYkk2vr050kaari.jpg\",\"datePublished\":\"2016-01-22T11:06:40+00:00\",\"dateModified\":\"2017-07-18T08:35:11+00:00\",\"breadcrumb\":{\"@id\":\"https:\\\/\\\/hovikulta.fi\\\/en\\\/store\\\/earrings\\\/diamond-earrings\\\/diamond-earrings-with-10-diamonds-050-ct-w-vs\\\/#breadcrumb\"},\"inLanguage\":\"en-US\",\"potentialAction\":[{\"@type\":\"ReadAction\",\"target\":[\"https:\\\/\\\/hovikulta.fi\\\/en\\\/store\\\/earrings\\\/diamond-earrings\\\/diamond-earrings-with-10-diamonds-050-ct-w-vs\\\/\"]}]},{\"@type\":\"ImageObject\",\"inLanguage\":\"en-US\",\"@id\":\"https:\\\/\\\/hovikulta.fi\\\/en\\\/store\\\/earrings\\\/diamond-earrings\\\/diamond-earrings-with-10-diamonds-050-ct-w-vs\\\/#primaryimage\",\"url\":\"https:\\\/\\\/hovikulta.fi\\\/wp-content\\\/uploads\\\/catalog\\\/product\\\/HYkk2vr050kaari.jpg\",\"contentUrl\":\"https:\\\/\\\/hovikulta.fi\\\/wp-content\\\/uploads\\\/catalog\\\/product\\\/HYkk2vr050kaari.jpg\",\"width\":600,\"height\":600},{\"@type\":\"BreadcrumbList\",\"@id\":\"https:\\\/\\\/hovikulta.fi\\\/en\\\/store\\\/earrings\\\/diamond-earrings\\\/diamond-earrings-with-10-diamonds-050-ct-w-vs\\\/#breadcrumb\",\"itemListElement\":[{\"@type\":\"ListItem\",\"position\":1,\"name\":\"Home\",\"item\":\"https:\\\/\\\/hovikulta.fi\\\/en\\\/\"},{\"@type\":\"ListItem\",\"position\":2,\"name\":\"Store\",\"item\":\"https:\\\/\\\/hovikulta.fi\\\/en\\\/store\\\/\"},{\"@type\":\"ListItem\",\"position\":3,\"name\":\"Diamond earrings with 10 diamonds, 0,50 ct W VS\"}]},{\"@type\":\"WebSite\",\"@id\":\"https:\\\/\\\/hovikulta.fi\\\/#website\",\"url\":\"https:\\\/\\\/hovikulta.fi\\\/\",\"name\":\"Kultasepp&auml; Hovikulta Oy, Turku &ndash; Kellot, korut ja kihlat\",\"description\":\"\",\"potentialAction\":[{\"@type\":\"SearchAction\",\"target\":{\"@type\":\"EntryPoint\",\"urlTemplate\":\"https:\\\/\\\/hovikulta.fi\\\/?s={search_term_string}\"},\"query-input\":{\"@type\":\"PropertyValueSpecification\",\"valueRequired\":true,\"valueName\":\"search_term_string\"}}],\"inLanguage\":\"en-US\"}]}<\/script>\n<!-- \/ Yoast SEO plugin. -->","yoast_head_json":{"title":"Kultasepp&auml; Hovikulta Oy, Turku &ndash; Kellot, korut ja kihlat - Diamond earrings with 10 diamonds, 0,50 ct W VS","robots":{"index":"index","follow":"follow","max-snippet":"max-snippet:-1","max-image-preview":"max-image-preview:large","max-video-preview":"max-video-preview:-1"},"canonical":"https:\/\/hovikulta.fi\/en\/store\/earrings\/diamond-earrings\/diamond-earrings-with-10-diamonds-050-ct-w-vs\/","og_locale":"en_US","og_type":"article","og_title":"Kultasepp&auml; Hovikulta Oy, Turku &ndash; Kellot, korut ja kihlat - Diamond earrings with 10 diamonds, 0,50 ct W VS","og_description":"Kaksiv\u00e4riset kaarimalliset timanttikorvakorut ovat kotimaista k\u00e4sity\u00f6t\u00e4. Valmistaja on Hyv\u00e4rinen Oy. Korvakorussa on tappi ja tausta. Yhdess\u00e4 Korvakorussa on riviin istutettuna viisi timanttia ja korvakorujen timanttien yhteispaino on 0.50 W Vs. Korut ovat 14 karaatin kultaa. Korvakorujen mukana tulee aitoustodistus.","og_url":"https:\/\/hovikulta.fi\/en\/store\/earrings\/diamond-earrings\/diamond-earrings-with-10-diamonds-050-ct-w-vs\/","og_site_name":"Kultasepp&auml; Hovikulta Oy, Turku &ndash; Kellot, korut ja kihlat","article_modified_time":"2017-07-18T08:35:11+00:00","og_image":[{"width":600,"height":600,"url":"https:\/\/hovikulta.fi\/wp-content\/uploads\/catalog\/product\/HYkk2vr050kaari.jpg","type":"image\/jpeg"}],"twitter_card":"summary_large_image","schema":{"@context":"https:\/\/schema.org","@graph":[{"@type":"WebPage","@id":"https:\/\/hovikulta.fi\/en\/store\/earrings\/diamond-earrings\/diamond-earrings-with-10-diamonds-050-ct-w-vs\/","url":"https:\/\/hovikulta.fi\/en\/store\/earrings\/diamond-earrings\/diamond-earrings-with-10-diamonds-050-ct-w-vs\/","name":"Kultasepp&auml; Hovikulta Oy, Turku &ndash; Kellot, korut ja kihlat - Diamond earrings with 10 diamonds, 0,50 ct W VS","isPartOf":{"@id":"https:\/\/hovikulta.fi\/#website"},"primaryImageOfPage":{"@id":"https:\/\/hovikulta.fi\/en\/store\/earrings\/diamond-earrings\/diamond-earrings-with-10-diamonds-050-ct-w-vs\/#primaryimage"},"image":{"@id":"https:\/\/hovikulta.fi\/en\/store\/earrings\/diamond-earrings\/diamond-earrings-with-10-diamonds-050-ct-w-vs\/#primaryimage"},"thumbnailUrl":"https:\/\/hovikulta.fi\/wp-content\/uploads\/catalog\/product\/HYkk2vr050kaari.jpg","datePublished":"2016-01-22T11:06:40+00:00","dateModified":"2017-07-18T08:35:11+00:00","breadcrumb":{"@id":"https:\/\/hovikulta.fi\/en\/store\/earrings\/diamond-earrings\/diamond-earrings-with-10-diamonds-050-ct-w-vs\/#breadcrumb"},"inLanguage":"en-US","potentialAction":[{"@type":"ReadAction","target":["https:\/\/hovikulta.fi\/en\/store\/earrings\/diamond-earrings\/diamond-earrings-with-10-diamonds-050-ct-w-vs\/"]}]},{"@type":"ImageObject","inLanguage":"en-US","@id":"https:\/\/hovikulta.fi\/en\/store\/earrings\/diamond-earrings\/diamond-earrings-with-10-diamonds-050-ct-w-vs\/#primaryimage","url":"https:\/\/hovikulta.fi\/wp-content\/uploads\/catalog\/product\/HYkk2vr050kaari.jpg","contentUrl":"https:\/\/hovikulta.fi\/wp-content\/uploads\/catalog\/product\/HYkk2vr050kaari.jpg","width":600,"height":600},{"@type":"BreadcrumbList","@id":"https:\/\/hovikulta.fi\/en\/store\/earrings\/diamond-earrings\/diamond-earrings-with-10-diamonds-050-ct-w-vs\/#breadcrumb","itemListElement":[{"@type":"ListItem","position":1,"name":"Home","item":"https:\/\/hovikulta.fi\/en\/"},{"@type":"ListItem","position":2,"name":"Store","item":"https:\/\/hovikulta.fi\/en\/store\/"},{"@type":"ListItem","position":3,"name":"Diamond earrings with 10 diamonds, 0,50 ct W VS"}]},{"@type":"WebSite","@id":"https:\/\/hovikulta.fi\/#website","url":"https:\/\/hovikulta.fi\/","name":"Kultasepp&auml; Hovikulta Oy, Turku &ndash; Kellot, korut ja kihlat","description":"","potentialAction":[{"@type":"SearchAction","target":{"@type":"EntryPoint","urlTemplate":"https:\/\/hovikulta.fi\/?s={search_term_string}"},"query-input":{"@type":"PropertyValueSpecification","valueRequired":true,"valueName":"search_term_string"}}],"inLanguage":"en-US"}]}},"_links":{"self":[{"href":"https:\/\/hovikulta.fi\/en\/wp-json\/wp\/v2\/product\/3568","targetHints":{"allow":["GET"]}}],"collection":[{"href":"https:\/\/hovikulta.fi\/en\/wp-json\/wp\/v2\/product"}],"about":[{"href":"https:\/\/hovikulta.fi\/en\/wp-json\/wp\/v2\/types\/product"}],"replies":[{"embeddable":true,"href":"https:\/\/hovikulta.fi\/en\/wp-json\/wp\/v2\/comments?post=3568"}],"wp:featuredmedia":[{"embeddable":true,"href":"https:\/\/hovikulta.fi\/en\/wp-json\/wp\/v2\/media\/3565"}],"wp:attachment":[{"href":"https:\/\/hovikulta.fi\/en\/wp-json\/wp\/v2\/media?parent=3568"}],"wp:term":[{"taxonomy":"product_brand","embeddable":true,"href":"https:\/\/hovikulta.fi\/en\/wp-json\/wp\/v2\/product_brand?post=3568"},{"taxonomy":"product_cat","embeddable":true,"href":"https:\/\/hovikulta.fi\/en\/wp-json\/wp\/v2\/product_cat?post=3568"},{"taxonomy":"product_tag","embeddable":true,"href":"https:\/\/hovikulta.fi\/en\/wp-json\/wp\/v2\/product_tag?post=3568"}],"curies":[{"name":"wp","href":"https:\/\/api.w.org\/{rel}","templated":true}]}}