{"id":4143,"date":"2016-04-26T07:57:16","date_gmt":"2016-04-26T07:57:16","guid":{"rendered":"https:\/\/hovikulta.fi\/?product=golden-bismarck-necklace"},"modified":"2016-08-01T12:38:15","modified_gmt":"2016-08-01T12:38:15","slug":"golden-bismarck-necklace","status":"publish","type":"product","link":"https:\/\/hovikulta.fi\/en\/store\/classic-jewelry-and-gift-items\/golden-bismarck-necklace\/","title":{"rendered":"Golden Bismarck necklace"},"content":{"rendered":"<p>Klassinen 14 karaatin Bismarck-kaulakoru. Kaunis, etuosastaan levenev\u00e4 malli, kotimaista k\u00e4sity\u00f6t\u00e4. Valmistaja Ketjusep\u00e4t Oy. Ketjun pituus on 45 cm. Ketjun leveys etuosasta&nbsp; 5mm ja&nbsp; kapeimmasta kohdastaan n. 3 mm. Kaulaketjun paino 6,8 grammaa. Bismarck-kaulaketjussa on parhain mahdollinen lukko eli kotelolukko, jossa varmuushakaset molemmin puolin.<\/p>\n","protected":false},"excerpt":{"rendered":"<p>Klassinen 14 karaatin Bismarck-kaulakoru. Kaunis, etuosastaan levenev\u00e4 malli, kotimaista k\u00e4sity\u00f6t\u00e4. Valmistaja Ketjusep\u00e4t Oy. Ketjun pituus on 45 cm. Ketjun leveys etuosasta&nbsp; 5mm ja&nbsp; kapeimmasta kohdastaan n. 3 mm. Kaulaketjun paino 6,8 grammaa. Bismarck-kaulaketjussa on parhain mahdollinen lukko eli kotelolukko, jossa varmuushakaset molemmin puolin.<\/p>\n","protected":false},"featured_media":4141,"comment_status":"open","ping_status":"closed","template":"","meta":{"_acf_changed":false},"product_brand":[1379],"product_cat":[1338],"product_tag":[],"class_list":{"0":"post-4143","1":"product","2":"type-product","3":"status-publish","4":"has-post-thumbnail","6":"product_brand-ketjusepat-oy-en","7":"product_cat-classic-jewelry-and-gift-items","9":"first","10":"outofstock","11":"sold-individually","12":"taxable","13":"shipping-taxable","14":"purchasable","15":"product-type-simple"},"acf":[],"yoast_head":"<!-- This site is optimized with the Yoast SEO plugin v27.4 - https:\/\/yoast.com\/product\/yoast-seo-wordpress\/ -->\n<title>Kultasepp&auml; Hovikulta Oy, Turku &ndash; Kellot, korut ja kihlat - Golden Bismarck necklace<\/title>\n<meta name=\"robots\" content=\"index, follow, max-snippet:-1, max-image-preview:large, max-video-preview:-1\" \/>\n<link rel=\"canonical\" href=\"https:\/\/hovikulta.fi\/store\/muut-tuotteet\/kultainen-bismarck-kaulakoru-3\/\" \/>\n<meta property=\"og:locale\" content=\"en_US\" \/>\n<meta property=\"og:type\" content=\"article\" \/>\n<meta property=\"og:title\" content=\"Kultasepp&auml; Hovikulta Oy, Turku &ndash; Kellot, korut ja kihlat - Golden Bismarck necklace\" \/>\n<meta property=\"og:description\" content=\"Klassinen 14 karaatin Bismarck-kaulakoru. Kaunis, etuosastaan levenev\u00e4 malli, kotimaista k\u00e4sity\u00f6t\u00e4. Valmistaja Ketjusep\u00e4t Oy. Ketjun pituus on 45 cm. Ketjun leveys etuosasta&nbsp; 5mm ja&nbsp; kapeimmasta kohdastaan n. 3 mm. Kaulaketjun paino 6,8 grammaa. Bismarck-kaulaketjussa on parhain mahdollinen lukko eli kotelolukko, jossa varmuushakaset molemmin puolin.\" \/>\n<meta property=\"og:url\" content=\"https:\/\/hovikulta.fi\/store\/muut-tuotteet\/kultainen-bismarck-kaulakoru-3\/\" \/>\n<meta property=\"og:site_name\" content=\"Kultasepp&auml; Hovikulta Oy, Turku &ndash; Kellot, korut ja kihlat\" \/>\n<meta property=\"article:modified_time\" content=\"2016-08-01T12:38:15+00:00\" \/>\n<meta property=\"og:image\" content=\"https:\/\/hovikulta.fi\/wp-content\/uploads\/catalog\/product\/KSkkkabism45cm68.jpg\" \/>\n\t<meta property=\"og:image:width\" content=\"600\" \/>\n\t<meta property=\"og:image:height\" content=\"600\" \/>\n\t<meta property=\"og:image:type\" content=\"image\/jpeg\" \/>\n<meta name=\"twitter:card\" content=\"summary_large_image\" \/>\n<script type=\"application\/ld+json\" class=\"yoast-schema-graph\">{\"@context\":\"https:\\\/\\\/schema.org\",\"@graph\":[{\"@type\":\"WebPage\",\"@id\":\"https:\\\/\\\/hovikulta.fi\\\/store\\\/muut-tuotteet\\\/kultainen-bismarck-kaulakoru-3\\\/\",\"url\":\"https:\\\/\\\/hovikulta.fi\\\/store\\\/muut-tuotteet\\\/kultainen-bismarck-kaulakoru-3\\\/\",\"name\":\"Kultasepp&auml; Hovikulta Oy, Turku &ndash; Kellot, korut ja kihlat - Golden Bismarck necklace\",\"isPartOf\":{\"@id\":\"https:\\\/\\\/hovikulta.fi\\\/#website\"},\"primaryImageOfPage\":{\"@id\":\"https:\\\/\\\/hovikulta.fi\\\/store\\\/muut-tuotteet\\\/kultainen-bismarck-kaulakoru-3\\\/#primaryimage\"},\"image\":{\"@id\":\"https:\\\/\\\/hovikulta.fi\\\/store\\\/muut-tuotteet\\\/kultainen-bismarck-kaulakoru-3\\\/#primaryimage\"},\"thumbnailUrl\":\"https:\\\/\\\/hovikulta.fi\\\/wp-content\\\/uploads\\\/catalog\\\/product\\\/KSkkkabism45cm68.jpg\",\"datePublished\":\"2016-04-26T07:57:16+00:00\",\"dateModified\":\"2016-08-01T12:38:15+00:00\",\"breadcrumb\":{\"@id\":\"https:\\\/\\\/hovikulta.fi\\\/store\\\/muut-tuotteet\\\/kultainen-bismarck-kaulakoru-3\\\/#breadcrumb\"},\"inLanguage\":\"en-US\",\"potentialAction\":[{\"@type\":\"ReadAction\",\"target\":[\"https:\\\/\\\/hovikulta.fi\\\/store\\\/muut-tuotteet\\\/kultainen-bismarck-kaulakoru-3\\\/\"]}]},{\"@type\":\"ImageObject\",\"inLanguage\":\"en-US\",\"@id\":\"https:\\\/\\\/hovikulta.fi\\\/store\\\/muut-tuotteet\\\/kultainen-bismarck-kaulakoru-3\\\/#primaryimage\",\"url\":\"https:\\\/\\\/hovikulta.fi\\\/wp-content\\\/uploads\\\/catalog\\\/product\\\/KSkkkabism45cm68.jpg\",\"contentUrl\":\"https:\\\/\\\/hovikulta.fi\\\/wp-content\\\/uploads\\\/catalog\\\/product\\\/KSkkkabism45cm68.jpg\",\"width\":600,\"height\":600},{\"@type\":\"BreadcrumbList\",\"@id\":\"https:\\\/\\\/hovikulta.fi\\\/store\\\/muut-tuotteet\\\/kultainen-bismarck-kaulakoru-3\\\/#breadcrumb\",\"itemListElement\":[{\"@type\":\"ListItem\",\"position\":1,\"name\":\"Home\",\"item\":\"https:\\\/\\\/hovikulta.fi\\\/en\\\/\"},{\"@type\":\"ListItem\",\"position\":2,\"name\":\"Store\",\"item\":\"https:\\\/\\\/hovikulta.fi\\\/en\\\/store\\\/\"},{\"@type\":\"ListItem\",\"position\":3,\"name\":\"Golden Bismarck necklace\"}]},{\"@type\":\"WebSite\",\"@id\":\"https:\\\/\\\/hovikulta.fi\\\/#website\",\"url\":\"https:\\\/\\\/hovikulta.fi\\\/\",\"name\":\"Kultasepp&auml; Hovikulta Oy, Turku &ndash; Kellot, korut ja kihlat\",\"description\":\"\",\"potentialAction\":[{\"@type\":\"SearchAction\",\"target\":{\"@type\":\"EntryPoint\",\"urlTemplate\":\"https:\\\/\\\/hovikulta.fi\\\/?s={search_term_string}\"},\"query-input\":{\"@type\":\"PropertyValueSpecification\",\"valueRequired\":true,\"valueName\":\"search_term_string\"}}],\"inLanguage\":\"en-US\"}]}<\/script>\n<!-- \/ Yoast SEO plugin. -->","yoast_head_json":{"title":"Kultasepp&auml; Hovikulta Oy, Turku &ndash; Kellot, korut ja kihlat - Golden Bismarck necklace","robots":{"index":"index","follow":"follow","max-snippet":"max-snippet:-1","max-image-preview":"max-image-preview:large","max-video-preview":"max-video-preview:-1"},"canonical":"https:\/\/hovikulta.fi\/store\/muut-tuotteet\/kultainen-bismarck-kaulakoru-3\/","og_locale":"en_US","og_type":"article","og_title":"Kultasepp&auml; Hovikulta Oy, Turku &ndash; Kellot, korut ja kihlat - Golden Bismarck necklace","og_description":"Klassinen 14 karaatin Bismarck-kaulakoru. Kaunis, etuosastaan levenev\u00e4 malli, kotimaista k\u00e4sity\u00f6t\u00e4. Valmistaja Ketjusep\u00e4t Oy. Ketjun pituus on 45 cm. Ketjun leveys etuosasta&nbsp; 5mm ja&nbsp; kapeimmasta kohdastaan n. 3 mm. Kaulaketjun paino 6,8 grammaa. Bismarck-kaulaketjussa on parhain mahdollinen lukko eli kotelolukko, jossa varmuushakaset molemmin puolin.","og_url":"https:\/\/hovikulta.fi\/store\/muut-tuotteet\/kultainen-bismarck-kaulakoru-3\/","og_site_name":"Kultasepp&auml; Hovikulta Oy, Turku &ndash; Kellot, korut ja kihlat","article_modified_time":"2016-08-01T12:38:15+00:00","og_image":[{"width":600,"height":600,"url":"https:\/\/hovikulta.fi\/wp-content\/uploads\/catalog\/product\/KSkkkabism45cm68.jpg","type":"image\/jpeg"}],"twitter_card":"summary_large_image","schema":{"@context":"https:\/\/schema.org","@graph":[{"@type":"WebPage","@id":"https:\/\/hovikulta.fi\/store\/muut-tuotteet\/kultainen-bismarck-kaulakoru-3\/","url":"https:\/\/hovikulta.fi\/store\/muut-tuotteet\/kultainen-bismarck-kaulakoru-3\/","name":"Kultasepp&auml; Hovikulta Oy, Turku &ndash; Kellot, korut ja kihlat - Golden Bismarck necklace","isPartOf":{"@id":"https:\/\/hovikulta.fi\/#website"},"primaryImageOfPage":{"@id":"https:\/\/hovikulta.fi\/store\/muut-tuotteet\/kultainen-bismarck-kaulakoru-3\/#primaryimage"},"image":{"@id":"https:\/\/hovikulta.fi\/store\/muut-tuotteet\/kultainen-bismarck-kaulakoru-3\/#primaryimage"},"thumbnailUrl":"https:\/\/hovikulta.fi\/wp-content\/uploads\/catalog\/product\/KSkkkabism45cm68.jpg","datePublished":"2016-04-26T07:57:16+00:00","dateModified":"2016-08-01T12:38:15+00:00","breadcrumb":{"@id":"https:\/\/hovikulta.fi\/store\/muut-tuotteet\/kultainen-bismarck-kaulakoru-3\/#breadcrumb"},"inLanguage":"en-US","potentialAction":[{"@type":"ReadAction","target":["https:\/\/hovikulta.fi\/store\/muut-tuotteet\/kultainen-bismarck-kaulakoru-3\/"]}]},{"@type":"ImageObject","inLanguage":"en-US","@id":"https:\/\/hovikulta.fi\/store\/muut-tuotteet\/kultainen-bismarck-kaulakoru-3\/#primaryimage","url":"https:\/\/hovikulta.fi\/wp-content\/uploads\/catalog\/product\/KSkkkabism45cm68.jpg","contentUrl":"https:\/\/hovikulta.fi\/wp-content\/uploads\/catalog\/product\/KSkkkabism45cm68.jpg","width":600,"height":600},{"@type":"BreadcrumbList","@id":"https:\/\/hovikulta.fi\/store\/muut-tuotteet\/kultainen-bismarck-kaulakoru-3\/#breadcrumb","itemListElement":[{"@type":"ListItem","position":1,"name":"Home","item":"https:\/\/hovikulta.fi\/en\/"},{"@type":"ListItem","position":2,"name":"Store","item":"https:\/\/hovikulta.fi\/en\/store\/"},{"@type":"ListItem","position":3,"name":"Golden Bismarck necklace"}]},{"@type":"WebSite","@id":"https:\/\/hovikulta.fi\/#website","url":"https:\/\/hovikulta.fi\/","name":"Kultasepp&auml; Hovikulta Oy, Turku &ndash; Kellot, korut ja kihlat","description":"","potentialAction":[{"@type":"SearchAction","target":{"@type":"EntryPoint","urlTemplate":"https:\/\/hovikulta.fi\/?s={search_term_string}"},"query-input":{"@type":"PropertyValueSpecification","valueRequired":true,"valueName":"search_term_string"}}],"inLanguage":"en-US"}]}},"_links":{"self":[{"href":"https:\/\/hovikulta.fi\/en\/wp-json\/wp\/v2\/product\/4143","targetHints":{"allow":["GET"]}}],"collection":[{"href":"https:\/\/hovikulta.fi\/en\/wp-json\/wp\/v2\/product"}],"about":[{"href":"https:\/\/hovikulta.fi\/en\/wp-json\/wp\/v2\/types\/product"}],"replies":[{"embeddable":true,"href":"https:\/\/hovikulta.fi\/en\/wp-json\/wp\/v2\/comments?post=4143"}],"wp:featuredmedia":[{"embeddable":true,"href":"https:\/\/hovikulta.fi\/en\/wp-json\/wp\/v2\/media\/4141"}],"wp:attachment":[{"href":"https:\/\/hovikulta.fi\/en\/wp-json\/wp\/v2\/media?parent=4143"}],"wp:term":[{"taxonomy":"product_brand","embeddable":true,"href":"https:\/\/hovikulta.fi\/en\/wp-json\/wp\/v2\/product_brand?post=4143"},{"taxonomy":"product_cat","embeddable":true,"href":"https:\/\/hovikulta.fi\/en\/wp-json\/wp\/v2\/product_cat?post=4143"},{"taxonomy":"product_tag","embeddable":true,"href":"https:\/\/hovikulta.fi\/en\/wp-json\/wp\/v2\/product_tag?post=4143"}],"curies":[{"name":"wp","href":"https:\/\/api.w.org\/{rel}","templated":true}]}}