{"id":4199,"date":"2016-05-19T12:40:01","date_gmt":"2016-05-19T12:40:01","guid":{"rendered":"https:\/\/hovikulta.fi\/?product=white-gold-diamond-ring-030-ct-tw-vs"},"modified":"2019-09-07T08:47:11","modified_gmt":"2019-09-07T08:47:11","slug":"white-gold-diamond-ring-030-ct-tw-vs","status":"publish","type":"product","link":"https:\/\/hovikulta.fi\/en\/store\/rings\/diamond-rings\/white-gold-diamond-ring-030-ct-tw-vs\/","title":{"rendered":"White gold diamond ring, 0,30 ct  tw vs"},"content":{"rendered":"<p>Upea rivitimanttisormus on kotimaista k\u00e4sity\u00f6t\u00e4. Runko 18 karaatin valkokultaa. Runko kapenee aavistuksen taakse ja istuu toisen sormuksen viereen kauniisti. Keskimm\u00e4inen ja suurin timanteista on shampanjan v\u00e4rinen. Timanttien yhteispaino on 0,30 ct =&nbsp; 0,13 ct c\/p + 2 x 0,05 ct w\/si, + hierreistutetut timantit yhteens\u00e4 6 kappaletta,yhteispaino 0,07 w\/si. Sormus on uniikkituote. Valmistaja Hovikulta Oy.<\/p>\n<p>Muistathan ilmoittaa kokosi tilauksen yhteydess\u00e4!<\/p>\n","protected":false},"excerpt":{"rendered":"<p>Upea rivitimanttisormus on kotimaista k\u00e4sity\u00f6t\u00e4. Runko 18 karaatin valkokultaa. Runko kapenee aavistuksen taakse ja istuu toisen sormuksen viereen kauniisti. Keskimm\u00e4inen ja suurin timanteista on shampanjan v\u00e4rinen. Timanttien yhteispaino on 0,30 ct =&nbsp; 0,13 ct c\/p + 2 x 0,05 ct w\/si, + hierreistutetut timantit yhteens\u00e4 6 kappaletta,yhteispaino 0,07 w\/si. Sormus on uniikkituote. Valmistaja Hovikulta Oy.&hellip;<\/p>\n","protected":false},"featured_media":7464,"comment_status":"open","ping_status":"closed","template":"","meta":{"_acf_changed":false},"product_brand":[1384],"product_cat":[1344,1330],"product_tag":[1678],"class_list":{"0":"post-4199","1":"product","2":"type-product","3":"status-publish","4":"has-post-thumbnail","6":"product_brand-hovikulta-oy-en","7":"product_cat-diamond-rings","8":"product_cat-rings","9":"product_tag-vihkisormus-2-en","11":"first","12":"outofstock","13":"taxable","14":"shipping-taxable","15":"purchasable","16":"product-type-simple"},"acf":[],"yoast_head":"<!-- This site is optimized with the Yoast SEO plugin v27.4 - https:\/\/yoast.com\/product\/yoast-seo-wordpress\/ -->\n<title>Kultasepp&auml; Hovikulta Oy, Turku &ndash; Kellot, korut ja kihlat - White gold diamond ring, 0,30 ct tw vs<\/title>\n<meta name=\"robots\" content=\"index, follow, max-snippet:-1, max-image-preview:large, max-video-preview:-1\" \/>\n<link rel=\"canonical\" href=\"https:\/\/hovikulta.fi\/en\/store\/rings\/diamond-rings\/white-gold-diamond-ring-030-ct-tw-vs\/\" \/>\n<meta property=\"og:locale\" content=\"en_US\" \/>\n<meta property=\"og:type\" content=\"article\" \/>\n<meta property=\"og:title\" content=\"Kultasepp&auml; Hovikulta Oy, Turku &ndash; Kellot, korut ja kihlat - White gold diamond ring, 0,30 ct tw vs\" \/>\n<meta property=\"og:description\" content=\"Upea rivitimanttisormus on kotimaista k\u00e4sity\u00f6t\u00e4. Runko 18 karaatin valkokultaa. Runko kapenee aavistuksen taakse ja istuu toisen sormuksen viereen kauniisti. Keskimm\u00e4inen ja suurin timanteista on shampanjan v\u00e4rinen. Timanttien yhteispaino on 0,30 ct =&nbsp; 0,13 ct c\/p + 2 x 0,05 ct w\/si, + hierreistutetut timantit yhteens\u00e4 6 kappaletta,yhteispaino 0,07 w\/si. Sormus on uniikkituote. Valmistaja Hovikulta Oy.&hellip;\" \/>\n<meta property=\"og:url\" content=\"https:\/\/hovikulta.fi\/en\/store\/rings\/diamond-rings\/white-gold-diamond-ring-030-ct-tw-vs\/\" \/>\n<meta property=\"og:site_name\" content=\"Kultasepp&auml; Hovikulta Oy, Turku &ndash; Kellot, korut ja kihlat\" \/>\n<meta property=\"article:modified_time\" content=\"2019-09-07T08:47:11+00:00\" \/>\n<meta property=\"og:image\" content=\"https:\/\/hovikulta.fi\/wp-content\/uploads\/catalog\/product\/HOsovk029shamppikku1.jpg\" \/>\n\t<meta property=\"og:image:width\" content=\"600\" \/>\n\t<meta property=\"og:image:height\" content=\"600\" \/>\n\t<meta property=\"og:image:type\" content=\"image\/jpeg\" \/>\n<meta name=\"twitter:card\" content=\"summary_large_image\" \/>\n<script type=\"application\/ld+json\" class=\"yoast-schema-graph\">{\"@context\":\"https:\\\/\\\/schema.org\",\"@graph\":[{\"@type\":\"WebPage\",\"@id\":\"https:\\\/\\\/hovikulta.fi\\\/en\\\/store\\\/rings\\\/diamond-rings\\\/white-gold-diamond-ring-030-ct-tw-vs\\\/\",\"url\":\"https:\\\/\\\/hovikulta.fi\\\/en\\\/store\\\/rings\\\/diamond-rings\\\/white-gold-diamond-ring-030-ct-tw-vs\\\/\",\"name\":\"Kultasepp&auml; Hovikulta Oy, Turku &ndash; Kellot, korut ja kihlat - White gold diamond ring, 0,30 ct tw vs\",\"isPartOf\":{\"@id\":\"https:\\\/\\\/hovikulta.fi\\\/#website\"},\"primaryImageOfPage\":{\"@id\":\"https:\\\/\\\/hovikulta.fi\\\/en\\\/store\\\/rings\\\/diamond-rings\\\/white-gold-diamond-ring-030-ct-tw-vs\\\/#primaryimage\"},\"image\":{\"@id\":\"https:\\\/\\\/hovikulta.fi\\\/en\\\/store\\\/rings\\\/diamond-rings\\\/white-gold-diamond-ring-030-ct-tw-vs\\\/#primaryimage\"},\"thumbnailUrl\":\"https:\\\/\\\/hovikulta.fi\\\/wp-content\\\/uploads\\\/catalog\\\/product\\\/HOsovk029shamppikku1.jpg\",\"datePublished\":\"2016-05-19T12:40:01+00:00\",\"dateModified\":\"2019-09-07T08:47:11+00:00\",\"breadcrumb\":{\"@id\":\"https:\\\/\\\/hovikulta.fi\\\/en\\\/store\\\/rings\\\/diamond-rings\\\/white-gold-diamond-ring-030-ct-tw-vs\\\/#breadcrumb\"},\"inLanguage\":\"en-US\",\"potentialAction\":[{\"@type\":\"ReadAction\",\"target\":[\"https:\\\/\\\/hovikulta.fi\\\/en\\\/store\\\/rings\\\/diamond-rings\\\/white-gold-diamond-ring-030-ct-tw-vs\\\/\"]}]},{\"@type\":\"ImageObject\",\"inLanguage\":\"en-US\",\"@id\":\"https:\\\/\\\/hovikulta.fi\\\/en\\\/store\\\/rings\\\/diamond-rings\\\/white-gold-diamond-ring-030-ct-tw-vs\\\/#primaryimage\",\"url\":\"https:\\\/\\\/hovikulta.fi\\\/wp-content\\\/uploads\\\/catalog\\\/product\\\/HOsovk029shamppikku1.jpg\",\"contentUrl\":\"https:\\\/\\\/hovikulta.fi\\\/wp-content\\\/uploads\\\/catalog\\\/product\\\/HOsovk029shamppikku1.jpg\",\"width\":600,\"height\":600},{\"@type\":\"BreadcrumbList\",\"@id\":\"https:\\\/\\\/hovikulta.fi\\\/en\\\/store\\\/rings\\\/diamond-rings\\\/white-gold-diamond-ring-030-ct-tw-vs\\\/#breadcrumb\",\"itemListElement\":[{\"@type\":\"ListItem\",\"position\":1,\"name\":\"Home\",\"item\":\"https:\\\/\\\/hovikulta.fi\\\/en\\\/\"},{\"@type\":\"ListItem\",\"position\":2,\"name\":\"Store\",\"item\":\"https:\\\/\\\/hovikulta.fi\\\/en\\\/store\\\/\"},{\"@type\":\"ListItem\",\"position\":3,\"name\":\"White gold diamond ring, 0,30 ct tw vs\"}]},{\"@type\":\"WebSite\",\"@id\":\"https:\\\/\\\/hovikulta.fi\\\/#website\",\"url\":\"https:\\\/\\\/hovikulta.fi\\\/\",\"name\":\"Kultasepp&auml; Hovikulta Oy, Turku &ndash; Kellot, korut ja kihlat\",\"description\":\"\",\"potentialAction\":[{\"@type\":\"SearchAction\",\"target\":{\"@type\":\"EntryPoint\",\"urlTemplate\":\"https:\\\/\\\/hovikulta.fi\\\/?s={search_term_string}\"},\"query-input\":{\"@type\":\"PropertyValueSpecification\",\"valueRequired\":true,\"valueName\":\"search_term_string\"}}],\"inLanguage\":\"en-US\"}]}<\/script>\n<!-- \/ Yoast SEO plugin. -->","yoast_head_json":{"title":"Kultasepp&auml; Hovikulta Oy, Turku &ndash; Kellot, korut ja kihlat - White gold diamond ring, 0,30 ct tw vs","robots":{"index":"index","follow":"follow","max-snippet":"max-snippet:-1","max-image-preview":"max-image-preview:large","max-video-preview":"max-video-preview:-1"},"canonical":"https:\/\/hovikulta.fi\/en\/store\/rings\/diamond-rings\/white-gold-diamond-ring-030-ct-tw-vs\/","og_locale":"en_US","og_type":"article","og_title":"Kultasepp&auml; Hovikulta Oy, Turku &ndash; Kellot, korut ja kihlat - White gold diamond ring, 0,30 ct tw vs","og_description":"Upea rivitimanttisormus on kotimaista k\u00e4sity\u00f6t\u00e4. Runko 18 karaatin valkokultaa. Runko kapenee aavistuksen taakse ja istuu toisen sormuksen viereen kauniisti. Keskimm\u00e4inen ja suurin timanteista on shampanjan v\u00e4rinen. Timanttien yhteispaino on 0,30 ct =&nbsp; 0,13 ct c\/p + 2 x 0,05 ct w\/si, + hierreistutetut timantit yhteens\u00e4 6 kappaletta,yhteispaino 0,07 w\/si. Sormus on uniikkituote. Valmistaja Hovikulta Oy.&hellip;","og_url":"https:\/\/hovikulta.fi\/en\/store\/rings\/diamond-rings\/white-gold-diamond-ring-030-ct-tw-vs\/","og_site_name":"Kultasepp&auml; Hovikulta Oy, Turku &ndash; Kellot, korut ja kihlat","article_modified_time":"2019-09-07T08:47:11+00:00","og_image":[{"width":600,"height":600,"url":"https:\/\/hovikulta.fi\/wp-content\/uploads\/catalog\/product\/HOsovk029shamppikku1.jpg","type":"image\/jpeg"}],"twitter_card":"summary_large_image","schema":{"@context":"https:\/\/schema.org","@graph":[{"@type":"WebPage","@id":"https:\/\/hovikulta.fi\/en\/store\/rings\/diamond-rings\/white-gold-diamond-ring-030-ct-tw-vs\/","url":"https:\/\/hovikulta.fi\/en\/store\/rings\/diamond-rings\/white-gold-diamond-ring-030-ct-tw-vs\/","name":"Kultasepp&auml; Hovikulta Oy, Turku &ndash; Kellot, korut ja kihlat - White gold diamond ring, 0,30 ct tw vs","isPartOf":{"@id":"https:\/\/hovikulta.fi\/#website"},"primaryImageOfPage":{"@id":"https:\/\/hovikulta.fi\/en\/store\/rings\/diamond-rings\/white-gold-diamond-ring-030-ct-tw-vs\/#primaryimage"},"image":{"@id":"https:\/\/hovikulta.fi\/en\/store\/rings\/diamond-rings\/white-gold-diamond-ring-030-ct-tw-vs\/#primaryimage"},"thumbnailUrl":"https:\/\/hovikulta.fi\/wp-content\/uploads\/catalog\/product\/HOsovk029shamppikku1.jpg","datePublished":"2016-05-19T12:40:01+00:00","dateModified":"2019-09-07T08:47:11+00:00","breadcrumb":{"@id":"https:\/\/hovikulta.fi\/en\/store\/rings\/diamond-rings\/white-gold-diamond-ring-030-ct-tw-vs\/#breadcrumb"},"inLanguage":"en-US","potentialAction":[{"@type":"ReadAction","target":["https:\/\/hovikulta.fi\/en\/store\/rings\/diamond-rings\/white-gold-diamond-ring-030-ct-tw-vs\/"]}]},{"@type":"ImageObject","inLanguage":"en-US","@id":"https:\/\/hovikulta.fi\/en\/store\/rings\/diamond-rings\/white-gold-diamond-ring-030-ct-tw-vs\/#primaryimage","url":"https:\/\/hovikulta.fi\/wp-content\/uploads\/catalog\/product\/HOsovk029shamppikku1.jpg","contentUrl":"https:\/\/hovikulta.fi\/wp-content\/uploads\/catalog\/product\/HOsovk029shamppikku1.jpg","width":600,"height":600},{"@type":"BreadcrumbList","@id":"https:\/\/hovikulta.fi\/en\/store\/rings\/diamond-rings\/white-gold-diamond-ring-030-ct-tw-vs\/#breadcrumb","itemListElement":[{"@type":"ListItem","position":1,"name":"Home","item":"https:\/\/hovikulta.fi\/en\/"},{"@type":"ListItem","position":2,"name":"Store","item":"https:\/\/hovikulta.fi\/en\/store\/"},{"@type":"ListItem","position":3,"name":"White gold diamond ring, 0,30 ct tw vs"}]},{"@type":"WebSite","@id":"https:\/\/hovikulta.fi\/#website","url":"https:\/\/hovikulta.fi\/","name":"Kultasepp&auml; Hovikulta Oy, Turku &ndash; Kellot, korut ja kihlat","description":"","potentialAction":[{"@type":"SearchAction","target":{"@type":"EntryPoint","urlTemplate":"https:\/\/hovikulta.fi\/?s={search_term_string}"},"query-input":{"@type":"PropertyValueSpecification","valueRequired":true,"valueName":"search_term_string"}}],"inLanguage":"en-US"}]}},"_links":{"self":[{"href":"https:\/\/hovikulta.fi\/en\/wp-json\/wp\/v2\/product\/4199","targetHints":{"allow":["GET"]}}],"collection":[{"href":"https:\/\/hovikulta.fi\/en\/wp-json\/wp\/v2\/product"}],"about":[{"href":"https:\/\/hovikulta.fi\/en\/wp-json\/wp\/v2\/types\/product"}],"replies":[{"embeddable":true,"href":"https:\/\/hovikulta.fi\/en\/wp-json\/wp\/v2\/comments?post=4199"}],"wp:featuredmedia":[{"embeddable":true,"href":"https:\/\/hovikulta.fi\/en\/wp-json\/wp\/v2\/media\/7464"}],"wp:attachment":[{"href":"https:\/\/hovikulta.fi\/en\/wp-json\/wp\/v2\/media?parent=4199"}],"wp:term":[{"taxonomy":"product_brand","embeddable":true,"href":"https:\/\/hovikulta.fi\/en\/wp-json\/wp\/v2\/product_brand?post=4199"},{"taxonomy":"product_cat","embeddable":true,"href":"https:\/\/hovikulta.fi\/en\/wp-json\/wp\/v2\/product_cat?post=4199"},{"taxonomy":"product_tag","embeddable":true,"href":"https:\/\/hovikulta.fi\/en\/wp-json\/wp\/v2\/product_tag?post=4199"}],"curies":[{"name":"wp","href":"https:\/\/api.w.org\/{rel}","templated":true}]}}