{"id":4232,"date":"2016-06-07T10:35:19","date_gmt":"2016-06-07T10:35:19","guid":{"rendered":"https:\/\/hovikulta.fi\/?product=golden-diamond-ring-with-diamonds"},"modified":"2016-06-07T10:42:49","modified_gmt":"2016-06-07T10:42:49","slug":"golden-diamond-ring-with-diamonds","status":"publish","type":"product","link":"https:\/\/hovikulta.fi\/en\/store\/rings\/diamond-rings\/golden-diamond-ring-with-diamonds\/","title":{"rendered":"Golden diamond ring with diamonds"},"content":{"rendered":"<p>Keltakultasormus, jossa on 5 timanttia. Sormus on 14 karaatin kultaa ja timanttien yhteispaino on 0.05ct. Sormus on edest\u00e4 noin 10 mm leve\u00e4. Runko kapenee taakse, takana rungon leveys on reilut 2mm. Timanttisormus on valmistettu Italiassa. Hieno merkkip\u00e4iv\u00e4lahja!<\/p>\n<p>Muistathan ilmoittaa kokosi tilauksen yhteydess\u00e4.<\/p>\n","protected":false},"excerpt":{"rendered":"<p>Keltakultasormus, jossa on 5 timanttia. Sormus on 14 karaatin kultaa ja timanttien yhteispaino on 0.05ct. Sormus on edest\u00e4 noin 10 mm leve\u00e4. Runko kapenee taakse, takana rungon leveys on reilut 2mm. Timanttisormus on valmistettu Italiassa. Hieno merkkip\u00e4iv\u00e4lahja! Muistathan ilmoittaa kokosi tilauksen yhteydess\u00e4.<\/p>\n","protected":false},"featured_media":4229,"comment_status":"open","ping_status":"closed","template":"","meta":{"_acf_changed":false},"product_brand":[],"product_cat":[1344,1330],"product_tag":[],"class_list":{"0":"post-4232","1":"product","2":"type-product","3":"status-publish","4":"has-post-thumbnail","6":"product_cat-diamond-rings","7":"product_cat-rings","9":"first","10":"outofstock","11":"sold-individually","12":"taxable","13":"shipping-taxable","14":"purchasable","15":"product-type-simple"},"acf":[],"yoast_head":"<!-- This site is optimized with the Yoast SEO plugin v27.5 - https:\/\/yoast.com\/product\/yoast-seo-wordpress\/ -->\n<title>Kultasepp&auml; Hovikulta Oy, Turku &ndash; Kellot, korut ja kihlat - Golden diamond ring with diamonds<\/title>\n<meta name=\"robots\" content=\"index, follow, max-snippet:-1, max-image-preview:large, max-video-preview:-1\" \/>\n<link rel=\"canonical\" href=\"https:\/\/hovikulta.fi\/en\/store\/rings\/diamond-rings\/golden-diamond-ring-with-diamonds\/\" \/>\n<meta property=\"og:locale\" content=\"en_US\" \/>\n<meta property=\"og:type\" content=\"article\" \/>\n<meta property=\"og:title\" content=\"Kultasepp&auml; Hovikulta Oy, Turku &ndash; Kellot, korut ja kihlat - Golden diamond ring with diamonds\" \/>\n<meta property=\"og:description\" content=\"Keltakultasormus, jossa on 5 timanttia. Sormus on 14 karaatin kultaa ja timanttien yhteispaino on 0.05ct. Sormus on edest\u00e4 noin 10 mm leve\u00e4. Runko kapenee taakse, takana rungon leveys on reilut 2mm. Timanttisormus on valmistettu Italiassa. Hieno merkkip\u00e4iv\u00e4lahja! Muistathan ilmoittaa kokosi tilauksen yhteydess\u00e4.\" \/>\n<meta property=\"og:url\" content=\"https:\/\/hovikulta.fi\/en\/store\/rings\/diamond-rings\/golden-diamond-ring-with-diamonds\/\" \/>\n<meta property=\"og:site_name\" content=\"Kultasepp&auml; Hovikulta Oy, Turku &ndash; Kellot, korut ja kihlat\" \/>\n<meta property=\"article:modified_time\" content=\"2016-06-07T10:42:49+00:00\" \/>\n<meta property=\"og:image\" content=\"https:\/\/hovikulta.fi\/wp-content\/uploads\/catalog\/product\/ITAsokk005WSIpikku1.jpg\" \/>\n\t<meta property=\"og:image:width\" content=\"600\" \/>\n\t<meta property=\"og:image:height\" content=\"600\" \/>\n\t<meta property=\"og:image:type\" content=\"image\/jpeg\" \/>\n<meta name=\"twitter:card\" content=\"summary_large_image\" \/>\n<script type=\"application\/ld+json\" class=\"yoast-schema-graph\">{\"@context\":\"https:\\\/\\\/schema.org\",\"@graph\":[{\"@type\":\"WebPage\",\"@id\":\"https:\\\/\\\/hovikulta.fi\\\/en\\\/store\\\/rings\\\/diamond-rings\\\/golden-diamond-ring-with-diamonds\\\/\",\"url\":\"https:\\\/\\\/hovikulta.fi\\\/en\\\/store\\\/rings\\\/diamond-rings\\\/golden-diamond-ring-with-diamonds\\\/\",\"name\":\"Kultasepp&auml; Hovikulta Oy, Turku &ndash; Kellot, korut ja kihlat - Golden diamond ring with diamonds\",\"isPartOf\":{\"@id\":\"https:\\\/\\\/hovikulta.fi\\\/#website\"},\"primaryImageOfPage\":{\"@id\":\"https:\\\/\\\/hovikulta.fi\\\/en\\\/store\\\/rings\\\/diamond-rings\\\/golden-diamond-ring-with-diamonds\\\/#primaryimage\"},\"image\":{\"@id\":\"https:\\\/\\\/hovikulta.fi\\\/en\\\/store\\\/rings\\\/diamond-rings\\\/golden-diamond-ring-with-diamonds\\\/#primaryimage\"},\"thumbnailUrl\":\"https:\\\/\\\/hovikulta.fi\\\/wp-content\\\/uploads\\\/catalog\\\/product\\\/ITAsokk005WSIpikku1.jpg\",\"datePublished\":\"2016-06-07T10:35:19+00:00\",\"dateModified\":\"2016-06-07T10:42:49+00:00\",\"breadcrumb\":{\"@id\":\"https:\\\/\\\/hovikulta.fi\\\/en\\\/store\\\/rings\\\/diamond-rings\\\/golden-diamond-ring-with-diamonds\\\/#breadcrumb\"},\"inLanguage\":\"en-US\",\"potentialAction\":[{\"@type\":\"ReadAction\",\"target\":[\"https:\\\/\\\/hovikulta.fi\\\/en\\\/store\\\/rings\\\/diamond-rings\\\/golden-diamond-ring-with-diamonds\\\/\"]}]},{\"@type\":\"ImageObject\",\"inLanguage\":\"en-US\",\"@id\":\"https:\\\/\\\/hovikulta.fi\\\/en\\\/store\\\/rings\\\/diamond-rings\\\/golden-diamond-ring-with-diamonds\\\/#primaryimage\",\"url\":\"https:\\\/\\\/hovikulta.fi\\\/wp-content\\\/uploads\\\/catalog\\\/product\\\/ITAsokk005WSIpikku1.jpg\",\"contentUrl\":\"https:\\\/\\\/hovikulta.fi\\\/wp-content\\\/uploads\\\/catalog\\\/product\\\/ITAsokk005WSIpikku1.jpg\",\"width\":600,\"height\":600},{\"@type\":\"BreadcrumbList\",\"@id\":\"https:\\\/\\\/hovikulta.fi\\\/en\\\/store\\\/rings\\\/diamond-rings\\\/golden-diamond-ring-with-diamonds\\\/#breadcrumb\",\"itemListElement\":[{\"@type\":\"ListItem\",\"position\":1,\"name\":\"Home\",\"item\":\"https:\\\/\\\/hovikulta.fi\\\/en\\\/\"},{\"@type\":\"ListItem\",\"position\":2,\"name\":\"Store\",\"item\":\"https:\\\/\\\/hovikulta.fi\\\/en\\\/store\\\/\"},{\"@type\":\"ListItem\",\"position\":3,\"name\":\"Golden diamond ring with diamonds\"}]},{\"@type\":\"WebSite\",\"@id\":\"https:\\\/\\\/hovikulta.fi\\\/#website\",\"url\":\"https:\\\/\\\/hovikulta.fi\\\/\",\"name\":\"Kultasepp&auml; Hovikulta Oy, Turku &ndash; Kellot, korut ja kihlat\",\"description\":\"\",\"potentialAction\":[{\"@type\":\"SearchAction\",\"target\":{\"@type\":\"EntryPoint\",\"urlTemplate\":\"https:\\\/\\\/hovikulta.fi\\\/?s={search_term_string}\"},\"query-input\":{\"@type\":\"PropertyValueSpecification\",\"valueRequired\":true,\"valueName\":\"search_term_string\"}}],\"inLanguage\":\"en-US\"}]}<\/script>\n<!-- \/ Yoast SEO plugin. -->","yoast_head_json":{"title":"Kultasepp&auml; Hovikulta Oy, Turku &ndash; Kellot, korut ja kihlat - Golden diamond ring with diamonds","robots":{"index":"index","follow":"follow","max-snippet":"max-snippet:-1","max-image-preview":"max-image-preview:large","max-video-preview":"max-video-preview:-1"},"canonical":"https:\/\/hovikulta.fi\/en\/store\/rings\/diamond-rings\/golden-diamond-ring-with-diamonds\/","og_locale":"en_US","og_type":"article","og_title":"Kultasepp&auml; Hovikulta Oy, Turku &ndash; Kellot, korut ja kihlat - Golden diamond ring with diamonds","og_description":"Keltakultasormus, jossa on 5 timanttia. Sormus on 14 karaatin kultaa ja timanttien yhteispaino on 0.05ct. Sormus on edest\u00e4 noin 10 mm leve\u00e4. Runko kapenee taakse, takana rungon leveys on reilut 2mm. Timanttisormus on valmistettu Italiassa. Hieno merkkip\u00e4iv\u00e4lahja! Muistathan ilmoittaa kokosi tilauksen yhteydess\u00e4.","og_url":"https:\/\/hovikulta.fi\/en\/store\/rings\/diamond-rings\/golden-diamond-ring-with-diamonds\/","og_site_name":"Kultasepp&auml; Hovikulta Oy, Turku &ndash; Kellot, korut ja kihlat","article_modified_time":"2016-06-07T10:42:49+00:00","og_image":[{"width":600,"height":600,"url":"https:\/\/hovikulta.fi\/wp-content\/uploads\/catalog\/product\/ITAsokk005WSIpikku1.jpg","type":"image\/jpeg"}],"twitter_card":"summary_large_image","schema":{"@context":"https:\/\/schema.org","@graph":[{"@type":"WebPage","@id":"https:\/\/hovikulta.fi\/en\/store\/rings\/diamond-rings\/golden-diamond-ring-with-diamonds\/","url":"https:\/\/hovikulta.fi\/en\/store\/rings\/diamond-rings\/golden-diamond-ring-with-diamonds\/","name":"Kultasepp&auml; Hovikulta Oy, Turku &ndash; Kellot, korut ja kihlat - Golden diamond ring with diamonds","isPartOf":{"@id":"https:\/\/hovikulta.fi\/#website"},"primaryImageOfPage":{"@id":"https:\/\/hovikulta.fi\/en\/store\/rings\/diamond-rings\/golden-diamond-ring-with-diamonds\/#primaryimage"},"image":{"@id":"https:\/\/hovikulta.fi\/en\/store\/rings\/diamond-rings\/golden-diamond-ring-with-diamonds\/#primaryimage"},"thumbnailUrl":"https:\/\/hovikulta.fi\/wp-content\/uploads\/catalog\/product\/ITAsokk005WSIpikku1.jpg","datePublished":"2016-06-07T10:35:19+00:00","dateModified":"2016-06-07T10:42:49+00:00","breadcrumb":{"@id":"https:\/\/hovikulta.fi\/en\/store\/rings\/diamond-rings\/golden-diamond-ring-with-diamonds\/#breadcrumb"},"inLanguage":"en-US","potentialAction":[{"@type":"ReadAction","target":["https:\/\/hovikulta.fi\/en\/store\/rings\/diamond-rings\/golden-diamond-ring-with-diamonds\/"]}]},{"@type":"ImageObject","inLanguage":"en-US","@id":"https:\/\/hovikulta.fi\/en\/store\/rings\/diamond-rings\/golden-diamond-ring-with-diamonds\/#primaryimage","url":"https:\/\/hovikulta.fi\/wp-content\/uploads\/catalog\/product\/ITAsokk005WSIpikku1.jpg","contentUrl":"https:\/\/hovikulta.fi\/wp-content\/uploads\/catalog\/product\/ITAsokk005WSIpikku1.jpg","width":600,"height":600},{"@type":"BreadcrumbList","@id":"https:\/\/hovikulta.fi\/en\/store\/rings\/diamond-rings\/golden-diamond-ring-with-diamonds\/#breadcrumb","itemListElement":[{"@type":"ListItem","position":1,"name":"Home","item":"https:\/\/hovikulta.fi\/en\/"},{"@type":"ListItem","position":2,"name":"Store","item":"https:\/\/hovikulta.fi\/en\/store\/"},{"@type":"ListItem","position":3,"name":"Golden diamond ring with diamonds"}]},{"@type":"WebSite","@id":"https:\/\/hovikulta.fi\/#website","url":"https:\/\/hovikulta.fi\/","name":"Kultasepp&auml; Hovikulta Oy, Turku &ndash; Kellot, korut ja kihlat","description":"","potentialAction":[{"@type":"SearchAction","target":{"@type":"EntryPoint","urlTemplate":"https:\/\/hovikulta.fi\/?s={search_term_string}"},"query-input":{"@type":"PropertyValueSpecification","valueRequired":true,"valueName":"search_term_string"}}],"inLanguage":"en-US"}]}},"_links":{"self":[{"href":"https:\/\/hovikulta.fi\/en\/wp-json\/wp\/v2\/product\/4232","targetHints":{"allow":["GET"]}}],"collection":[{"href":"https:\/\/hovikulta.fi\/en\/wp-json\/wp\/v2\/product"}],"about":[{"href":"https:\/\/hovikulta.fi\/en\/wp-json\/wp\/v2\/types\/product"}],"replies":[{"embeddable":true,"href":"https:\/\/hovikulta.fi\/en\/wp-json\/wp\/v2\/comments?post=4232"}],"wp:featuredmedia":[{"embeddable":true,"href":"https:\/\/hovikulta.fi\/en\/wp-json\/wp\/v2\/media\/4229"}],"wp:attachment":[{"href":"https:\/\/hovikulta.fi\/en\/wp-json\/wp\/v2\/media?parent=4232"}],"wp:term":[{"taxonomy":"product_brand","embeddable":true,"href":"https:\/\/hovikulta.fi\/en\/wp-json\/wp\/v2\/product_brand?post=4232"},{"taxonomy":"product_cat","embeddable":true,"href":"https:\/\/hovikulta.fi\/en\/wp-json\/wp\/v2\/product_cat?post=4232"},{"taxonomy":"product_tag","embeddable":true,"href":"https:\/\/hovikulta.fi\/en\/wp-json\/wp\/v2\/product_tag?post=4232"}],"curies":[{"name":"wp","href":"https:\/\/api.w.org\/{rel}","templated":true}]}}