{"id":4237,"date":"2016-06-07T10:44:53","date_gmt":"2016-06-07T10:44:53","guid":{"rendered":"https:\/\/hovikulta.fi\/?product=diamond-ring-0-33ct-w-vs"},"modified":"2017-02-10T08:51:51","modified_gmt":"2017-02-10T08:51:51","slug":"diamond-ring-0-33ct-w-vs","status":"publish","type":"product","link":"https:\/\/hovikulta.fi\/en\/store\/rings\/diamond-rings\/diamond-ring-0-33ct-w-vs\/","title":{"rendered":"Diamond ring 0.33ct W VS"},"content":{"rendered":"<p>Upea Kohinoor rivitimanttisormus. Sormuksessa on 5 baquette-hiontaista timanttia valkokultaistutuksella. Timanttien v\u00e4liss\u00e4 on valkokultapalkit,jotka lis\u00e4\u00e4v\u00e4t istutuksen n\u00e4ytt\u00e4vyytt\u00e4. Sormuksen runko on 14 karaatin keltakultaa. Timanttien yhteispaino on 0.33ct W VS. Runko on flakkamallinen eli kantikas. Rungon leveys on 2,5 mm. Sormus on Kohinoor-mallistoa ja Kultakeskus Oy:n valmistama H\u00e4meenlinnassa. Sormuksen mukana tulee aitoustodistus.<\/p>\n<p>Muistathan ilmoittaa kokosi tilauksen yhteydess\u00e4.<\/p>\n","protected":false},"excerpt":{"rendered":"<p>Upea Kohinoor rivitimanttisormus. Sormuksessa on 5 baquette-hiontaista timanttia valkokultaistutuksella. Timanttien v\u00e4liss\u00e4 on valkokultapalkit,jotka lis\u00e4\u00e4v\u00e4t istutuksen n\u00e4ytt\u00e4vyytt\u00e4. Sormuksen runko on 14 karaatin keltakultaa. Timanttien yhteispaino on 0.33ct W VS. Runko on flakkamallinen eli kantikas. Rungon leveys on 2,5 mm. Sormus on Kohinoor-mallistoa ja Kultakeskus Oy:n valmistama H\u00e4meenlinnassa. Sormuksen mukana tulee aitoustodistus. Muistathan ilmoittaa kokosi tilauksen yhteydess\u00e4.<\/p>\n","protected":false},"featured_media":4234,"comment_status":"open","ping_status":"closed","template":"","meta":{"_acf_changed":false},"product_brand":[1378],"product_cat":[1344,1330],"product_tag":[],"class_list":{"0":"post-4237","1":"product","2":"type-product","3":"status-publish","4":"has-post-thumbnail","6":"product_brand-kultakeskus-oy-en","7":"product_cat-diamond-rings","8":"product_cat-rings","10":"first","11":"instock","12":"taxable","13":"shipping-taxable","14":"purchasable","15":"product-type-simple"},"acf":[],"yoast_head":"<!-- This site is optimized with the Yoast SEO plugin v27.4 - https:\/\/yoast.com\/product\/yoast-seo-wordpress\/ -->\n<title>Kultasepp&auml; Hovikulta Oy, Turku &ndash; Kellot, korut ja kihlat - Diamond ring 0.33ct W VS<\/title>\n<meta name=\"robots\" content=\"index, follow, max-snippet:-1, max-image-preview:large, max-video-preview:-1\" \/>\n<link rel=\"canonical\" href=\"https:\/\/hovikulta.fi\/en\/store\/rings\/diamond-rings\/diamond-ring-0-33ct-w-vs\/\" \/>\n<meta property=\"og:locale\" content=\"en_US\" \/>\n<meta property=\"og:type\" content=\"article\" \/>\n<meta property=\"og:title\" content=\"Kultasepp&auml; Hovikulta Oy, Turku &ndash; Kellot, korut ja kihlat - Diamond ring 0.33ct W VS\" \/>\n<meta property=\"og:description\" content=\"Upea Kohinoor rivitimanttisormus. Sormuksessa on 5 baquette-hiontaista timanttia valkokultaistutuksella. Timanttien v\u00e4liss\u00e4 on valkokultapalkit,jotka lis\u00e4\u00e4v\u00e4t istutuksen n\u00e4ytt\u00e4vyytt\u00e4. Sormuksen runko on 14 karaatin keltakultaa. Timanttien yhteispaino on 0.33ct W VS. Runko on flakkamallinen eli kantikas. Rungon leveys on 2,5 mm. Sormus on Kohinoor-mallistoa ja Kultakeskus Oy:n valmistama H\u00e4meenlinnassa. Sormuksen mukana tulee aitoustodistus. Muistathan ilmoittaa kokosi tilauksen yhteydess\u00e4.\" \/>\n<meta property=\"og:url\" content=\"https:\/\/hovikulta.fi\/en\/store\/rings\/diamond-rings\/diamond-ring-0-33ct-w-vs\/\" \/>\n<meta property=\"og:site_name\" content=\"Kultasepp&auml; Hovikulta Oy, Turku &ndash; Kellot, korut ja kihlat\" \/>\n<meta property=\"article:modified_time\" content=\"2017-02-10T08:51:51+00:00\" \/>\n<meta property=\"og:image\" content=\"https:\/\/hovikulta.fi\/wp-content\/uploads\/catalog\/product\/KUsokkvk033WVSpikku2.jpg\" \/>\n\t<meta property=\"og:image:width\" content=\"600\" \/>\n\t<meta property=\"og:image:height\" content=\"600\" \/>\n\t<meta property=\"og:image:type\" content=\"image\/jpeg\" \/>\n<meta name=\"twitter:card\" content=\"summary_large_image\" \/>\n<script type=\"application\/ld+json\" class=\"yoast-schema-graph\">{\"@context\":\"https:\\\/\\\/schema.org\",\"@graph\":[{\"@type\":\"WebPage\",\"@id\":\"https:\\\/\\\/hovikulta.fi\\\/en\\\/store\\\/rings\\\/diamond-rings\\\/diamond-ring-0-33ct-w-vs\\\/\",\"url\":\"https:\\\/\\\/hovikulta.fi\\\/en\\\/store\\\/rings\\\/diamond-rings\\\/diamond-ring-0-33ct-w-vs\\\/\",\"name\":\"Kultasepp&auml; Hovikulta Oy, Turku &ndash; Kellot, korut ja kihlat - Diamond ring 0.33ct W VS\",\"isPartOf\":{\"@id\":\"https:\\\/\\\/hovikulta.fi\\\/#website\"},\"primaryImageOfPage\":{\"@id\":\"https:\\\/\\\/hovikulta.fi\\\/en\\\/store\\\/rings\\\/diamond-rings\\\/diamond-ring-0-33ct-w-vs\\\/#primaryimage\"},\"image\":{\"@id\":\"https:\\\/\\\/hovikulta.fi\\\/en\\\/store\\\/rings\\\/diamond-rings\\\/diamond-ring-0-33ct-w-vs\\\/#primaryimage\"},\"thumbnailUrl\":\"https:\\\/\\\/hovikulta.fi\\\/wp-content\\\/uploads\\\/catalog\\\/product\\\/KUsokkvk033WVSpikku2.jpg\",\"datePublished\":\"2016-06-07T10:44:53+00:00\",\"dateModified\":\"2017-02-10T08:51:51+00:00\",\"breadcrumb\":{\"@id\":\"https:\\\/\\\/hovikulta.fi\\\/en\\\/store\\\/rings\\\/diamond-rings\\\/diamond-ring-0-33ct-w-vs\\\/#breadcrumb\"},\"inLanguage\":\"en-US\",\"potentialAction\":[{\"@type\":\"ReadAction\",\"target\":[\"https:\\\/\\\/hovikulta.fi\\\/en\\\/store\\\/rings\\\/diamond-rings\\\/diamond-ring-0-33ct-w-vs\\\/\"]}]},{\"@type\":\"ImageObject\",\"inLanguage\":\"en-US\",\"@id\":\"https:\\\/\\\/hovikulta.fi\\\/en\\\/store\\\/rings\\\/diamond-rings\\\/diamond-ring-0-33ct-w-vs\\\/#primaryimage\",\"url\":\"https:\\\/\\\/hovikulta.fi\\\/wp-content\\\/uploads\\\/catalog\\\/product\\\/KUsokkvk033WVSpikku2.jpg\",\"contentUrl\":\"https:\\\/\\\/hovikulta.fi\\\/wp-content\\\/uploads\\\/catalog\\\/product\\\/KUsokkvk033WVSpikku2.jpg\",\"width\":600,\"height\":600},{\"@type\":\"BreadcrumbList\",\"@id\":\"https:\\\/\\\/hovikulta.fi\\\/en\\\/store\\\/rings\\\/diamond-rings\\\/diamond-ring-0-33ct-w-vs\\\/#breadcrumb\",\"itemListElement\":[{\"@type\":\"ListItem\",\"position\":1,\"name\":\"Home\",\"item\":\"https:\\\/\\\/hovikulta.fi\\\/en\\\/\"},{\"@type\":\"ListItem\",\"position\":2,\"name\":\"Store\",\"item\":\"https:\\\/\\\/hovikulta.fi\\\/en\\\/store\\\/\"},{\"@type\":\"ListItem\",\"position\":3,\"name\":\"Diamond ring 0.33ct W VS\"}]},{\"@type\":\"WebSite\",\"@id\":\"https:\\\/\\\/hovikulta.fi\\\/#website\",\"url\":\"https:\\\/\\\/hovikulta.fi\\\/\",\"name\":\"Kultasepp&auml; Hovikulta Oy, Turku &ndash; Kellot, korut ja kihlat\",\"description\":\"\",\"potentialAction\":[{\"@type\":\"SearchAction\",\"target\":{\"@type\":\"EntryPoint\",\"urlTemplate\":\"https:\\\/\\\/hovikulta.fi\\\/?s={search_term_string}\"},\"query-input\":{\"@type\":\"PropertyValueSpecification\",\"valueRequired\":true,\"valueName\":\"search_term_string\"}}],\"inLanguage\":\"en-US\"}]}<\/script>\n<!-- \/ Yoast SEO plugin. -->","yoast_head_json":{"title":"Kultasepp&auml; Hovikulta Oy, Turku &ndash; Kellot, korut ja kihlat - Diamond ring 0.33ct W VS","robots":{"index":"index","follow":"follow","max-snippet":"max-snippet:-1","max-image-preview":"max-image-preview:large","max-video-preview":"max-video-preview:-1"},"canonical":"https:\/\/hovikulta.fi\/en\/store\/rings\/diamond-rings\/diamond-ring-0-33ct-w-vs\/","og_locale":"en_US","og_type":"article","og_title":"Kultasepp&auml; Hovikulta Oy, Turku &ndash; Kellot, korut ja kihlat - Diamond ring 0.33ct W VS","og_description":"Upea Kohinoor rivitimanttisormus. Sormuksessa on 5 baquette-hiontaista timanttia valkokultaistutuksella. Timanttien v\u00e4liss\u00e4 on valkokultapalkit,jotka lis\u00e4\u00e4v\u00e4t istutuksen n\u00e4ytt\u00e4vyytt\u00e4. Sormuksen runko on 14 karaatin keltakultaa. Timanttien yhteispaino on 0.33ct W VS. Runko on flakkamallinen eli kantikas. Rungon leveys on 2,5 mm. Sormus on Kohinoor-mallistoa ja Kultakeskus Oy:n valmistama H\u00e4meenlinnassa. Sormuksen mukana tulee aitoustodistus. Muistathan ilmoittaa kokosi tilauksen yhteydess\u00e4.","og_url":"https:\/\/hovikulta.fi\/en\/store\/rings\/diamond-rings\/diamond-ring-0-33ct-w-vs\/","og_site_name":"Kultasepp&auml; Hovikulta Oy, Turku &ndash; Kellot, korut ja kihlat","article_modified_time":"2017-02-10T08:51:51+00:00","og_image":[{"width":600,"height":600,"url":"https:\/\/hovikulta.fi\/wp-content\/uploads\/catalog\/product\/KUsokkvk033WVSpikku2.jpg","type":"image\/jpeg"}],"twitter_card":"summary_large_image","schema":{"@context":"https:\/\/schema.org","@graph":[{"@type":"WebPage","@id":"https:\/\/hovikulta.fi\/en\/store\/rings\/diamond-rings\/diamond-ring-0-33ct-w-vs\/","url":"https:\/\/hovikulta.fi\/en\/store\/rings\/diamond-rings\/diamond-ring-0-33ct-w-vs\/","name":"Kultasepp&auml; Hovikulta Oy, Turku &ndash; Kellot, korut ja kihlat - Diamond ring 0.33ct W VS","isPartOf":{"@id":"https:\/\/hovikulta.fi\/#website"},"primaryImageOfPage":{"@id":"https:\/\/hovikulta.fi\/en\/store\/rings\/diamond-rings\/diamond-ring-0-33ct-w-vs\/#primaryimage"},"image":{"@id":"https:\/\/hovikulta.fi\/en\/store\/rings\/diamond-rings\/diamond-ring-0-33ct-w-vs\/#primaryimage"},"thumbnailUrl":"https:\/\/hovikulta.fi\/wp-content\/uploads\/catalog\/product\/KUsokkvk033WVSpikku2.jpg","datePublished":"2016-06-07T10:44:53+00:00","dateModified":"2017-02-10T08:51:51+00:00","breadcrumb":{"@id":"https:\/\/hovikulta.fi\/en\/store\/rings\/diamond-rings\/diamond-ring-0-33ct-w-vs\/#breadcrumb"},"inLanguage":"en-US","potentialAction":[{"@type":"ReadAction","target":["https:\/\/hovikulta.fi\/en\/store\/rings\/diamond-rings\/diamond-ring-0-33ct-w-vs\/"]}]},{"@type":"ImageObject","inLanguage":"en-US","@id":"https:\/\/hovikulta.fi\/en\/store\/rings\/diamond-rings\/diamond-ring-0-33ct-w-vs\/#primaryimage","url":"https:\/\/hovikulta.fi\/wp-content\/uploads\/catalog\/product\/KUsokkvk033WVSpikku2.jpg","contentUrl":"https:\/\/hovikulta.fi\/wp-content\/uploads\/catalog\/product\/KUsokkvk033WVSpikku2.jpg","width":600,"height":600},{"@type":"BreadcrumbList","@id":"https:\/\/hovikulta.fi\/en\/store\/rings\/diamond-rings\/diamond-ring-0-33ct-w-vs\/#breadcrumb","itemListElement":[{"@type":"ListItem","position":1,"name":"Home","item":"https:\/\/hovikulta.fi\/en\/"},{"@type":"ListItem","position":2,"name":"Store","item":"https:\/\/hovikulta.fi\/en\/store\/"},{"@type":"ListItem","position":3,"name":"Diamond ring 0.33ct W VS"}]},{"@type":"WebSite","@id":"https:\/\/hovikulta.fi\/#website","url":"https:\/\/hovikulta.fi\/","name":"Kultasepp&auml; Hovikulta Oy, Turku &ndash; Kellot, korut ja kihlat","description":"","potentialAction":[{"@type":"SearchAction","target":{"@type":"EntryPoint","urlTemplate":"https:\/\/hovikulta.fi\/?s={search_term_string}"},"query-input":{"@type":"PropertyValueSpecification","valueRequired":true,"valueName":"search_term_string"}}],"inLanguage":"en-US"}]}},"_links":{"self":[{"href":"https:\/\/hovikulta.fi\/en\/wp-json\/wp\/v2\/product\/4237","targetHints":{"allow":["GET"]}}],"collection":[{"href":"https:\/\/hovikulta.fi\/en\/wp-json\/wp\/v2\/product"}],"about":[{"href":"https:\/\/hovikulta.fi\/en\/wp-json\/wp\/v2\/types\/product"}],"replies":[{"embeddable":true,"href":"https:\/\/hovikulta.fi\/en\/wp-json\/wp\/v2\/comments?post=4237"}],"wp:featuredmedia":[{"embeddable":true,"href":"https:\/\/hovikulta.fi\/en\/wp-json\/wp\/v2\/media\/4234"}],"wp:attachment":[{"href":"https:\/\/hovikulta.fi\/en\/wp-json\/wp\/v2\/media?parent=4237"}],"wp:term":[{"taxonomy":"product_brand","embeddable":true,"href":"https:\/\/hovikulta.fi\/en\/wp-json\/wp\/v2\/product_brand?post=4237"},{"taxonomy":"product_cat","embeddable":true,"href":"https:\/\/hovikulta.fi\/en\/wp-json\/wp\/v2\/product_cat?post=4237"},{"taxonomy":"product_tag","embeddable":true,"href":"https:\/\/hovikulta.fi\/en\/wp-json\/wp\/v2\/product_tag?post=4237"}],"curies":[{"name":"wp","href":"https:\/\/api.w.org\/{rel}","templated":true}]}}