{"id":4320,"date":"2016-11-10T08:26:56","date_gmt":"2016-11-10T06:26:56","guid":{"rendered":"https:\/\/hovikulta.fi\/?product=white-gold-carmosier-ring-with-emerald-and-diamonds"},"modified":"2017-02-15T08:06:46","modified_gmt":"2017-02-15T08:06:46","slug":"white-gold-carmosier-ring-with-emerald-and-diamonds","status":"publish","type":"product","link":"https:\/\/hovikulta.fi\/en\/store\/rings\/diamond-rings\/white-gold-carmosier-ring-with-emerald-and-diamonds\/","title":{"rendered":"White gold Carmosier ring with Emerald and diamonds"},"content":{"rendered":"<p>Kaunis Diana-sormus smaragdilla. Sormuksen keskell\u00e4 on aito smaragdi, jota kiert\u00e4\u00e4 8 kpl timantteja. Sormus on 14 karaatin valkokultaa. Timanttien yhteispaino on 0.16 W SI. Sormuksen p\u00e4\u00e4liosa on noin 8,4 mm x 9 mm.T\u00e4m\u00e4 klassinen korumalli tunnetaan my\u00f6s nimell\u00e4 carmosier. Valmistaja kotimainen Hyv\u00e4rinen Oy.<\/p>\n<p>Muistathan ilmoittaa kokosi tilauksen yhteydess\u00e4!<\/p>\n","protected":false},"excerpt":{"rendered":"<p>Kaunis Diana-sormus smaragdilla. Sormuksen keskell\u00e4 on aito smaragdi, jota kiert\u00e4\u00e4 8 kpl timantteja. Sormus on 14 karaatin valkokultaa. Timanttien yhteispaino on 0.16 W SI. Sormuksen p\u00e4\u00e4liosa on noin 8,4 mm x 9 mm.T\u00e4m\u00e4 klassinen korumalli tunnetaan my\u00f6s nimell\u00e4 carmosier. Valmistaja kotimainen Hyv\u00e4rinen Oy. Muistathan ilmoittaa kokosi tilauksen yhteydess\u00e4!<\/p>\n","protected":false},"featured_media":4317,"comment_status":"open","ping_status":"closed","template":"","meta":{"_acf_changed":false},"product_brand":[1382],"product_cat":[1344,1330],"product_tag":[1675,1678],"class_list":{"0":"post-4320","1":"product","2":"type-product","3":"status-publish","4":"has-post-thumbnail","6":"product_brand-hyvarinen-oy-en","7":"product_cat-diamond-rings","8":"product_cat-rings","9":"product_tag-kihlasormus-2-en","10":"product_tag-vihkisormus-2-en","12":"first","13":"outofstock","14":"sold-individually","15":"taxable","16":"shipping-taxable","17":"purchasable","18":"product-type-simple"},"acf":[],"yoast_head":"<!-- This site is optimized with the Yoast SEO plugin v27.6 - https:\/\/yoast.com\/product\/yoast-seo-wordpress\/ -->\n<title>Kultasepp&auml; Hovikulta Oy, Turku &ndash; Kellot, korut ja kihlat - White gold Carmosier ring with Emerald and diamonds<\/title>\n<meta name=\"robots\" content=\"index, follow, max-snippet:-1, max-image-preview:large, max-video-preview:-1\" \/>\n<link rel=\"canonical\" href=\"https:\/\/hovikulta.fi\/en\/store\/rings\/diamond-rings\/white-gold-carmosier-ring-with-emerald-and-diamonds\/\" \/>\n<meta property=\"og:locale\" content=\"en_US\" \/>\n<meta property=\"og:type\" content=\"article\" \/>\n<meta property=\"og:title\" content=\"Kultasepp&auml; Hovikulta Oy, Turku &ndash; Kellot, korut ja kihlat - White gold Carmosier ring with Emerald and diamonds\" \/>\n<meta property=\"og:description\" content=\"Kaunis Diana-sormus smaragdilla. Sormuksen keskell\u00e4 on aito smaragdi, jota kiert\u00e4\u00e4 8 kpl timantteja. Sormus on 14 karaatin valkokultaa. Timanttien yhteispaino on 0.16 W SI. Sormuksen p\u00e4\u00e4liosa on noin 8,4 mm x 9 mm.T\u00e4m\u00e4 klassinen korumalli tunnetaan my\u00f6s nimell\u00e4 carmosier. Valmistaja kotimainen Hyv\u00e4rinen Oy. Muistathan ilmoittaa kokosi tilauksen yhteydess\u00e4!\" \/>\n<meta property=\"og:url\" content=\"https:\/\/hovikulta.fi\/en\/store\/rings\/diamond-rings\/white-gold-carmosier-ring-with-emerald-and-diamonds\/\" \/>\n<meta property=\"og:site_name\" content=\"Kultasepp&auml; Hovikulta Oy, Turku &ndash; Kellot, korut ja kihlat\" \/>\n<meta property=\"article:modified_time\" content=\"2017-02-15T08:06:46+00:00\" \/>\n<meta property=\"og:image\" content=\"https:\/\/hovikulta.fi\/wp-content\/uploads\/catalog\/product\/HYsovk016disma.png\" \/>\n\t<meta property=\"og:image:width\" content=\"600\" \/>\n\t<meta property=\"og:image:height\" content=\"600\" \/>\n\t<meta property=\"og:image:type\" content=\"image\/png\" \/>\n<meta name=\"twitter:card\" content=\"summary_large_image\" \/>\n<script type=\"application\/ld+json\" class=\"yoast-schema-graph\">{\"@context\":\"https:\\\/\\\/schema.org\",\"@graph\":[{\"@type\":\"WebPage\",\"@id\":\"https:\\\/\\\/hovikulta.fi\\\/en\\\/store\\\/rings\\\/diamond-rings\\\/white-gold-carmosier-ring-with-emerald-and-diamonds\\\/\",\"url\":\"https:\\\/\\\/hovikulta.fi\\\/en\\\/store\\\/rings\\\/diamond-rings\\\/white-gold-carmosier-ring-with-emerald-and-diamonds\\\/\",\"name\":\"Kultasepp&auml; Hovikulta Oy, Turku &ndash; Kellot, korut ja kihlat - White gold Carmosier ring with Emerald and diamonds\",\"isPartOf\":{\"@id\":\"https:\\\/\\\/hovikulta.fi\\\/#website\"},\"primaryImageOfPage\":{\"@id\":\"https:\\\/\\\/hovikulta.fi\\\/en\\\/store\\\/rings\\\/diamond-rings\\\/white-gold-carmosier-ring-with-emerald-and-diamonds\\\/#primaryimage\"},\"image\":{\"@id\":\"https:\\\/\\\/hovikulta.fi\\\/en\\\/store\\\/rings\\\/diamond-rings\\\/white-gold-carmosier-ring-with-emerald-and-diamonds\\\/#primaryimage\"},\"thumbnailUrl\":\"https:\\\/\\\/hovikulta.fi\\\/wp-content\\\/uploads\\\/catalog\\\/product\\\/HYsovk016disma.png\",\"datePublished\":\"2016-11-10T06:26:56+00:00\",\"dateModified\":\"2017-02-15T08:06:46+00:00\",\"breadcrumb\":{\"@id\":\"https:\\\/\\\/hovikulta.fi\\\/en\\\/store\\\/rings\\\/diamond-rings\\\/white-gold-carmosier-ring-with-emerald-and-diamonds\\\/#breadcrumb\"},\"inLanguage\":\"en-US\",\"potentialAction\":[{\"@type\":\"ReadAction\",\"target\":[\"https:\\\/\\\/hovikulta.fi\\\/en\\\/store\\\/rings\\\/diamond-rings\\\/white-gold-carmosier-ring-with-emerald-and-diamonds\\\/\"]}]},{\"@type\":\"ImageObject\",\"inLanguage\":\"en-US\",\"@id\":\"https:\\\/\\\/hovikulta.fi\\\/en\\\/store\\\/rings\\\/diamond-rings\\\/white-gold-carmosier-ring-with-emerald-and-diamonds\\\/#primaryimage\",\"url\":\"https:\\\/\\\/hovikulta.fi\\\/wp-content\\\/uploads\\\/catalog\\\/product\\\/HYsovk016disma.png\",\"contentUrl\":\"https:\\\/\\\/hovikulta.fi\\\/wp-content\\\/uploads\\\/catalog\\\/product\\\/HYsovk016disma.png\",\"width\":600,\"height\":600},{\"@type\":\"BreadcrumbList\",\"@id\":\"https:\\\/\\\/hovikulta.fi\\\/en\\\/store\\\/rings\\\/diamond-rings\\\/white-gold-carmosier-ring-with-emerald-and-diamonds\\\/#breadcrumb\",\"itemListElement\":[{\"@type\":\"ListItem\",\"position\":1,\"name\":\"Home\",\"item\":\"https:\\\/\\\/hovikulta.fi\\\/en\\\/\"},{\"@type\":\"ListItem\",\"position\":2,\"name\":\"Store\",\"item\":\"https:\\\/\\\/hovikulta.fi\\\/en\\\/store\\\/\"},{\"@type\":\"ListItem\",\"position\":3,\"name\":\"White gold Carmosier ring with Emerald and diamonds\"}]},{\"@type\":\"WebSite\",\"@id\":\"https:\\\/\\\/hovikulta.fi\\\/#website\",\"url\":\"https:\\\/\\\/hovikulta.fi\\\/\",\"name\":\"Kultasepp&auml; Hovikulta Oy, Turku &ndash; Kellot, korut ja kihlat\",\"description\":\"\",\"potentialAction\":[{\"@type\":\"SearchAction\",\"target\":{\"@type\":\"EntryPoint\",\"urlTemplate\":\"https:\\\/\\\/hovikulta.fi\\\/?s={search_term_string}\"},\"query-input\":{\"@type\":\"PropertyValueSpecification\",\"valueRequired\":true,\"valueName\":\"search_term_string\"}}],\"inLanguage\":\"en-US\"}]}<\/script>\n<!-- \/ Yoast SEO plugin. -->","yoast_head_json":{"title":"Kultasepp&auml; Hovikulta Oy, Turku &ndash; Kellot, korut ja kihlat - White gold Carmosier ring with Emerald and diamonds","robots":{"index":"index","follow":"follow","max-snippet":"max-snippet:-1","max-image-preview":"max-image-preview:large","max-video-preview":"max-video-preview:-1"},"canonical":"https:\/\/hovikulta.fi\/en\/store\/rings\/diamond-rings\/white-gold-carmosier-ring-with-emerald-and-diamonds\/","og_locale":"en_US","og_type":"article","og_title":"Kultasepp&auml; Hovikulta Oy, Turku &ndash; Kellot, korut ja kihlat - White gold Carmosier ring with Emerald and diamonds","og_description":"Kaunis Diana-sormus smaragdilla. Sormuksen keskell\u00e4 on aito smaragdi, jota kiert\u00e4\u00e4 8 kpl timantteja. Sormus on 14 karaatin valkokultaa. Timanttien yhteispaino on 0.16 W SI. Sormuksen p\u00e4\u00e4liosa on noin 8,4 mm x 9 mm.T\u00e4m\u00e4 klassinen korumalli tunnetaan my\u00f6s nimell\u00e4 carmosier. Valmistaja kotimainen Hyv\u00e4rinen Oy. Muistathan ilmoittaa kokosi tilauksen yhteydess\u00e4!","og_url":"https:\/\/hovikulta.fi\/en\/store\/rings\/diamond-rings\/white-gold-carmosier-ring-with-emerald-and-diamonds\/","og_site_name":"Kultasepp&auml; Hovikulta Oy, Turku &ndash; Kellot, korut ja kihlat","article_modified_time":"2017-02-15T08:06:46+00:00","og_image":[{"width":600,"height":600,"url":"https:\/\/hovikulta.fi\/wp-content\/uploads\/catalog\/product\/HYsovk016disma.png","type":"image\/png"}],"twitter_card":"summary_large_image","schema":{"@context":"https:\/\/schema.org","@graph":[{"@type":"WebPage","@id":"https:\/\/hovikulta.fi\/en\/store\/rings\/diamond-rings\/white-gold-carmosier-ring-with-emerald-and-diamonds\/","url":"https:\/\/hovikulta.fi\/en\/store\/rings\/diamond-rings\/white-gold-carmosier-ring-with-emerald-and-diamonds\/","name":"Kultasepp&auml; Hovikulta Oy, Turku &ndash; Kellot, korut ja kihlat - White gold Carmosier ring with Emerald and diamonds","isPartOf":{"@id":"https:\/\/hovikulta.fi\/#website"},"primaryImageOfPage":{"@id":"https:\/\/hovikulta.fi\/en\/store\/rings\/diamond-rings\/white-gold-carmosier-ring-with-emerald-and-diamonds\/#primaryimage"},"image":{"@id":"https:\/\/hovikulta.fi\/en\/store\/rings\/diamond-rings\/white-gold-carmosier-ring-with-emerald-and-diamonds\/#primaryimage"},"thumbnailUrl":"https:\/\/hovikulta.fi\/wp-content\/uploads\/catalog\/product\/HYsovk016disma.png","datePublished":"2016-11-10T06:26:56+00:00","dateModified":"2017-02-15T08:06:46+00:00","breadcrumb":{"@id":"https:\/\/hovikulta.fi\/en\/store\/rings\/diamond-rings\/white-gold-carmosier-ring-with-emerald-and-diamonds\/#breadcrumb"},"inLanguage":"en-US","potentialAction":[{"@type":"ReadAction","target":["https:\/\/hovikulta.fi\/en\/store\/rings\/diamond-rings\/white-gold-carmosier-ring-with-emerald-and-diamonds\/"]}]},{"@type":"ImageObject","inLanguage":"en-US","@id":"https:\/\/hovikulta.fi\/en\/store\/rings\/diamond-rings\/white-gold-carmosier-ring-with-emerald-and-diamonds\/#primaryimage","url":"https:\/\/hovikulta.fi\/wp-content\/uploads\/catalog\/product\/HYsovk016disma.png","contentUrl":"https:\/\/hovikulta.fi\/wp-content\/uploads\/catalog\/product\/HYsovk016disma.png","width":600,"height":600},{"@type":"BreadcrumbList","@id":"https:\/\/hovikulta.fi\/en\/store\/rings\/diamond-rings\/white-gold-carmosier-ring-with-emerald-and-diamonds\/#breadcrumb","itemListElement":[{"@type":"ListItem","position":1,"name":"Home","item":"https:\/\/hovikulta.fi\/en\/"},{"@type":"ListItem","position":2,"name":"Store","item":"https:\/\/hovikulta.fi\/en\/store\/"},{"@type":"ListItem","position":3,"name":"White gold Carmosier ring with Emerald and diamonds"}]},{"@type":"WebSite","@id":"https:\/\/hovikulta.fi\/#website","url":"https:\/\/hovikulta.fi\/","name":"Kultasepp&auml; Hovikulta Oy, Turku &ndash; Kellot, korut ja kihlat","description":"","potentialAction":[{"@type":"SearchAction","target":{"@type":"EntryPoint","urlTemplate":"https:\/\/hovikulta.fi\/?s={search_term_string}"},"query-input":{"@type":"PropertyValueSpecification","valueRequired":true,"valueName":"search_term_string"}}],"inLanguage":"en-US"}]}},"_links":{"self":[{"href":"https:\/\/hovikulta.fi\/en\/wp-json\/wp\/v2\/product\/4320","targetHints":{"allow":["GET"]}}],"collection":[{"href":"https:\/\/hovikulta.fi\/en\/wp-json\/wp\/v2\/product"}],"about":[{"href":"https:\/\/hovikulta.fi\/en\/wp-json\/wp\/v2\/types\/product"}],"replies":[{"embeddable":true,"href":"https:\/\/hovikulta.fi\/en\/wp-json\/wp\/v2\/comments?post=4320"}],"wp:featuredmedia":[{"embeddable":true,"href":"https:\/\/hovikulta.fi\/en\/wp-json\/wp\/v2\/media\/4317"}],"wp:attachment":[{"href":"https:\/\/hovikulta.fi\/en\/wp-json\/wp\/v2\/media?parent=4320"}],"wp:term":[{"taxonomy":"product_brand","embeddable":true,"href":"https:\/\/hovikulta.fi\/en\/wp-json\/wp\/v2\/product_brand?post=4320"},{"taxonomy":"product_cat","embeddable":true,"href":"https:\/\/hovikulta.fi\/en\/wp-json\/wp\/v2\/product_cat?post=4320"},{"taxonomy":"product_tag","embeddable":true,"href":"https:\/\/hovikulta.fi\/en\/wp-json\/wp\/v2\/product_tag?post=4320"}],"curies":[{"name":"wp","href":"https:\/\/api.w.org\/{rel}","templated":true}]}}