{"id":4367,"date":"2016-11-22T11:07:28","date_gmt":"2016-11-22T11:07:28","guid":{"rendered":"https:\/\/hovikulta.fi\/?product=diamond-ring-with-9-diamonds-0-22-ct-w-vs"},"modified":"2017-02-10T08:31:38","modified_gmt":"2017-02-10T08:31:38","slug":"diamond-ring-with-9-diamonds-0-22-ct-w-vs","status":"publish","type":"product","link":"https:\/\/hovikulta.fi\/en\/store\/rings\/diamond-rings\/diamond-ring-with-9-diamonds-0-22-ct-w-vs\/","title":{"rendered":"Diamond ring with 9 diamonds 0.22 ct W Vs"},"content":{"rendered":"<p>Kaunis 9-kivinen rivitimanttisormus, kotimaista k\u00e4sity\u00f6t\u00e4. Timanttien yhteispaino on 0,22ct W VS. Sormus on 14 karaatin valkokultaa. Rungon leveys n. 2,5 mm. Siro sormus, joka on kaunis yksin\u00e4\u00e4n esimerkiksi kihlasormuksena, mutta sopii hienosti my\u00f6s toisen sormuksen rinnalle vihkisormukseksi. Korun mukana tulee aitoustodistus. Valmistaja Hyv\u00e4rinen Oy.<\/p>\n<p>Muistathan ilmoittaa kokosi tilauksen yhteydess\u00e4.<\/p>\n","protected":false},"excerpt":{"rendered":"<p>Kaunis 9-kivinen rivitimanttisormus, kotimaista k\u00e4sity\u00f6t\u00e4. Timanttien yhteispaino on 0,22ct W VS. Sormus on 14 karaatin valkokultaa. Rungon leveys n. 2,5 mm. Siro sormus, joka on kaunis yksin\u00e4\u00e4n esimerkiksi kihlasormuksena, mutta sopii hienosti my\u00f6s toisen sormuksen rinnalle vihkisormukseksi. Korun mukana tulee aitoustodistus. Valmistaja Hyv\u00e4rinen Oy. Muistathan ilmoittaa kokosi tilauksen yhteydess\u00e4.<\/p>\n","protected":false},"featured_media":7482,"comment_status":"open","ping_status":"closed","template":"","meta":{"_acf_changed":false},"product_brand":[1382],"product_cat":[1344,1330],"product_tag":[],"class_list":{"0":"post-4367","1":"product","2":"type-product","3":"status-publish","4":"has-post-thumbnail","6":"product_brand-hyvarinen-oy-en","7":"product_cat-diamond-rings","8":"product_cat-rings","10":"first","11":"instock","12":"taxable","13":"shipping-taxable","14":"purchasable","15":"product-type-simple"},"acf":[],"yoast_head":"<!-- This site is optimized with the Yoast SEO plugin v27.5 - https:\/\/yoast.com\/product\/yoast-seo-wordpress\/ -->\n<title>Kultasepp&auml; Hovikulta Oy, Turku &ndash; Kellot, korut ja kihlat - Diamond ring with 9 diamonds 0.22 ct W Vs<\/title>\n<meta name=\"description\" content=\"rivitimanttisormus, rivisormus, kotimaista k\u00e4sity\u00f6t\u00e4\" \/>\n<meta name=\"robots\" content=\"index, follow, max-snippet:-1, max-image-preview:large, max-video-preview:-1\" \/>\n<link rel=\"canonical\" href=\"https:\/\/hovikulta.fi\/en\/store\/rings\/diamond-rings\/diamond-ring-with-9-diamonds-0-22-ct-w-vs\/\" \/>\n<meta property=\"og:locale\" content=\"en_US\" \/>\n<meta property=\"og:type\" content=\"article\" \/>\n<meta property=\"og:title\" content=\"Kultasepp&auml; Hovikulta Oy, Turku &ndash; Kellot, korut ja kihlat - Diamond ring with 9 diamonds 0.22 ct W Vs\" \/>\n<meta property=\"og:description\" content=\"rivitimanttisormus, rivisormus, kotimaista k\u00e4sity\u00f6t\u00e4\" \/>\n<meta property=\"og:url\" content=\"https:\/\/hovikulta.fi\/en\/store\/rings\/diamond-rings\/diamond-ring-with-9-diamonds-0-22-ct-w-vs\/\" \/>\n<meta property=\"og:site_name\" content=\"Kultasepp&auml; Hovikulta Oy, Turku &ndash; Kellot, korut ja kihlat\" \/>\n<meta property=\"article:modified_time\" content=\"2017-02-10T08:31:38+00:00\" \/>\n<meta property=\"og:image\" content=\"https:\/\/hovikulta.fi\/wp-content\/uploads\/catalog\/product\/HYsovk022pikku1.jpg\" \/>\n\t<meta property=\"og:image:width\" content=\"600\" \/>\n\t<meta property=\"og:image:height\" content=\"600\" \/>\n\t<meta property=\"og:image:type\" content=\"image\/jpeg\" \/>\n<meta name=\"twitter:card\" content=\"summary_large_image\" \/>\n<script type=\"application\/ld+json\" class=\"yoast-schema-graph\">{\"@context\":\"https:\\\/\\\/schema.org\",\"@graph\":[{\"@type\":\"WebPage\",\"@id\":\"https:\\\/\\\/hovikulta.fi\\\/en\\\/store\\\/rings\\\/diamond-rings\\\/diamond-ring-with-9-diamonds-0-22-ct-w-vs\\\/\",\"url\":\"https:\\\/\\\/hovikulta.fi\\\/en\\\/store\\\/rings\\\/diamond-rings\\\/diamond-ring-with-9-diamonds-0-22-ct-w-vs\\\/\",\"name\":\"Kultasepp&auml; Hovikulta Oy, Turku &ndash; Kellot, korut ja kihlat - Diamond ring with 9 diamonds 0.22 ct W Vs\",\"isPartOf\":{\"@id\":\"https:\\\/\\\/hovikulta.fi\\\/#website\"},\"primaryImageOfPage\":{\"@id\":\"https:\\\/\\\/hovikulta.fi\\\/en\\\/store\\\/rings\\\/diamond-rings\\\/diamond-ring-with-9-diamonds-0-22-ct-w-vs\\\/#primaryimage\"},\"image\":{\"@id\":\"https:\\\/\\\/hovikulta.fi\\\/en\\\/store\\\/rings\\\/diamond-rings\\\/diamond-ring-with-9-diamonds-0-22-ct-w-vs\\\/#primaryimage\"},\"thumbnailUrl\":\"https:\\\/\\\/hovikulta.fi\\\/wp-content\\\/uploads\\\/catalog\\\/product\\\/HYsovk022pikku1.jpg\",\"datePublished\":\"2016-11-22T11:07:28+00:00\",\"dateModified\":\"2017-02-10T08:31:38+00:00\",\"description\":\"rivitimanttisormus, rivisormus, kotimaista k\u00e4sity\u00f6t\u00e4\",\"breadcrumb\":{\"@id\":\"https:\\\/\\\/hovikulta.fi\\\/en\\\/store\\\/rings\\\/diamond-rings\\\/diamond-ring-with-9-diamonds-0-22-ct-w-vs\\\/#breadcrumb\"},\"inLanguage\":\"en-US\",\"potentialAction\":[{\"@type\":\"ReadAction\",\"target\":[\"https:\\\/\\\/hovikulta.fi\\\/en\\\/store\\\/rings\\\/diamond-rings\\\/diamond-ring-with-9-diamonds-0-22-ct-w-vs\\\/\"]}]},{\"@type\":\"ImageObject\",\"inLanguage\":\"en-US\",\"@id\":\"https:\\\/\\\/hovikulta.fi\\\/en\\\/store\\\/rings\\\/diamond-rings\\\/diamond-ring-with-9-diamonds-0-22-ct-w-vs\\\/#primaryimage\",\"url\":\"https:\\\/\\\/hovikulta.fi\\\/wp-content\\\/uploads\\\/catalog\\\/product\\\/HYsovk022pikku1.jpg\",\"contentUrl\":\"https:\\\/\\\/hovikulta.fi\\\/wp-content\\\/uploads\\\/catalog\\\/product\\\/HYsovk022pikku1.jpg\",\"width\":600,\"height\":600},{\"@type\":\"BreadcrumbList\",\"@id\":\"https:\\\/\\\/hovikulta.fi\\\/en\\\/store\\\/rings\\\/diamond-rings\\\/diamond-ring-with-9-diamonds-0-22-ct-w-vs\\\/#breadcrumb\",\"itemListElement\":[{\"@type\":\"ListItem\",\"position\":1,\"name\":\"Home\",\"item\":\"https:\\\/\\\/hovikulta.fi\\\/en\\\/\"},{\"@type\":\"ListItem\",\"position\":2,\"name\":\"Store\",\"item\":\"https:\\\/\\\/hovikulta.fi\\\/en\\\/store\\\/\"},{\"@type\":\"ListItem\",\"position\":3,\"name\":\"Diamond ring with 9 diamonds 0.22 ct W Vs\"}]},{\"@type\":\"WebSite\",\"@id\":\"https:\\\/\\\/hovikulta.fi\\\/#website\",\"url\":\"https:\\\/\\\/hovikulta.fi\\\/\",\"name\":\"Kultasepp&auml; Hovikulta Oy, Turku &ndash; Kellot, korut ja kihlat\",\"description\":\"\",\"potentialAction\":[{\"@type\":\"SearchAction\",\"target\":{\"@type\":\"EntryPoint\",\"urlTemplate\":\"https:\\\/\\\/hovikulta.fi\\\/?s={search_term_string}\"},\"query-input\":{\"@type\":\"PropertyValueSpecification\",\"valueRequired\":true,\"valueName\":\"search_term_string\"}}],\"inLanguage\":\"en-US\"}]}<\/script>\n<!-- \/ Yoast SEO plugin. -->","yoast_head_json":{"title":"Kultasepp&auml; Hovikulta Oy, Turku &ndash; Kellot, korut ja kihlat - Diamond ring with 9 diamonds 0.22 ct W Vs","description":"rivitimanttisormus, rivisormus, kotimaista k\u00e4sity\u00f6t\u00e4","robots":{"index":"index","follow":"follow","max-snippet":"max-snippet:-1","max-image-preview":"max-image-preview:large","max-video-preview":"max-video-preview:-1"},"canonical":"https:\/\/hovikulta.fi\/en\/store\/rings\/diamond-rings\/diamond-ring-with-9-diamonds-0-22-ct-w-vs\/","og_locale":"en_US","og_type":"article","og_title":"Kultasepp&auml; Hovikulta Oy, Turku &ndash; Kellot, korut ja kihlat - Diamond ring with 9 diamonds 0.22 ct W Vs","og_description":"rivitimanttisormus, rivisormus, kotimaista k\u00e4sity\u00f6t\u00e4","og_url":"https:\/\/hovikulta.fi\/en\/store\/rings\/diamond-rings\/diamond-ring-with-9-diamonds-0-22-ct-w-vs\/","og_site_name":"Kultasepp&auml; Hovikulta Oy, Turku &ndash; Kellot, korut ja kihlat","article_modified_time":"2017-02-10T08:31:38+00:00","og_image":[{"width":600,"height":600,"url":"https:\/\/hovikulta.fi\/wp-content\/uploads\/catalog\/product\/HYsovk022pikku1.jpg","type":"image\/jpeg"}],"twitter_card":"summary_large_image","schema":{"@context":"https:\/\/schema.org","@graph":[{"@type":"WebPage","@id":"https:\/\/hovikulta.fi\/en\/store\/rings\/diamond-rings\/diamond-ring-with-9-diamonds-0-22-ct-w-vs\/","url":"https:\/\/hovikulta.fi\/en\/store\/rings\/diamond-rings\/diamond-ring-with-9-diamonds-0-22-ct-w-vs\/","name":"Kultasepp&auml; Hovikulta Oy, Turku &ndash; Kellot, korut ja kihlat - Diamond ring with 9 diamonds 0.22 ct W Vs","isPartOf":{"@id":"https:\/\/hovikulta.fi\/#website"},"primaryImageOfPage":{"@id":"https:\/\/hovikulta.fi\/en\/store\/rings\/diamond-rings\/diamond-ring-with-9-diamonds-0-22-ct-w-vs\/#primaryimage"},"image":{"@id":"https:\/\/hovikulta.fi\/en\/store\/rings\/diamond-rings\/diamond-ring-with-9-diamonds-0-22-ct-w-vs\/#primaryimage"},"thumbnailUrl":"https:\/\/hovikulta.fi\/wp-content\/uploads\/catalog\/product\/HYsovk022pikku1.jpg","datePublished":"2016-11-22T11:07:28+00:00","dateModified":"2017-02-10T08:31:38+00:00","description":"rivitimanttisormus, rivisormus, kotimaista k\u00e4sity\u00f6t\u00e4","breadcrumb":{"@id":"https:\/\/hovikulta.fi\/en\/store\/rings\/diamond-rings\/diamond-ring-with-9-diamonds-0-22-ct-w-vs\/#breadcrumb"},"inLanguage":"en-US","potentialAction":[{"@type":"ReadAction","target":["https:\/\/hovikulta.fi\/en\/store\/rings\/diamond-rings\/diamond-ring-with-9-diamonds-0-22-ct-w-vs\/"]}]},{"@type":"ImageObject","inLanguage":"en-US","@id":"https:\/\/hovikulta.fi\/en\/store\/rings\/diamond-rings\/diamond-ring-with-9-diamonds-0-22-ct-w-vs\/#primaryimage","url":"https:\/\/hovikulta.fi\/wp-content\/uploads\/catalog\/product\/HYsovk022pikku1.jpg","contentUrl":"https:\/\/hovikulta.fi\/wp-content\/uploads\/catalog\/product\/HYsovk022pikku1.jpg","width":600,"height":600},{"@type":"BreadcrumbList","@id":"https:\/\/hovikulta.fi\/en\/store\/rings\/diamond-rings\/diamond-ring-with-9-diamonds-0-22-ct-w-vs\/#breadcrumb","itemListElement":[{"@type":"ListItem","position":1,"name":"Home","item":"https:\/\/hovikulta.fi\/en\/"},{"@type":"ListItem","position":2,"name":"Store","item":"https:\/\/hovikulta.fi\/en\/store\/"},{"@type":"ListItem","position":3,"name":"Diamond ring with 9 diamonds 0.22 ct W Vs"}]},{"@type":"WebSite","@id":"https:\/\/hovikulta.fi\/#website","url":"https:\/\/hovikulta.fi\/","name":"Kultasepp&auml; Hovikulta Oy, Turku &ndash; Kellot, korut ja kihlat","description":"","potentialAction":[{"@type":"SearchAction","target":{"@type":"EntryPoint","urlTemplate":"https:\/\/hovikulta.fi\/?s={search_term_string}"},"query-input":{"@type":"PropertyValueSpecification","valueRequired":true,"valueName":"search_term_string"}}],"inLanguage":"en-US"}]}},"_links":{"self":[{"href":"https:\/\/hovikulta.fi\/en\/wp-json\/wp\/v2\/product\/4367","targetHints":{"allow":["GET"]}}],"collection":[{"href":"https:\/\/hovikulta.fi\/en\/wp-json\/wp\/v2\/product"}],"about":[{"href":"https:\/\/hovikulta.fi\/en\/wp-json\/wp\/v2\/types\/product"}],"replies":[{"embeddable":true,"href":"https:\/\/hovikulta.fi\/en\/wp-json\/wp\/v2\/comments?post=4367"}],"wp:featuredmedia":[{"embeddable":true,"href":"https:\/\/hovikulta.fi\/en\/wp-json\/wp\/v2\/media\/7482"}],"wp:attachment":[{"href":"https:\/\/hovikulta.fi\/en\/wp-json\/wp\/v2\/media?parent=4367"}],"wp:term":[{"taxonomy":"product_brand","embeddable":true,"href":"https:\/\/hovikulta.fi\/en\/wp-json\/wp\/v2\/product_brand?post=4367"},{"taxonomy":"product_cat","embeddable":true,"href":"https:\/\/hovikulta.fi\/en\/wp-json\/wp\/v2\/product_cat?post=4367"},{"taxonomy":"product_tag","embeddable":true,"href":"https:\/\/hovikulta.fi\/en\/wp-json\/wp\/v2\/product_tag?post=4367"}],"curies":[{"name":"wp","href":"https:\/\/api.w.org\/{rel}","templated":true}]}}