{"id":4410,"date":"2017-02-23T14:22:23","date_gmt":"2017-02-23T14:22:23","guid":{"rendered":"https:\/\/hovikulta.fi\/?product=encraving-for-childrens-gift"},"modified":"2017-02-27T11:11:09","modified_gmt":"2017-02-27T11:11:09","slug":"encraving-for-childrens-gift","status":"publish","type":"product","link":"https:\/\/hovikulta.fi\/en\/store\/for-children\/encraving-for-childrens-gift\/","title":{"rendered":"Encraving for children&#8217;s gift"},"content":{"rendered":"<p>Kaiverrus kastekehykseen, kummilusikkaan tai soittorasiaan.<\/p>\n<p>Ilmoitathan kaiverruksen oston yhteydess\u00e4 kaiverrustiedot: nimi, syntym\u00e4p\u00e4iv\u00e4, syntym\u00e4kellonaika, pituus ja paino.<\/p>\n<p>Jos haluat 2 etunime\u00e4 niin mahtuvat hyvin. Sukunime\u00e4 ei ole tapana kaivertaa.<\/p>\n<p>Huomaathan, ett\u00e4 kaiverrettua tuotetta ei voi vaihtaa eik\u00e4 palauttaa!<\/p>\n","protected":false},"excerpt":{"rendered":"<p>Kaiverrus kastekehykseen, kummilusikkaan tai soittorasiaan. Ilmoitathan kaiverruksen oston yhteydess\u00e4 kaiverrustiedot: nimi, syntym\u00e4p\u00e4iv\u00e4, syntym\u00e4kellonaika, pituus ja paino. Jos haluat 2 etunime\u00e4 niin mahtuvat hyvin. Sukunime\u00e4 ei ole tapana kaivertaa. Huomaathan, ett\u00e4 kaiverrettua tuotetta ei voi vaihtaa eik\u00e4 palauttaa!<\/p>\n","protected":false},"featured_media":0,"comment_status":"open","ping_status":"closed","template":"","meta":{"_acf_changed":false},"product_brand":[1384],"product_cat":[1358],"product_tag":[],"class_list":{"0":"post-4410","1":"product","2":"type-product","3":"status-publish","5":"product_brand-hovikulta-oy-en","6":"product_cat-for-children","8":"first","9":"instock","10":"taxable","11":"shipping-taxable","12":"purchasable","13":"product-type-simple"},"acf":[],"yoast_head":"<!-- This site is optimized with the Yoast SEO plugin v27.5 - https:\/\/yoast.com\/product\/yoast-seo-wordpress\/ -->\n<title>Kultasepp&auml; Hovikulta Oy, Turku &ndash; Kellot, korut ja kihlat - Encraving for children&#039;s gift<\/title>\n<meta name=\"robots\" content=\"index, follow, max-snippet:-1, max-image-preview:large, max-video-preview:-1\" \/>\n<link rel=\"canonical\" href=\"https:\/\/hovikulta.fi\/en\/store\/for-children\/encraving-for-childrens-gift\/\" \/>\n<meta property=\"og:locale\" content=\"en_US\" \/>\n<meta property=\"og:type\" content=\"article\" \/>\n<meta property=\"og:title\" content=\"Kultasepp&auml; Hovikulta Oy, Turku &ndash; Kellot, korut ja kihlat - Encraving for children&#039;s gift\" \/>\n<meta property=\"og:description\" content=\"Kaiverrus kastekehykseen, kummilusikkaan tai soittorasiaan. Ilmoitathan kaiverruksen oston yhteydess\u00e4 kaiverrustiedot: nimi, syntym\u00e4p\u00e4iv\u00e4, syntym\u00e4kellonaika, pituus ja paino. Jos haluat 2 etunime\u00e4 niin mahtuvat hyvin. Sukunime\u00e4 ei ole tapana kaivertaa. Huomaathan, ett\u00e4 kaiverrettua tuotetta ei voi vaihtaa eik\u00e4 palauttaa!\" \/>\n<meta property=\"og:url\" content=\"https:\/\/hovikulta.fi\/en\/store\/for-children\/encraving-for-childrens-gift\/\" \/>\n<meta property=\"og:site_name\" content=\"Kultasepp&auml; Hovikulta Oy, Turku &ndash; Kellot, korut ja kihlat\" \/>\n<meta property=\"article:modified_time\" content=\"2017-02-27T11:11:09+00:00\" \/>\n<meta name=\"twitter:card\" content=\"summary_large_image\" \/>\n<script type=\"application\/ld+json\" class=\"yoast-schema-graph\">{\"@context\":\"https:\\\/\\\/schema.org\",\"@graph\":[{\"@type\":\"WebPage\",\"@id\":\"https:\\\/\\\/hovikulta.fi\\\/en\\\/store\\\/for-children\\\/encraving-for-childrens-gift\\\/\",\"url\":\"https:\\\/\\\/hovikulta.fi\\\/en\\\/store\\\/for-children\\\/encraving-for-childrens-gift\\\/\",\"name\":\"Kultasepp&auml; Hovikulta Oy, Turku &ndash; Kellot, korut ja kihlat - Encraving for children's gift\",\"isPartOf\":{\"@id\":\"https:\\\/\\\/hovikulta.fi\\\/#website\"},\"datePublished\":\"2017-02-23T14:22:23+00:00\",\"dateModified\":\"2017-02-27T11:11:09+00:00\",\"breadcrumb\":{\"@id\":\"https:\\\/\\\/hovikulta.fi\\\/en\\\/store\\\/for-children\\\/encraving-for-childrens-gift\\\/#breadcrumb\"},\"inLanguage\":\"en-US\",\"potentialAction\":[{\"@type\":\"ReadAction\",\"target\":[\"https:\\\/\\\/hovikulta.fi\\\/en\\\/store\\\/for-children\\\/encraving-for-childrens-gift\\\/\"]}]},{\"@type\":\"BreadcrumbList\",\"@id\":\"https:\\\/\\\/hovikulta.fi\\\/en\\\/store\\\/for-children\\\/encraving-for-childrens-gift\\\/#breadcrumb\",\"itemListElement\":[{\"@type\":\"ListItem\",\"position\":1,\"name\":\"Home\",\"item\":\"https:\\\/\\\/hovikulta.fi\\\/en\\\/\"},{\"@type\":\"ListItem\",\"position\":2,\"name\":\"Store\",\"item\":\"https:\\\/\\\/hovikulta.fi\\\/en\\\/store\\\/\"},{\"@type\":\"ListItem\",\"position\":3,\"name\":\"Encraving for children&#8217;s gift\"}]},{\"@type\":\"WebSite\",\"@id\":\"https:\\\/\\\/hovikulta.fi\\\/#website\",\"url\":\"https:\\\/\\\/hovikulta.fi\\\/\",\"name\":\"Kultasepp&auml; Hovikulta Oy, Turku &ndash; Kellot, korut ja kihlat\",\"description\":\"\",\"potentialAction\":[{\"@type\":\"SearchAction\",\"target\":{\"@type\":\"EntryPoint\",\"urlTemplate\":\"https:\\\/\\\/hovikulta.fi\\\/?s={search_term_string}\"},\"query-input\":{\"@type\":\"PropertyValueSpecification\",\"valueRequired\":true,\"valueName\":\"search_term_string\"}}],\"inLanguage\":\"en-US\"}]}<\/script>\n<!-- \/ Yoast SEO plugin. -->","yoast_head_json":{"title":"Kultasepp&auml; Hovikulta Oy, Turku &ndash; Kellot, korut ja kihlat - Encraving for children's gift","robots":{"index":"index","follow":"follow","max-snippet":"max-snippet:-1","max-image-preview":"max-image-preview:large","max-video-preview":"max-video-preview:-1"},"canonical":"https:\/\/hovikulta.fi\/en\/store\/for-children\/encraving-for-childrens-gift\/","og_locale":"en_US","og_type":"article","og_title":"Kultasepp&auml; Hovikulta Oy, Turku &ndash; Kellot, korut ja kihlat - Encraving for children's gift","og_description":"Kaiverrus kastekehykseen, kummilusikkaan tai soittorasiaan. Ilmoitathan kaiverruksen oston yhteydess\u00e4 kaiverrustiedot: nimi, syntym\u00e4p\u00e4iv\u00e4, syntym\u00e4kellonaika, pituus ja paino. Jos haluat 2 etunime\u00e4 niin mahtuvat hyvin. Sukunime\u00e4 ei ole tapana kaivertaa. Huomaathan, ett\u00e4 kaiverrettua tuotetta ei voi vaihtaa eik\u00e4 palauttaa!","og_url":"https:\/\/hovikulta.fi\/en\/store\/for-children\/encraving-for-childrens-gift\/","og_site_name":"Kultasepp&auml; Hovikulta Oy, Turku &ndash; Kellot, korut ja kihlat","article_modified_time":"2017-02-27T11:11:09+00:00","twitter_card":"summary_large_image","schema":{"@context":"https:\/\/schema.org","@graph":[{"@type":"WebPage","@id":"https:\/\/hovikulta.fi\/en\/store\/for-children\/encraving-for-childrens-gift\/","url":"https:\/\/hovikulta.fi\/en\/store\/for-children\/encraving-for-childrens-gift\/","name":"Kultasepp&auml; Hovikulta Oy, Turku &ndash; Kellot, korut ja kihlat - Encraving for children's gift","isPartOf":{"@id":"https:\/\/hovikulta.fi\/#website"},"datePublished":"2017-02-23T14:22:23+00:00","dateModified":"2017-02-27T11:11:09+00:00","breadcrumb":{"@id":"https:\/\/hovikulta.fi\/en\/store\/for-children\/encraving-for-childrens-gift\/#breadcrumb"},"inLanguage":"en-US","potentialAction":[{"@type":"ReadAction","target":["https:\/\/hovikulta.fi\/en\/store\/for-children\/encraving-for-childrens-gift\/"]}]},{"@type":"BreadcrumbList","@id":"https:\/\/hovikulta.fi\/en\/store\/for-children\/encraving-for-childrens-gift\/#breadcrumb","itemListElement":[{"@type":"ListItem","position":1,"name":"Home","item":"https:\/\/hovikulta.fi\/en\/"},{"@type":"ListItem","position":2,"name":"Store","item":"https:\/\/hovikulta.fi\/en\/store\/"},{"@type":"ListItem","position":3,"name":"Encraving for children&#8217;s gift"}]},{"@type":"WebSite","@id":"https:\/\/hovikulta.fi\/#website","url":"https:\/\/hovikulta.fi\/","name":"Kultasepp&auml; Hovikulta Oy, Turku &ndash; Kellot, korut ja kihlat","description":"","potentialAction":[{"@type":"SearchAction","target":{"@type":"EntryPoint","urlTemplate":"https:\/\/hovikulta.fi\/?s={search_term_string}"},"query-input":{"@type":"PropertyValueSpecification","valueRequired":true,"valueName":"search_term_string"}}],"inLanguage":"en-US"}]}},"_links":{"self":[{"href":"https:\/\/hovikulta.fi\/en\/wp-json\/wp\/v2\/product\/4410","targetHints":{"allow":["GET"]}}],"collection":[{"href":"https:\/\/hovikulta.fi\/en\/wp-json\/wp\/v2\/product"}],"about":[{"href":"https:\/\/hovikulta.fi\/en\/wp-json\/wp\/v2\/types\/product"}],"replies":[{"embeddable":true,"href":"https:\/\/hovikulta.fi\/en\/wp-json\/wp\/v2\/comments?post=4410"}],"wp:attachment":[{"href":"https:\/\/hovikulta.fi\/en\/wp-json\/wp\/v2\/media?parent=4410"}],"wp:term":[{"taxonomy":"product_brand","embeddable":true,"href":"https:\/\/hovikulta.fi\/en\/wp-json\/wp\/v2\/product_brand?post=4410"},{"taxonomy":"product_cat","embeddable":true,"href":"https:\/\/hovikulta.fi\/en\/wp-json\/wp\/v2\/product_cat?post=4410"},{"taxonomy":"product_tag","embeddable":true,"href":"https:\/\/hovikulta.fi\/en\/wp-json\/wp\/v2\/product_tag?post=4410"}],"curies":[{"name":"wp","href":"https:\/\/api.w.org\/{rel}","templated":true}]}}