{"id":4418,"date":"2017-02-23T14:40:31","date_gmt":"2017-02-23T14:40:31","guid":{"rendered":"https:\/\/hovikulta.fi\/?product=engraving"},"modified":"2017-02-27T11:10:19","modified_gmt":"2017-02-27T11:10:19","slug":"engraving","status":"publish","type":"product","link":"https:\/\/hovikulta.fi\/en\/store\/classic-jewelry-and-gift-items\/engraving\/","title":{"rendered":"Engraving"},"content":{"rendered":"<p>Kaiverrus tuotteeseen sis\u00e4lt\u00e4en yhden etunimen ja p\u00e4iv\u00e4m\u00e4\u00e4r\u00e4n esim. &#8216;Liisa 14.2.2017&#8217;.<\/p>\n<p>Tai vihkisormuskaiverrus esim. &#8216;Liisa &amp; Matti 14.2.2017&#8217;.<\/p>\n<p>Huomaathan, ett\u00e4 kaiverrettua tuotetta ei voi vaihtaa tai palauttaa!<\/p>\n","protected":false},"excerpt":{"rendered":"<p>Kaiverrus tuotteeseen sis\u00e4lt\u00e4en yhden etunimen ja p\u00e4iv\u00e4m\u00e4\u00e4r\u00e4n esim. &#8216;Liisa 14.2.2017&#8217;. Tai vihkisormuskaiverrus esim. &#8216;Liisa &amp; Matti 14.2.2017&#8217;. Huomaathan, ett\u00e4 kaiverrettua tuotetta ei voi vaihtaa tai palauttaa!<\/p>\n","protected":false},"featured_media":0,"comment_status":"open","ping_status":"closed","template":"","meta":{"_acf_changed":false},"product_brand":[1384],"product_cat":[1338,1358],"product_tag":[],"class_list":{"0":"post-4418","1":"product","2":"type-product","3":"status-publish","5":"product_brand-hovikulta-oy-en","6":"product_cat-classic-jewelry-and-gift-items","7":"product_cat-for-children","9":"first","10":"instock","11":"taxable","12":"shipping-taxable","13":"purchasable","14":"product-type-simple"},"acf":[],"yoast_head":"<!-- This site is optimized with the Yoast SEO plugin v27.5 - https:\/\/yoast.com\/product\/yoast-seo-wordpress\/ -->\n<title>Kultasepp&auml; Hovikulta Oy, Turku &ndash; Kellot, korut ja kihlat - Engraving<\/title>\n<meta name=\"robots\" content=\"index, follow, max-snippet:-1, max-image-preview:large, max-video-preview:-1\" \/>\n<link rel=\"canonical\" href=\"https:\/\/hovikulta.fi\/en\/store\/classic-jewelry-and-gift-items\/engraving\/\" \/>\n<meta property=\"og:locale\" content=\"en_US\" \/>\n<meta property=\"og:type\" content=\"article\" \/>\n<meta property=\"og:title\" content=\"Kultasepp&auml; Hovikulta Oy, Turku &ndash; Kellot, korut ja kihlat - Engraving\" \/>\n<meta property=\"og:description\" content=\"Kaiverrus tuotteeseen sis\u00e4lt\u00e4en yhden etunimen ja p\u00e4iv\u00e4m\u00e4\u00e4r\u00e4n esim. &#8216;Liisa 14.2.2017&#8217;. Tai vihkisormuskaiverrus esim. &#8216;Liisa &amp; Matti 14.2.2017&#8217;. Huomaathan, ett\u00e4 kaiverrettua tuotetta ei voi vaihtaa tai palauttaa!\" \/>\n<meta property=\"og:url\" content=\"https:\/\/hovikulta.fi\/en\/store\/classic-jewelry-and-gift-items\/engraving\/\" \/>\n<meta property=\"og:site_name\" content=\"Kultasepp&auml; Hovikulta Oy, Turku &ndash; Kellot, korut ja kihlat\" \/>\n<meta property=\"article:modified_time\" content=\"2017-02-27T11:10:19+00:00\" \/>\n<meta name=\"twitter:card\" content=\"summary_large_image\" \/>\n<script type=\"application\/ld+json\" class=\"yoast-schema-graph\">{\"@context\":\"https:\\\/\\\/schema.org\",\"@graph\":[{\"@type\":\"WebPage\",\"@id\":\"https:\\\/\\\/hovikulta.fi\\\/en\\\/store\\\/classic-jewelry-and-gift-items\\\/engraving\\\/\",\"url\":\"https:\\\/\\\/hovikulta.fi\\\/en\\\/store\\\/classic-jewelry-and-gift-items\\\/engraving\\\/\",\"name\":\"Kultasepp&auml; Hovikulta Oy, Turku &ndash; Kellot, korut ja kihlat - Engraving\",\"isPartOf\":{\"@id\":\"https:\\\/\\\/hovikulta.fi\\\/#website\"},\"datePublished\":\"2017-02-23T14:40:31+00:00\",\"dateModified\":\"2017-02-27T11:10:19+00:00\",\"breadcrumb\":{\"@id\":\"https:\\\/\\\/hovikulta.fi\\\/en\\\/store\\\/classic-jewelry-and-gift-items\\\/engraving\\\/#breadcrumb\"},\"inLanguage\":\"en-US\",\"potentialAction\":[{\"@type\":\"ReadAction\",\"target\":[\"https:\\\/\\\/hovikulta.fi\\\/en\\\/store\\\/classic-jewelry-and-gift-items\\\/engraving\\\/\"]}]},{\"@type\":\"BreadcrumbList\",\"@id\":\"https:\\\/\\\/hovikulta.fi\\\/en\\\/store\\\/classic-jewelry-and-gift-items\\\/engraving\\\/#breadcrumb\",\"itemListElement\":[{\"@type\":\"ListItem\",\"position\":1,\"name\":\"Home\",\"item\":\"https:\\\/\\\/hovikulta.fi\\\/en\\\/\"},{\"@type\":\"ListItem\",\"position\":2,\"name\":\"Store\",\"item\":\"https:\\\/\\\/hovikulta.fi\\\/en\\\/store\\\/\"},{\"@type\":\"ListItem\",\"position\":3,\"name\":\"Engraving\"}]},{\"@type\":\"WebSite\",\"@id\":\"https:\\\/\\\/hovikulta.fi\\\/#website\",\"url\":\"https:\\\/\\\/hovikulta.fi\\\/\",\"name\":\"Kultasepp&auml; Hovikulta Oy, Turku &ndash; Kellot, korut ja kihlat\",\"description\":\"\",\"potentialAction\":[{\"@type\":\"SearchAction\",\"target\":{\"@type\":\"EntryPoint\",\"urlTemplate\":\"https:\\\/\\\/hovikulta.fi\\\/?s={search_term_string}\"},\"query-input\":{\"@type\":\"PropertyValueSpecification\",\"valueRequired\":true,\"valueName\":\"search_term_string\"}}],\"inLanguage\":\"en-US\"}]}<\/script>\n<!-- \/ Yoast SEO plugin. -->","yoast_head_json":{"title":"Kultasepp&auml; Hovikulta Oy, Turku &ndash; Kellot, korut ja kihlat - Engraving","robots":{"index":"index","follow":"follow","max-snippet":"max-snippet:-1","max-image-preview":"max-image-preview:large","max-video-preview":"max-video-preview:-1"},"canonical":"https:\/\/hovikulta.fi\/en\/store\/classic-jewelry-and-gift-items\/engraving\/","og_locale":"en_US","og_type":"article","og_title":"Kultasepp&auml; Hovikulta Oy, Turku &ndash; Kellot, korut ja kihlat - Engraving","og_description":"Kaiverrus tuotteeseen sis\u00e4lt\u00e4en yhden etunimen ja p\u00e4iv\u00e4m\u00e4\u00e4r\u00e4n esim. &#8216;Liisa 14.2.2017&#8217;. Tai vihkisormuskaiverrus esim. &#8216;Liisa &amp; Matti 14.2.2017&#8217;. Huomaathan, ett\u00e4 kaiverrettua tuotetta ei voi vaihtaa tai palauttaa!","og_url":"https:\/\/hovikulta.fi\/en\/store\/classic-jewelry-and-gift-items\/engraving\/","og_site_name":"Kultasepp&auml; Hovikulta Oy, Turku &ndash; Kellot, korut ja kihlat","article_modified_time":"2017-02-27T11:10:19+00:00","twitter_card":"summary_large_image","schema":{"@context":"https:\/\/schema.org","@graph":[{"@type":"WebPage","@id":"https:\/\/hovikulta.fi\/en\/store\/classic-jewelry-and-gift-items\/engraving\/","url":"https:\/\/hovikulta.fi\/en\/store\/classic-jewelry-and-gift-items\/engraving\/","name":"Kultasepp&auml; Hovikulta Oy, Turku &ndash; Kellot, korut ja kihlat - Engraving","isPartOf":{"@id":"https:\/\/hovikulta.fi\/#website"},"datePublished":"2017-02-23T14:40:31+00:00","dateModified":"2017-02-27T11:10:19+00:00","breadcrumb":{"@id":"https:\/\/hovikulta.fi\/en\/store\/classic-jewelry-and-gift-items\/engraving\/#breadcrumb"},"inLanguage":"en-US","potentialAction":[{"@type":"ReadAction","target":["https:\/\/hovikulta.fi\/en\/store\/classic-jewelry-and-gift-items\/engraving\/"]}]},{"@type":"BreadcrumbList","@id":"https:\/\/hovikulta.fi\/en\/store\/classic-jewelry-and-gift-items\/engraving\/#breadcrumb","itemListElement":[{"@type":"ListItem","position":1,"name":"Home","item":"https:\/\/hovikulta.fi\/en\/"},{"@type":"ListItem","position":2,"name":"Store","item":"https:\/\/hovikulta.fi\/en\/store\/"},{"@type":"ListItem","position":3,"name":"Engraving"}]},{"@type":"WebSite","@id":"https:\/\/hovikulta.fi\/#website","url":"https:\/\/hovikulta.fi\/","name":"Kultasepp&auml; Hovikulta Oy, Turku &ndash; Kellot, korut ja kihlat","description":"","potentialAction":[{"@type":"SearchAction","target":{"@type":"EntryPoint","urlTemplate":"https:\/\/hovikulta.fi\/?s={search_term_string}"},"query-input":{"@type":"PropertyValueSpecification","valueRequired":true,"valueName":"search_term_string"}}],"inLanguage":"en-US"}]}},"_links":{"self":[{"href":"https:\/\/hovikulta.fi\/en\/wp-json\/wp\/v2\/product\/4418","targetHints":{"allow":["GET"]}}],"collection":[{"href":"https:\/\/hovikulta.fi\/en\/wp-json\/wp\/v2\/product"}],"about":[{"href":"https:\/\/hovikulta.fi\/en\/wp-json\/wp\/v2\/types\/product"}],"replies":[{"embeddable":true,"href":"https:\/\/hovikulta.fi\/en\/wp-json\/wp\/v2\/comments?post=4418"}],"wp:attachment":[{"href":"https:\/\/hovikulta.fi\/en\/wp-json\/wp\/v2\/media?parent=4418"}],"wp:term":[{"taxonomy":"product_brand","embeddable":true,"href":"https:\/\/hovikulta.fi\/en\/wp-json\/wp\/v2\/product_brand?post=4418"},{"taxonomy":"product_cat","embeddable":true,"href":"https:\/\/hovikulta.fi\/en\/wp-json\/wp\/v2\/product_cat?post=4418"},{"taxonomy":"product_tag","embeddable":true,"href":"https:\/\/hovikulta.fi\/en\/wp-json\/wp\/v2\/product_tag?post=4418"}],"curies":[{"name":"wp","href":"https:\/\/api.w.org\/{rel}","templated":true}]}}