{"id":4424,"date":"2017-02-24T14:08:35","date_gmt":"2017-02-24T12:08:35","guid":{"rendered":"https:\/\/hovikulta.fi\/?product=childrens-musical-box"},"modified":"2017-02-27T11:20:34","modified_gmt":"2017-02-27T11:20:34","slug":"childrens-musical-box","status":"publish","type":"product","link":"https:\/\/hovikulta.fi\/en\/store\/for-children\/childrens-musical-box\/","title":{"rendered":"Children&#8217;s  musical box"},"content":{"rendered":"<p>Lasten suloinen soittorasia. Soittorasian pinta on tinattu. Kiva risti\u00e4islahja vauvalle. Paikat kahdelle kuvalle. Yhdell\u00e4 sivulla kohokuviona kuunsirpill\u00e4 nukkuva nalle ja toisella sivulla kulpyammeessa istuva nalle. Kahdella muulla sivulla valokuvalle tilaa. Neli\u00f6m\u00e4isen rasian mitat ovat 10 x 10 x 11 cm. Kansi on avattava ja rasiaa voi k\u00e4ytt\u00e4\u00e4 esim. korurasiana. Kannessa on hyvin tilaa kaiverruksille.<\/p>\n<p>HUOM: Jos haluat tuotteen kaiverrettuna, tilaathan erikseen tuotteen &#8216;kaiverrus kastelahjaan&#8217;.<\/p>\n<p>&nbsp;<\/p>\n","protected":false},"excerpt":{"rendered":"<p>Lasten suloinen soittorasia. Soittorasian pinta on tinattu. Kiva risti\u00e4islahja vauvalle. Paikat kahdelle kuvalle. Yhdell\u00e4 sivulla kohokuviona kuunsirpill\u00e4 nukkuva nalle ja toisella sivulla kulpyammeessa istuva nalle. Kahdella muulla sivulla valokuvalle tilaa. Neli\u00f6m\u00e4isen rasian mitat ovat 10 x 10 x 11 cm. Kansi on avattava ja rasiaa voi k\u00e4ytt\u00e4\u00e4 esim. korurasiana. Kannessa on hyvin tilaa kaiverruksille. HUOM:&hellip;<\/p>\n","protected":false},"featured_media":4420,"comment_status":"open","ping_status":"closed","template":"","meta":{"_acf_changed":false},"product_brand":[],"product_cat":[1358],"product_tag":[],"class_list":{"0":"post-4424","1":"product","2":"type-product","3":"status-publish","4":"has-post-thumbnail","6":"product_cat-for-children","8":"first","9":"outofstock","10":"sold-individually","11":"taxable","12":"shipping-taxable","13":"purchasable","14":"product-type-simple"},"acf":[],"yoast_head":"<!-- This site is optimized with the Yoast SEO plugin v27.4 - https:\/\/yoast.com\/product\/yoast-seo-wordpress\/ -->\n<title>Kultasepp&auml; Hovikulta Oy, Turku &ndash; Kellot, korut ja kihlat - Children&#039;s musical box<\/title>\n<meta name=\"robots\" content=\"index, follow, max-snippet:-1, max-image-preview:large, max-video-preview:-1\" \/>\n<link rel=\"canonical\" href=\"https:\/\/hovikulta.fi\/en\/store\/for-children\/childrens-musical-box\/\" \/>\n<meta property=\"og:locale\" content=\"en_US\" \/>\n<meta property=\"og:type\" content=\"article\" \/>\n<meta property=\"og:title\" content=\"Kultasepp&auml; Hovikulta Oy, Turku &ndash; Kellot, korut ja kihlat - Children&#039;s musical box\" \/>\n<meta property=\"og:description\" content=\"Lasten suloinen soittorasia. Soittorasian pinta on tinattu. Kiva risti\u00e4islahja vauvalle. Paikat kahdelle kuvalle. Yhdell\u00e4 sivulla kohokuviona kuunsirpill\u00e4 nukkuva nalle ja toisella sivulla kulpyammeessa istuva nalle. Kahdella muulla sivulla valokuvalle tilaa. Neli\u00f6m\u00e4isen rasian mitat ovat 10 x 10 x 11 cm. Kansi on avattava ja rasiaa voi k\u00e4ytt\u00e4\u00e4 esim. korurasiana. Kannessa on hyvin tilaa kaiverruksille. HUOM:&hellip;\" \/>\n<meta property=\"og:url\" content=\"https:\/\/hovikulta.fi\/en\/store\/for-children\/childrens-musical-box\/\" \/>\n<meta property=\"og:site_name\" content=\"Kultasepp&auml; Hovikulta Oy, Turku &ndash; Kellot, korut ja kihlat\" \/>\n<meta property=\"article:modified_time\" content=\"2017-02-27T11:20:34+00:00\" \/>\n<meta property=\"og:image\" content=\"https:\/\/hovikulta.fi\/wp-content\/uploads\/catalog\/product\/TTsrLL103.jpg\" \/>\n\t<meta property=\"og:image:width\" content=\"600\" \/>\n\t<meta property=\"og:image:height\" content=\"600\" \/>\n\t<meta property=\"og:image:type\" content=\"image\/jpeg\" \/>\n<meta name=\"twitter:card\" content=\"summary_large_image\" \/>\n<script type=\"application\/ld+json\" class=\"yoast-schema-graph\">{\"@context\":\"https:\\\/\\\/schema.org\",\"@graph\":[{\"@type\":\"WebPage\",\"@id\":\"https:\\\/\\\/hovikulta.fi\\\/en\\\/store\\\/for-children\\\/childrens-musical-box\\\/\",\"url\":\"https:\\\/\\\/hovikulta.fi\\\/en\\\/store\\\/for-children\\\/childrens-musical-box\\\/\",\"name\":\"Kultasepp&auml; Hovikulta Oy, Turku &ndash; Kellot, korut ja kihlat - Children's musical box\",\"isPartOf\":{\"@id\":\"https:\\\/\\\/hovikulta.fi\\\/#website\"},\"primaryImageOfPage\":{\"@id\":\"https:\\\/\\\/hovikulta.fi\\\/en\\\/store\\\/for-children\\\/childrens-musical-box\\\/#primaryimage\"},\"image\":{\"@id\":\"https:\\\/\\\/hovikulta.fi\\\/en\\\/store\\\/for-children\\\/childrens-musical-box\\\/#primaryimage\"},\"thumbnailUrl\":\"https:\\\/\\\/hovikulta.fi\\\/wp-content\\\/uploads\\\/catalog\\\/product\\\/TTsrLL103.jpg\",\"datePublished\":\"2017-02-24T12:08:35+00:00\",\"dateModified\":\"2017-02-27T11:20:34+00:00\",\"breadcrumb\":{\"@id\":\"https:\\\/\\\/hovikulta.fi\\\/en\\\/store\\\/for-children\\\/childrens-musical-box\\\/#breadcrumb\"},\"inLanguage\":\"en-US\",\"potentialAction\":[{\"@type\":\"ReadAction\",\"target\":[\"https:\\\/\\\/hovikulta.fi\\\/en\\\/store\\\/for-children\\\/childrens-musical-box\\\/\"]}]},{\"@type\":\"ImageObject\",\"inLanguage\":\"en-US\",\"@id\":\"https:\\\/\\\/hovikulta.fi\\\/en\\\/store\\\/for-children\\\/childrens-musical-box\\\/#primaryimage\",\"url\":\"https:\\\/\\\/hovikulta.fi\\\/wp-content\\\/uploads\\\/catalog\\\/product\\\/TTsrLL103.jpg\",\"contentUrl\":\"https:\\\/\\\/hovikulta.fi\\\/wp-content\\\/uploads\\\/catalog\\\/product\\\/TTsrLL103.jpg\",\"width\":600,\"height\":600},{\"@type\":\"BreadcrumbList\",\"@id\":\"https:\\\/\\\/hovikulta.fi\\\/en\\\/store\\\/for-children\\\/childrens-musical-box\\\/#breadcrumb\",\"itemListElement\":[{\"@type\":\"ListItem\",\"position\":1,\"name\":\"Home\",\"item\":\"https:\\\/\\\/hovikulta.fi\\\/en\\\/\"},{\"@type\":\"ListItem\",\"position\":2,\"name\":\"Store\",\"item\":\"https:\\\/\\\/hovikulta.fi\\\/en\\\/store\\\/\"},{\"@type\":\"ListItem\",\"position\":3,\"name\":\"Children&#8217;s musical box\"}]},{\"@type\":\"WebSite\",\"@id\":\"https:\\\/\\\/hovikulta.fi\\\/#website\",\"url\":\"https:\\\/\\\/hovikulta.fi\\\/\",\"name\":\"Kultasepp&auml; Hovikulta Oy, Turku &ndash; Kellot, korut ja kihlat\",\"description\":\"\",\"potentialAction\":[{\"@type\":\"SearchAction\",\"target\":{\"@type\":\"EntryPoint\",\"urlTemplate\":\"https:\\\/\\\/hovikulta.fi\\\/?s={search_term_string}\"},\"query-input\":{\"@type\":\"PropertyValueSpecification\",\"valueRequired\":true,\"valueName\":\"search_term_string\"}}],\"inLanguage\":\"en-US\"}]}<\/script>\n<!-- \/ Yoast SEO plugin. -->","yoast_head_json":{"title":"Kultasepp&auml; Hovikulta Oy, Turku &ndash; Kellot, korut ja kihlat - Children's musical box","robots":{"index":"index","follow":"follow","max-snippet":"max-snippet:-1","max-image-preview":"max-image-preview:large","max-video-preview":"max-video-preview:-1"},"canonical":"https:\/\/hovikulta.fi\/en\/store\/for-children\/childrens-musical-box\/","og_locale":"en_US","og_type":"article","og_title":"Kultasepp&auml; Hovikulta Oy, Turku &ndash; Kellot, korut ja kihlat - Children's musical box","og_description":"Lasten suloinen soittorasia. Soittorasian pinta on tinattu. Kiva risti\u00e4islahja vauvalle. Paikat kahdelle kuvalle. Yhdell\u00e4 sivulla kohokuviona kuunsirpill\u00e4 nukkuva nalle ja toisella sivulla kulpyammeessa istuva nalle. Kahdella muulla sivulla valokuvalle tilaa. Neli\u00f6m\u00e4isen rasian mitat ovat 10 x 10 x 11 cm. Kansi on avattava ja rasiaa voi k\u00e4ytt\u00e4\u00e4 esim. korurasiana. Kannessa on hyvin tilaa kaiverruksille. HUOM:&hellip;","og_url":"https:\/\/hovikulta.fi\/en\/store\/for-children\/childrens-musical-box\/","og_site_name":"Kultasepp&auml; Hovikulta Oy, Turku &ndash; Kellot, korut ja kihlat","article_modified_time":"2017-02-27T11:20:34+00:00","og_image":[{"width":600,"height":600,"url":"https:\/\/hovikulta.fi\/wp-content\/uploads\/catalog\/product\/TTsrLL103.jpg","type":"image\/jpeg"}],"twitter_card":"summary_large_image","schema":{"@context":"https:\/\/schema.org","@graph":[{"@type":"WebPage","@id":"https:\/\/hovikulta.fi\/en\/store\/for-children\/childrens-musical-box\/","url":"https:\/\/hovikulta.fi\/en\/store\/for-children\/childrens-musical-box\/","name":"Kultasepp&auml; Hovikulta Oy, Turku &ndash; Kellot, korut ja kihlat - Children's musical box","isPartOf":{"@id":"https:\/\/hovikulta.fi\/#website"},"primaryImageOfPage":{"@id":"https:\/\/hovikulta.fi\/en\/store\/for-children\/childrens-musical-box\/#primaryimage"},"image":{"@id":"https:\/\/hovikulta.fi\/en\/store\/for-children\/childrens-musical-box\/#primaryimage"},"thumbnailUrl":"https:\/\/hovikulta.fi\/wp-content\/uploads\/catalog\/product\/TTsrLL103.jpg","datePublished":"2017-02-24T12:08:35+00:00","dateModified":"2017-02-27T11:20:34+00:00","breadcrumb":{"@id":"https:\/\/hovikulta.fi\/en\/store\/for-children\/childrens-musical-box\/#breadcrumb"},"inLanguage":"en-US","potentialAction":[{"@type":"ReadAction","target":["https:\/\/hovikulta.fi\/en\/store\/for-children\/childrens-musical-box\/"]}]},{"@type":"ImageObject","inLanguage":"en-US","@id":"https:\/\/hovikulta.fi\/en\/store\/for-children\/childrens-musical-box\/#primaryimage","url":"https:\/\/hovikulta.fi\/wp-content\/uploads\/catalog\/product\/TTsrLL103.jpg","contentUrl":"https:\/\/hovikulta.fi\/wp-content\/uploads\/catalog\/product\/TTsrLL103.jpg","width":600,"height":600},{"@type":"BreadcrumbList","@id":"https:\/\/hovikulta.fi\/en\/store\/for-children\/childrens-musical-box\/#breadcrumb","itemListElement":[{"@type":"ListItem","position":1,"name":"Home","item":"https:\/\/hovikulta.fi\/en\/"},{"@type":"ListItem","position":2,"name":"Store","item":"https:\/\/hovikulta.fi\/en\/store\/"},{"@type":"ListItem","position":3,"name":"Children&#8217;s musical box"}]},{"@type":"WebSite","@id":"https:\/\/hovikulta.fi\/#website","url":"https:\/\/hovikulta.fi\/","name":"Kultasepp&auml; Hovikulta Oy, Turku &ndash; Kellot, korut ja kihlat","description":"","potentialAction":[{"@type":"SearchAction","target":{"@type":"EntryPoint","urlTemplate":"https:\/\/hovikulta.fi\/?s={search_term_string}"},"query-input":{"@type":"PropertyValueSpecification","valueRequired":true,"valueName":"search_term_string"}}],"inLanguage":"en-US"}]}},"_links":{"self":[{"href":"https:\/\/hovikulta.fi\/en\/wp-json\/wp\/v2\/product\/4424","targetHints":{"allow":["GET"]}}],"collection":[{"href":"https:\/\/hovikulta.fi\/en\/wp-json\/wp\/v2\/product"}],"about":[{"href":"https:\/\/hovikulta.fi\/en\/wp-json\/wp\/v2\/types\/product"}],"replies":[{"embeddable":true,"href":"https:\/\/hovikulta.fi\/en\/wp-json\/wp\/v2\/comments?post=4424"}],"wp:featuredmedia":[{"embeddable":true,"href":"https:\/\/hovikulta.fi\/en\/wp-json\/wp\/v2\/media\/4420"}],"wp:attachment":[{"href":"https:\/\/hovikulta.fi\/en\/wp-json\/wp\/v2\/media?parent=4424"}],"wp:term":[{"taxonomy":"product_brand","embeddable":true,"href":"https:\/\/hovikulta.fi\/en\/wp-json\/wp\/v2\/product_brand?post=4424"},{"taxonomy":"product_cat","embeddable":true,"href":"https:\/\/hovikulta.fi\/en\/wp-json\/wp\/v2\/product_cat?post=4424"},{"taxonomy":"product_tag","embeddable":true,"href":"https:\/\/hovikulta.fi\/en\/wp-json\/wp\/v2\/product_tag?post=4424"}],"curies":[{"name":"wp","href":"https:\/\/api.w.org\/{rel}","templated":true}]}}