{"id":4537,"date":"2017-11-15T14:08:21","date_gmt":"2017-11-15T14:08:21","guid":{"rendered":"https:\/\/hovikulta.fi\/?product=14-carat-gold-ring-with-smoke-quartz"},"modified":"2017-11-15T14:15:10","modified_gmt":"2017-11-15T14:15:10","slug":"14-carat-gold-ring-with-smoke-quartz","status":"publish","type":"product","link":"https:\/\/hovikulta.fi\/en\/store\/rings\/gold-rings\/14-carat-gold-ring-with-smoke-quartz\/","title":{"rendered":"14 carat gold ring with smoke quartz."},"content":{"rendered":"<p>Miesten kultainen kantasormus on kotimaista k\u00e4sity\u00f6t\u00e4. Sormus on 14 karaatin keltakultaa ja kiven\u00e4 on savukvartsi, joka ruskea v\u00e4rilt\u00e4\u00e4n. Sormuksen rungon leveys 3,7 mm kapeimmasta kohdasta takaa mitattuna. Kiven koko 11 mm x 15 mm. Valmistaja Airiston kultasepp\u00e4 Oy, Turku.<\/p>\n<p>Muistathan ilmoittaa oikean koon tilauksen yhteydess\u00e4!<\/p>\n","protected":false},"excerpt":{"rendered":"<p>Miesten kultainen kantasormus on kotimaista k\u00e4sity\u00f6t\u00e4. Sormus on 14 karaatin keltakultaa ja kiven\u00e4 on savukvartsi, joka ruskea v\u00e4rilt\u00e4\u00e4n. Sormuksen rungon leveys 3,7 mm kapeimmasta kohdasta takaa mitattuna. Kiven koko 11 mm x 15 mm. Valmistaja Airiston kultasepp\u00e4 Oy, Turku. Muistathan ilmoittaa oikean koon tilauksen yhteydess\u00e4!<\/p>\n","protected":false},"featured_media":4534,"comment_status":"open","ping_status":"closed","template":"","meta":{"_acf_changed":false},"product_brand":[1325],"product_cat":[1352,1340,1330],"product_tag":[],"class_list":{"0":"post-4537","1":"product","2":"type-product","3":"status-publish","4":"has-post-thumbnail","6":"product_brand-kotimaista-valmistusta","7":"product_cat-for-men","8":"product_cat-gold-rings","9":"product_cat-rings","11":"first","12":"outofstock","13":"sold-individually","14":"taxable","15":"shipping-taxable","16":"purchasable","17":"product-type-simple"},"acf":[],"yoast_head":"<!-- This site is optimized with the Yoast SEO plugin v27.4 - https:\/\/yoast.com\/product\/yoast-seo-wordpress\/ -->\n<title>Kultasepp&auml; Hovikulta Oy, Turku &ndash; Kellot, korut ja kihlat - 14 carat gold ring with smoke quartz.<\/title>\n<meta name=\"robots\" content=\"index, follow, max-snippet:-1, max-image-preview:large, max-video-preview:-1\" \/>\n<link rel=\"canonical\" href=\"https:\/\/hovikulta.fi\/en\/store\/rings\/gold-rings\/14-carat-gold-ring-with-smoke-quartz\/\" \/>\n<meta property=\"og:locale\" content=\"en_US\" \/>\n<meta property=\"og:type\" content=\"article\" \/>\n<meta property=\"og:title\" content=\"Kultasepp&auml; Hovikulta Oy, Turku &ndash; Kellot, korut ja kihlat - 14 carat gold ring with smoke quartz.\" \/>\n<meta property=\"og:description\" content=\"Miesten kultainen kantasormus on kotimaista k\u00e4sity\u00f6t\u00e4. Sormus on 14 karaatin keltakultaa ja kiven\u00e4 on savukvartsi, joka ruskea v\u00e4rilt\u00e4\u00e4n. Sormuksen rungon leveys 3,7 mm kapeimmasta kohdasta takaa mitattuna. Kiven koko 11 mm x 15 mm. Valmistaja Airiston kultasepp\u00e4 Oy, Turku. Muistathan ilmoittaa oikean koon tilauksen yhteydess\u00e4!\" \/>\n<meta property=\"og:url\" content=\"https:\/\/hovikulta.fi\/en\/store\/rings\/gold-rings\/14-carat-gold-ring-with-smoke-quartz\/\" \/>\n<meta property=\"og:site_name\" content=\"Kultasepp&auml; Hovikulta Oy, Turku &ndash; Kellot, korut ja kihlat\" \/>\n<meta property=\"article:modified_time\" content=\"2017-11-15T14:15:10+00:00\" \/>\n<meta property=\"og:image\" content=\"https:\/\/hovikulta.fi\/wp-content\/uploads\/catalog\/product\/Kantassavuiso2.jpg\" \/>\n\t<meta property=\"og:image:width\" content=\"600\" \/>\n\t<meta property=\"og:image:height\" content=\"600\" \/>\n\t<meta property=\"og:image:type\" content=\"image\/jpeg\" \/>\n<meta name=\"twitter:card\" content=\"summary_large_image\" \/>\n<script type=\"application\/ld+json\" class=\"yoast-schema-graph\">{\"@context\":\"https:\\\/\\\/schema.org\",\"@graph\":[{\"@type\":\"WebPage\",\"@id\":\"https:\\\/\\\/hovikulta.fi\\\/en\\\/store\\\/rings\\\/gold-rings\\\/14-carat-gold-ring-with-smoke-quartz\\\/\",\"url\":\"https:\\\/\\\/hovikulta.fi\\\/en\\\/store\\\/rings\\\/gold-rings\\\/14-carat-gold-ring-with-smoke-quartz\\\/\",\"name\":\"Kultasepp&auml; Hovikulta Oy, Turku &ndash; Kellot, korut ja kihlat - 14 carat gold ring with smoke quartz.\",\"isPartOf\":{\"@id\":\"https:\\\/\\\/hovikulta.fi\\\/#website\"},\"primaryImageOfPage\":{\"@id\":\"https:\\\/\\\/hovikulta.fi\\\/en\\\/store\\\/rings\\\/gold-rings\\\/14-carat-gold-ring-with-smoke-quartz\\\/#primaryimage\"},\"image\":{\"@id\":\"https:\\\/\\\/hovikulta.fi\\\/en\\\/store\\\/rings\\\/gold-rings\\\/14-carat-gold-ring-with-smoke-quartz\\\/#primaryimage\"},\"thumbnailUrl\":\"https:\\\/\\\/hovikulta.fi\\\/wp-content\\\/uploads\\\/catalog\\\/product\\\/Kantassavuiso2.jpg\",\"datePublished\":\"2017-11-15T14:08:21+00:00\",\"dateModified\":\"2017-11-15T14:15:10+00:00\",\"breadcrumb\":{\"@id\":\"https:\\\/\\\/hovikulta.fi\\\/en\\\/store\\\/rings\\\/gold-rings\\\/14-carat-gold-ring-with-smoke-quartz\\\/#breadcrumb\"},\"inLanguage\":\"en-US\",\"potentialAction\":[{\"@type\":\"ReadAction\",\"target\":[\"https:\\\/\\\/hovikulta.fi\\\/en\\\/store\\\/rings\\\/gold-rings\\\/14-carat-gold-ring-with-smoke-quartz\\\/\"]}]},{\"@type\":\"ImageObject\",\"inLanguage\":\"en-US\",\"@id\":\"https:\\\/\\\/hovikulta.fi\\\/en\\\/store\\\/rings\\\/gold-rings\\\/14-carat-gold-ring-with-smoke-quartz\\\/#primaryimage\",\"url\":\"https:\\\/\\\/hovikulta.fi\\\/wp-content\\\/uploads\\\/catalog\\\/product\\\/Kantassavuiso2.jpg\",\"contentUrl\":\"https:\\\/\\\/hovikulta.fi\\\/wp-content\\\/uploads\\\/catalog\\\/product\\\/Kantassavuiso2.jpg\",\"width\":600,\"height\":600},{\"@type\":\"BreadcrumbList\",\"@id\":\"https:\\\/\\\/hovikulta.fi\\\/en\\\/store\\\/rings\\\/gold-rings\\\/14-carat-gold-ring-with-smoke-quartz\\\/#breadcrumb\",\"itemListElement\":[{\"@type\":\"ListItem\",\"position\":1,\"name\":\"Home\",\"item\":\"https:\\\/\\\/hovikulta.fi\\\/en\\\/\"},{\"@type\":\"ListItem\",\"position\":2,\"name\":\"Store\",\"item\":\"https:\\\/\\\/hovikulta.fi\\\/en\\\/store\\\/\"},{\"@type\":\"ListItem\",\"position\":3,\"name\":\"14 carat gold ring with smoke quartz.\"}]},{\"@type\":\"WebSite\",\"@id\":\"https:\\\/\\\/hovikulta.fi\\\/#website\",\"url\":\"https:\\\/\\\/hovikulta.fi\\\/\",\"name\":\"Kultasepp&auml; Hovikulta Oy, Turku &ndash; Kellot, korut ja kihlat\",\"description\":\"\",\"potentialAction\":[{\"@type\":\"SearchAction\",\"target\":{\"@type\":\"EntryPoint\",\"urlTemplate\":\"https:\\\/\\\/hovikulta.fi\\\/?s={search_term_string}\"},\"query-input\":{\"@type\":\"PropertyValueSpecification\",\"valueRequired\":true,\"valueName\":\"search_term_string\"}}],\"inLanguage\":\"en-US\"}]}<\/script>\n<!-- \/ Yoast SEO plugin. -->","yoast_head_json":{"title":"Kultasepp&auml; Hovikulta Oy, Turku &ndash; Kellot, korut ja kihlat - 14 carat gold ring with smoke quartz.","robots":{"index":"index","follow":"follow","max-snippet":"max-snippet:-1","max-image-preview":"max-image-preview:large","max-video-preview":"max-video-preview:-1"},"canonical":"https:\/\/hovikulta.fi\/en\/store\/rings\/gold-rings\/14-carat-gold-ring-with-smoke-quartz\/","og_locale":"en_US","og_type":"article","og_title":"Kultasepp&auml; Hovikulta Oy, Turku &ndash; Kellot, korut ja kihlat - 14 carat gold ring with smoke quartz.","og_description":"Miesten kultainen kantasormus on kotimaista k\u00e4sity\u00f6t\u00e4. Sormus on 14 karaatin keltakultaa ja kiven\u00e4 on savukvartsi, joka ruskea v\u00e4rilt\u00e4\u00e4n. Sormuksen rungon leveys 3,7 mm kapeimmasta kohdasta takaa mitattuna. Kiven koko 11 mm x 15 mm. Valmistaja Airiston kultasepp\u00e4 Oy, Turku. Muistathan ilmoittaa oikean koon tilauksen yhteydess\u00e4!","og_url":"https:\/\/hovikulta.fi\/en\/store\/rings\/gold-rings\/14-carat-gold-ring-with-smoke-quartz\/","og_site_name":"Kultasepp&auml; Hovikulta Oy, Turku &ndash; Kellot, korut ja kihlat","article_modified_time":"2017-11-15T14:15:10+00:00","og_image":[{"width":600,"height":600,"url":"https:\/\/hovikulta.fi\/wp-content\/uploads\/catalog\/product\/Kantassavuiso2.jpg","type":"image\/jpeg"}],"twitter_card":"summary_large_image","schema":{"@context":"https:\/\/schema.org","@graph":[{"@type":"WebPage","@id":"https:\/\/hovikulta.fi\/en\/store\/rings\/gold-rings\/14-carat-gold-ring-with-smoke-quartz\/","url":"https:\/\/hovikulta.fi\/en\/store\/rings\/gold-rings\/14-carat-gold-ring-with-smoke-quartz\/","name":"Kultasepp&auml; Hovikulta Oy, Turku &ndash; Kellot, korut ja kihlat - 14 carat gold ring with smoke quartz.","isPartOf":{"@id":"https:\/\/hovikulta.fi\/#website"},"primaryImageOfPage":{"@id":"https:\/\/hovikulta.fi\/en\/store\/rings\/gold-rings\/14-carat-gold-ring-with-smoke-quartz\/#primaryimage"},"image":{"@id":"https:\/\/hovikulta.fi\/en\/store\/rings\/gold-rings\/14-carat-gold-ring-with-smoke-quartz\/#primaryimage"},"thumbnailUrl":"https:\/\/hovikulta.fi\/wp-content\/uploads\/catalog\/product\/Kantassavuiso2.jpg","datePublished":"2017-11-15T14:08:21+00:00","dateModified":"2017-11-15T14:15:10+00:00","breadcrumb":{"@id":"https:\/\/hovikulta.fi\/en\/store\/rings\/gold-rings\/14-carat-gold-ring-with-smoke-quartz\/#breadcrumb"},"inLanguage":"en-US","potentialAction":[{"@type":"ReadAction","target":["https:\/\/hovikulta.fi\/en\/store\/rings\/gold-rings\/14-carat-gold-ring-with-smoke-quartz\/"]}]},{"@type":"ImageObject","inLanguage":"en-US","@id":"https:\/\/hovikulta.fi\/en\/store\/rings\/gold-rings\/14-carat-gold-ring-with-smoke-quartz\/#primaryimage","url":"https:\/\/hovikulta.fi\/wp-content\/uploads\/catalog\/product\/Kantassavuiso2.jpg","contentUrl":"https:\/\/hovikulta.fi\/wp-content\/uploads\/catalog\/product\/Kantassavuiso2.jpg","width":600,"height":600},{"@type":"BreadcrumbList","@id":"https:\/\/hovikulta.fi\/en\/store\/rings\/gold-rings\/14-carat-gold-ring-with-smoke-quartz\/#breadcrumb","itemListElement":[{"@type":"ListItem","position":1,"name":"Home","item":"https:\/\/hovikulta.fi\/en\/"},{"@type":"ListItem","position":2,"name":"Store","item":"https:\/\/hovikulta.fi\/en\/store\/"},{"@type":"ListItem","position":3,"name":"14 carat gold ring with smoke quartz."}]},{"@type":"WebSite","@id":"https:\/\/hovikulta.fi\/#website","url":"https:\/\/hovikulta.fi\/","name":"Kultasepp&auml; Hovikulta Oy, Turku &ndash; Kellot, korut ja kihlat","description":"","potentialAction":[{"@type":"SearchAction","target":{"@type":"EntryPoint","urlTemplate":"https:\/\/hovikulta.fi\/?s={search_term_string}"},"query-input":{"@type":"PropertyValueSpecification","valueRequired":true,"valueName":"search_term_string"}}],"inLanguage":"en-US"}]}},"_links":{"self":[{"href":"https:\/\/hovikulta.fi\/en\/wp-json\/wp\/v2\/product\/4537","targetHints":{"allow":["GET"]}}],"collection":[{"href":"https:\/\/hovikulta.fi\/en\/wp-json\/wp\/v2\/product"}],"about":[{"href":"https:\/\/hovikulta.fi\/en\/wp-json\/wp\/v2\/types\/product"}],"replies":[{"embeddable":true,"href":"https:\/\/hovikulta.fi\/en\/wp-json\/wp\/v2\/comments?post=4537"}],"wp:featuredmedia":[{"embeddable":true,"href":"https:\/\/hovikulta.fi\/en\/wp-json\/wp\/v2\/media\/4534"}],"wp:attachment":[{"href":"https:\/\/hovikulta.fi\/en\/wp-json\/wp\/v2\/media?parent=4537"}],"wp:term":[{"taxonomy":"product_brand","embeddable":true,"href":"https:\/\/hovikulta.fi\/en\/wp-json\/wp\/v2\/product_brand?post=4537"},{"taxonomy":"product_cat","embeddable":true,"href":"https:\/\/hovikulta.fi\/en\/wp-json\/wp\/v2\/product_cat?post=4537"},{"taxonomy":"product_tag","embeddable":true,"href":"https:\/\/hovikulta.fi\/en\/wp-json\/wp\/v2\/product_tag?post=4537"}],"curies":[{"name":"wp","href":"https:\/\/api.w.org\/{rel}","templated":true}]}}