{"id":4557,"date":"2018-03-12T12:40:21","date_gmt":"2018-03-12T12:40:21","guid":{"rendered":"https:\/\/hovikulta.fi\/?product=silver-pendant-design-by-liisa-vitali"},"modified":"2018-03-12T13:39:37","modified_gmt":"2018-03-12T13:39:37","slug":"silver-pendant-design-by-liisa-vitali","status":"publish","type":"product","link":"https:\/\/hovikulta.fi\/en\/store\/silver-jewelry\/silver-pendant-design-by-liisa-vitali\/","title":{"rendered":"Silver pendant design by Liisa Vitali"},"content":{"rendered":"<p>Liisa Vitalin suunnittelema Pitsi-riipus. N\u00e4ytt\u00e4v\u00e4 ja kaunis hopeariipus on nyt ensi kertaa tuotannossa. Ketjun koko pituus 60 cm, mutta sit\u00e4 voi k\u00e4ytt\u00e4\u00e4 my\u00f6s 50 senttisen\u00e4. Riipus ja ketju ovat molemmat rodinoituja. Riipuksen halkaisija on 4,5 cm ja se on 925-leimattua sterling-hopeaa. Korun valmistaja on Kultakeskus Oy, H\u00e4meenlinna.<\/p>\n<p>Samaan sarjaan saatavilla koukkukorvakorut.<\/p>\n","protected":false},"excerpt":{"rendered":"<p>Liisa Vitalin suunnittelema Pitsi-riipus. N\u00e4ytt\u00e4v\u00e4 ja kaunis hopeariipus on nyt ensi kertaa tuotannossa. Ketjun koko pituus 60 cm, mutta sit\u00e4 voi k\u00e4ytt\u00e4\u00e4 my\u00f6s 50 senttisen\u00e4. Riipus ja ketju ovat molemmat rodinoituja. Riipuksen halkaisija on 4,5 cm ja se on 925-leimattua sterling-hopeaa. Korun valmistaja on Kultakeskus Oy, H\u00e4meenlinna. Samaan sarjaan saatavilla koukkukorvakorut.<\/p>\n","protected":false},"featured_media":4554,"comment_status":"open","ping_status":"closed","template":"","meta":{"_acf_changed":false},"product_brand":[1378],"product_cat":[1350],"product_tag":[],"class_list":{"0":"post-4557","1":"product","2":"type-product","3":"status-publish","4":"has-post-thumbnail","6":"product_brand-kultakeskus-oy-en","7":"product_cat-silver-jewelry","9":"first","10":"outofstock","11":"sold-individually","12":"taxable","13":"shipping-taxable","14":"purchasable","15":"product-type-simple"},"acf":[],"yoast_head":"<!-- This site is optimized with the Yoast SEO plugin v27.4 - https:\/\/yoast.com\/product\/yoast-seo-wordpress\/ -->\n<title>Kultasepp&auml; Hovikulta Oy, Turku &ndash; Kellot, korut ja kihlat - Silver pendant design by Liisa Vitali<\/title>\n<meta name=\"robots\" content=\"index, follow, max-snippet:-1, max-image-preview:large, max-video-preview:-1\" \/>\n<link rel=\"canonical\" href=\"https:\/\/hovikulta.fi\/en\/store\/silver-jewelry\/silver-pendant-design-by-liisa-vitali\/\" \/>\n<meta property=\"og:locale\" content=\"en_US\" \/>\n<meta property=\"og:type\" content=\"article\" \/>\n<meta property=\"og:title\" content=\"Kultasepp&auml; Hovikulta Oy, Turku &ndash; Kellot, korut ja kihlat - Silver pendant design by Liisa Vitali\" \/>\n<meta property=\"og:description\" content=\"Liisa Vitalin suunnittelema Pitsi-riipus. N\u00e4ytt\u00e4v\u00e4 ja kaunis hopeariipus on nyt ensi kertaa tuotannossa. Ketjun koko pituus 60 cm, mutta sit\u00e4 voi k\u00e4ytt\u00e4\u00e4 my\u00f6s 50 senttisen\u00e4. Riipus ja ketju ovat molemmat rodinoituja. Riipuksen halkaisija on 4,5 cm ja se on 925-leimattua sterling-hopeaa. Korun valmistaja on Kultakeskus Oy, H\u00e4meenlinna. Samaan sarjaan saatavilla koukkukorvakorut.\" \/>\n<meta property=\"og:url\" content=\"https:\/\/hovikulta.fi\/en\/store\/silver-jewelry\/silver-pendant-design-by-liisa-vitali\/\" \/>\n<meta property=\"og:site_name\" content=\"Kultasepp&auml; Hovikulta Oy, Turku &ndash; Kellot, korut ja kihlat\" \/>\n<meta property=\"article:modified_time\" content=\"2018-03-12T13:39:37+00:00\" \/>\n<meta property=\"og:image\" content=\"https:\/\/hovikulta.fi\/wp-content\/uploads\/catalog\/product\/Vitaliriipus1.jpg\" \/>\n\t<meta property=\"og:image:width\" content=\"600\" \/>\n\t<meta property=\"og:image:height\" content=\"600\" \/>\n\t<meta property=\"og:image:type\" content=\"image\/jpeg\" \/>\n<meta name=\"twitter:card\" content=\"summary_large_image\" \/>\n<script type=\"application\/ld+json\" class=\"yoast-schema-graph\">{\"@context\":\"https:\\\/\\\/schema.org\",\"@graph\":[{\"@type\":\"WebPage\",\"@id\":\"https:\\\/\\\/hovikulta.fi\\\/en\\\/store\\\/silver-jewelry\\\/silver-pendant-design-by-liisa-vitali\\\/\",\"url\":\"https:\\\/\\\/hovikulta.fi\\\/en\\\/store\\\/silver-jewelry\\\/silver-pendant-design-by-liisa-vitali\\\/\",\"name\":\"Kultasepp&auml; Hovikulta Oy, Turku &ndash; Kellot, korut ja kihlat - Silver pendant design by Liisa Vitali\",\"isPartOf\":{\"@id\":\"https:\\\/\\\/hovikulta.fi\\\/#website\"},\"primaryImageOfPage\":{\"@id\":\"https:\\\/\\\/hovikulta.fi\\\/en\\\/store\\\/silver-jewelry\\\/silver-pendant-design-by-liisa-vitali\\\/#primaryimage\"},\"image\":{\"@id\":\"https:\\\/\\\/hovikulta.fi\\\/en\\\/store\\\/silver-jewelry\\\/silver-pendant-design-by-liisa-vitali\\\/#primaryimage\"},\"thumbnailUrl\":\"https:\\\/\\\/hovikulta.fi\\\/wp-content\\\/uploads\\\/catalog\\\/product\\\/Vitaliriipus1.jpg\",\"datePublished\":\"2018-03-12T12:40:21+00:00\",\"dateModified\":\"2018-03-12T13:39:37+00:00\",\"breadcrumb\":{\"@id\":\"https:\\\/\\\/hovikulta.fi\\\/en\\\/store\\\/silver-jewelry\\\/silver-pendant-design-by-liisa-vitali\\\/#breadcrumb\"},\"inLanguage\":\"en-US\",\"potentialAction\":[{\"@type\":\"ReadAction\",\"target\":[\"https:\\\/\\\/hovikulta.fi\\\/en\\\/store\\\/silver-jewelry\\\/silver-pendant-design-by-liisa-vitali\\\/\"]}]},{\"@type\":\"ImageObject\",\"inLanguage\":\"en-US\",\"@id\":\"https:\\\/\\\/hovikulta.fi\\\/en\\\/store\\\/silver-jewelry\\\/silver-pendant-design-by-liisa-vitali\\\/#primaryimage\",\"url\":\"https:\\\/\\\/hovikulta.fi\\\/wp-content\\\/uploads\\\/catalog\\\/product\\\/Vitaliriipus1.jpg\",\"contentUrl\":\"https:\\\/\\\/hovikulta.fi\\\/wp-content\\\/uploads\\\/catalog\\\/product\\\/Vitaliriipus1.jpg\",\"width\":600,\"height\":600},{\"@type\":\"BreadcrumbList\",\"@id\":\"https:\\\/\\\/hovikulta.fi\\\/en\\\/store\\\/silver-jewelry\\\/silver-pendant-design-by-liisa-vitali\\\/#breadcrumb\",\"itemListElement\":[{\"@type\":\"ListItem\",\"position\":1,\"name\":\"Home\",\"item\":\"https:\\\/\\\/hovikulta.fi\\\/en\\\/\"},{\"@type\":\"ListItem\",\"position\":2,\"name\":\"Store\",\"item\":\"https:\\\/\\\/hovikulta.fi\\\/en\\\/store\\\/\"},{\"@type\":\"ListItem\",\"position\":3,\"name\":\"Silver pendant design by Liisa Vitali\"}]},{\"@type\":\"WebSite\",\"@id\":\"https:\\\/\\\/hovikulta.fi\\\/#website\",\"url\":\"https:\\\/\\\/hovikulta.fi\\\/\",\"name\":\"Kultasepp&auml; Hovikulta Oy, Turku &ndash; Kellot, korut ja kihlat\",\"description\":\"\",\"potentialAction\":[{\"@type\":\"SearchAction\",\"target\":{\"@type\":\"EntryPoint\",\"urlTemplate\":\"https:\\\/\\\/hovikulta.fi\\\/?s={search_term_string}\"},\"query-input\":{\"@type\":\"PropertyValueSpecification\",\"valueRequired\":true,\"valueName\":\"search_term_string\"}}],\"inLanguage\":\"en-US\"}]}<\/script>\n<!-- \/ Yoast SEO plugin. -->","yoast_head_json":{"title":"Kultasepp&auml; Hovikulta Oy, Turku &ndash; Kellot, korut ja kihlat - Silver pendant design by Liisa Vitali","robots":{"index":"index","follow":"follow","max-snippet":"max-snippet:-1","max-image-preview":"max-image-preview:large","max-video-preview":"max-video-preview:-1"},"canonical":"https:\/\/hovikulta.fi\/en\/store\/silver-jewelry\/silver-pendant-design-by-liisa-vitali\/","og_locale":"en_US","og_type":"article","og_title":"Kultasepp&auml; Hovikulta Oy, Turku &ndash; Kellot, korut ja kihlat - Silver pendant design by Liisa Vitali","og_description":"Liisa Vitalin suunnittelema Pitsi-riipus. N\u00e4ytt\u00e4v\u00e4 ja kaunis hopeariipus on nyt ensi kertaa tuotannossa. Ketjun koko pituus 60 cm, mutta sit\u00e4 voi k\u00e4ytt\u00e4\u00e4 my\u00f6s 50 senttisen\u00e4. Riipus ja ketju ovat molemmat rodinoituja. Riipuksen halkaisija on 4,5 cm ja se on 925-leimattua sterling-hopeaa. Korun valmistaja on Kultakeskus Oy, H\u00e4meenlinna. Samaan sarjaan saatavilla koukkukorvakorut.","og_url":"https:\/\/hovikulta.fi\/en\/store\/silver-jewelry\/silver-pendant-design-by-liisa-vitali\/","og_site_name":"Kultasepp&auml; Hovikulta Oy, Turku &ndash; Kellot, korut ja kihlat","article_modified_time":"2018-03-12T13:39:37+00:00","og_image":[{"width":600,"height":600,"url":"https:\/\/hovikulta.fi\/wp-content\/uploads\/catalog\/product\/Vitaliriipus1.jpg","type":"image\/jpeg"}],"twitter_card":"summary_large_image","schema":{"@context":"https:\/\/schema.org","@graph":[{"@type":"WebPage","@id":"https:\/\/hovikulta.fi\/en\/store\/silver-jewelry\/silver-pendant-design-by-liisa-vitali\/","url":"https:\/\/hovikulta.fi\/en\/store\/silver-jewelry\/silver-pendant-design-by-liisa-vitali\/","name":"Kultasepp&auml; Hovikulta Oy, Turku &ndash; Kellot, korut ja kihlat - Silver pendant design by Liisa Vitali","isPartOf":{"@id":"https:\/\/hovikulta.fi\/#website"},"primaryImageOfPage":{"@id":"https:\/\/hovikulta.fi\/en\/store\/silver-jewelry\/silver-pendant-design-by-liisa-vitali\/#primaryimage"},"image":{"@id":"https:\/\/hovikulta.fi\/en\/store\/silver-jewelry\/silver-pendant-design-by-liisa-vitali\/#primaryimage"},"thumbnailUrl":"https:\/\/hovikulta.fi\/wp-content\/uploads\/catalog\/product\/Vitaliriipus1.jpg","datePublished":"2018-03-12T12:40:21+00:00","dateModified":"2018-03-12T13:39:37+00:00","breadcrumb":{"@id":"https:\/\/hovikulta.fi\/en\/store\/silver-jewelry\/silver-pendant-design-by-liisa-vitali\/#breadcrumb"},"inLanguage":"en-US","potentialAction":[{"@type":"ReadAction","target":["https:\/\/hovikulta.fi\/en\/store\/silver-jewelry\/silver-pendant-design-by-liisa-vitali\/"]}]},{"@type":"ImageObject","inLanguage":"en-US","@id":"https:\/\/hovikulta.fi\/en\/store\/silver-jewelry\/silver-pendant-design-by-liisa-vitali\/#primaryimage","url":"https:\/\/hovikulta.fi\/wp-content\/uploads\/catalog\/product\/Vitaliriipus1.jpg","contentUrl":"https:\/\/hovikulta.fi\/wp-content\/uploads\/catalog\/product\/Vitaliriipus1.jpg","width":600,"height":600},{"@type":"BreadcrumbList","@id":"https:\/\/hovikulta.fi\/en\/store\/silver-jewelry\/silver-pendant-design-by-liisa-vitali\/#breadcrumb","itemListElement":[{"@type":"ListItem","position":1,"name":"Home","item":"https:\/\/hovikulta.fi\/en\/"},{"@type":"ListItem","position":2,"name":"Store","item":"https:\/\/hovikulta.fi\/en\/store\/"},{"@type":"ListItem","position":3,"name":"Silver pendant design by Liisa Vitali"}]},{"@type":"WebSite","@id":"https:\/\/hovikulta.fi\/#website","url":"https:\/\/hovikulta.fi\/","name":"Kultasepp&auml; Hovikulta Oy, Turku &ndash; Kellot, korut ja kihlat","description":"","potentialAction":[{"@type":"SearchAction","target":{"@type":"EntryPoint","urlTemplate":"https:\/\/hovikulta.fi\/?s={search_term_string}"},"query-input":{"@type":"PropertyValueSpecification","valueRequired":true,"valueName":"search_term_string"}}],"inLanguage":"en-US"}]}},"_links":{"self":[{"href":"https:\/\/hovikulta.fi\/en\/wp-json\/wp\/v2\/product\/4557","targetHints":{"allow":["GET"]}}],"collection":[{"href":"https:\/\/hovikulta.fi\/en\/wp-json\/wp\/v2\/product"}],"about":[{"href":"https:\/\/hovikulta.fi\/en\/wp-json\/wp\/v2\/types\/product"}],"replies":[{"embeddable":true,"href":"https:\/\/hovikulta.fi\/en\/wp-json\/wp\/v2\/comments?post=4557"}],"wp:featuredmedia":[{"embeddable":true,"href":"https:\/\/hovikulta.fi\/en\/wp-json\/wp\/v2\/media\/4554"}],"wp:attachment":[{"href":"https:\/\/hovikulta.fi\/en\/wp-json\/wp\/v2\/media?parent=4557"}],"wp:term":[{"taxonomy":"product_brand","embeddable":true,"href":"https:\/\/hovikulta.fi\/en\/wp-json\/wp\/v2\/product_brand?post=4557"},{"taxonomy":"product_cat","embeddable":true,"href":"https:\/\/hovikulta.fi\/en\/wp-json\/wp\/v2\/product_cat?post=4557"},{"taxonomy":"product_tag","embeddable":true,"href":"https:\/\/hovikulta.fi\/en\/wp-json\/wp\/v2\/product_tag?post=4557"}],"curies":[{"name":"wp","href":"https:\/\/api.w.org\/{rel}","templated":true}]}}