{"id":4687,"date":"2019-08-01T09:12:28","date_gmt":"2019-08-01T09:12:28","guid":{"rendered":"https:\/\/hovikulta.fi\/?product=white-gold-earrings-with-cubic-zirconias-and-agate"},"modified":"2019-08-01T09:15:55","modified_gmt":"2019-08-01T09:15:55","slug":"white-gold-earrings-with-cubic-zirconias-and-agate","status":"publish","type":"product","link":"https:\/\/hovikulta.fi\/en\/store\/earrings\/gold-earrings\/white-gold-earrings-with-cubic-zirconias-and-agate\/","title":{"rendered":"White gold earrings with cubic zirconias and agate."},"content":{"rendered":"<p>Ihanat valkokultaiset korvakorut synteettisill\u00e4, kirkkailla zirconioilla sek\u00e4 aidoilla vihreill\u00e4 akaateilla. Korvakorut ovat Italiasta ja 14 karaatin valkokultaa.<\/p>\n<p>Korvakorujen korkeus p\u00e4\u00e4st\u00e4 p\u00e4\u00e4h\u00e4n on n. 19 mm. Korvakoruissa perinteinen nappikiinnitys.<\/p>\n<p>Upea lahjaidea!<\/p>\n","protected":false},"excerpt":{"rendered":"<p>Ihanat valkokultaiset korvakorut synteettisill\u00e4, kirkkailla zirconioilla sek\u00e4 aidoilla vihreill\u00e4 akaateilla. Korvakorut ovat Italiasta ja 14 karaatin valkokultaa. Korvakorujen korkeus p\u00e4\u00e4st\u00e4 p\u00e4\u00e4h\u00e4n on n. 19 mm. Korvakoruissa perinteinen nappikiinnitys. Upea lahjaidea!<\/p>\n","protected":false},"featured_media":7491,"comment_status":"open","ping_status":"closed","template":"","meta":{"_acf_changed":false},"product_brand":[1309],"product_cat":[1342,1348],"product_tag":[],"class_list":{"0":"post-4687","1":"product","2":"type-product","3":"status-publish","4":"has-post-thumbnail","6":"product_brand-valmistusmaa-italia","7":"product_cat-earrings","8":"product_cat-gold-earrings","10":"first","11":"instock","12":"taxable","13":"shipping-taxable","14":"purchasable","15":"product-type-simple"},"acf":[],"yoast_head":"<!-- This site is optimized with the Yoast SEO plugin v27.4 - https:\/\/yoast.com\/product\/yoast-seo-wordpress\/ -->\n<title>Kultasepp&auml; Hovikulta Oy, Turku &ndash; Kellot, korut ja kihlat - White gold earrings with cubic zirconias and agate.<\/title>\n<meta name=\"robots\" content=\"index, follow, max-snippet:-1, max-image-preview:large, max-video-preview:-1\" \/>\n<link rel=\"canonical\" href=\"https:\/\/hovikulta.fi\/en\/store\/earrings\/gold-earrings\/white-gold-earrings-with-cubic-zirconias-and-agate\/\" \/>\n<meta property=\"og:locale\" content=\"en_US\" \/>\n<meta property=\"og:type\" content=\"article\" \/>\n<meta property=\"og:title\" content=\"Kultasepp&auml; Hovikulta Oy, Turku &ndash; Kellot, korut ja kihlat - White gold earrings with cubic zirconias and agate.\" \/>\n<meta property=\"og:description\" content=\"Ihanat valkokultaiset korvakorut synteettisill\u00e4, kirkkailla zirconioilla sek\u00e4 aidoilla vihreill\u00e4 akaateilla. Korvakorut ovat Italiasta ja 14 karaatin valkokultaa. Korvakorujen korkeus p\u00e4\u00e4st\u00e4 p\u00e4\u00e4h\u00e4n on n. 19 mm. Korvakoruissa perinteinen nappikiinnitys. Upea lahjaidea!\" \/>\n<meta property=\"og:url\" content=\"https:\/\/hovikulta.fi\/en\/store\/earrings\/gold-earrings\/white-gold-earrings-with-cubic-zirconias-and-agate\/\" \/>\n<meta property=\"og:site_name\" content=\"Kultasepp&auml; Hovikulta Oy, Turku &ndash; Kellot, korut ja kihlat\" \/>\n<meta property=\"article:modified_time\" content=\"2019-08-01T09:15:55+00:00\" \/>\n<meta property=\"og:image\" content=\"https:\/\/hovikulta.fi\/wp-content\/uploads\/catalog\/product\/DSC00261.JPG\" \/>\n\t<meta property=\"og:image:width\" content=\"600\" \/>\n\t<meta property=\"og:image:height\" content=\"600\" \/>\n\t<meta property=\"og:image:type\" content=\"image\/jpeg\" \/>\n<meta name=\"twitter:card\" content=\"summary_large_image\" \/>\n<script type=\"application\/ld+json\" class=\"yoast-schema-graph\">{\"@context\":\"https:\\\/\\\/schema.org\",\"@graph\":[{\"@type\":\"WebPage\",\"@id\":\"https:\\\/\\\/hovikulta.fi\\\/en\\\/store\\\/earrings\\\/gold-earrings\\\/white-gold-earrings-with-cubic-zirconias-and-agate\\\/\",\"url\":\"https:\\\/\\\/hovikulta.fi\\\/en\\\/store\\\/earrings\\\/gold-earrings\\\/white-gold-earrings-with-cubic-zirconias-and-agate\\\/\",\"name\":\"Kultasepp&auml; Hovikulta Oy, Turku &ndash; Kellot, korut ja kihlat - White gold earrings with cubic zirconias and agate.\",\"isPartOf\":{\"@id\":\"https:\\\/\\\/hovikulta.fi\\\/#website\"},\"primaryImageOfPage\":{\"@id\":\"https:\\\/\\\/hovikulta.fi\\\/en\\\/store\\\/earrings\\\/gold-earrings\\\/white-gold-earrings-with-cubic-zirconias-and-agate\\\/#primaryimage\"},\"image\":{\"@id\":\"https:\\\/\\\/hovikulta.fi\\\/en\\\/store\\\/earrings\\\/gold-earrings\\\/white-gold-earrings-with-cubic-zirconias-and-agate\\\/#primaryimage\"},\"thumbnailUrl\":\"https:\\\/\\\/hovikulta.fi\\\/wp-content\\\/uploads\\\/catalog\\\/product\\\/DSC00261.JPG\",\"datePublished\":\"2019-08-01T09:12:28+00:00\",\"dateModified\":\"2019-08-01T09:15:55+00:00\",\"breadcrumb\":{\"@id\":\"https:\\\/\\\/hovikulta.fi\\\/en\\\/store\\\/earrings\\\/gold-earrings\\\/white-gold-earrings-with-cubic-zirconias-and-agate\\\/#breadcrumb\"},\"inLanguage\":\"en-US\",\"potentialAction\":[{\"@type\":\"ReadAction\",\"target\":[\"https:\\\/\\\/hovikulta.fi\\\/en\\\/store\\\/earrings\\\/gold-earrings\\\/white-gold-earrings-with-cubic-zirconias-and-agate\\\/\"]}]},{\"@type\":\"ImageObject\",\"inLanguage\":\"en-US\",\"@id\":\"https:\\\/\\\/hovikulta.fi\\\/en\\\/store\\\/earrings\\\/gold-earrings\\\/white-gold-earrings-with-cubic-zirconias-and-agate\\\/#primaryimage\",\"url\":\"https:\\\/\\\/hovikulta.fi\\\/wp-content\\\/uploads\\\/catalog\\\/product\\\/DSC00261.JPG\",\"contentUrl\":\"https:\\\/\\\/hovikulta.fi\\\/wp-content\\\/uploads\\\/catalog\\\/product\\\/DSC00261.JPG\",\"width\":600,\"height\":600},{\"@type\":\"BreadcrumbList\",\"@id\":\"https:\\\/\\\/hovikulta.fi\\\/en\\\/store\\\/earrings\\\/gold-earrings\\\/white-gold-earrings-with-cubic-zirconias-and-agate\\\/#breadcrumb\",\"itemListElement\":[{\"@type\":\"ListItem\",\"position\":1,\"name\":\"Home\",\"item\":\"https:\\\/\\\/hovikulta.fi\\\/en\\\/\"},{\"@type\":\"ListItem\",\"position\":2,\"name\":\"Store\",\"item\":\"https:\\\/\\\/hovikulta.fi\\\/en\\\/store\\\/\"},{\"@type\":\"ListItem\",\"position\":3,\"name\":\"White gold earrings with cubic zirconias and agate.\"}]},{\"@type\":\"WebSite\",\"@id\":\"https:\\\/\\\/hovikulta.fi\\\/#website\",\"url\":\"https:\\\/\\\/hovikulta.fi\\\/\",\"name\":\"Kultasepp&auml; Hovikulta Oy, Turku &ndash; Kellot, korut ja kihlat\",\"description\":\"\",\"potentialAction\":[{\"@type\":\"SearchAction\",\"target\":{\"@type\":\"EntryPoint\",\"urlTemplate\":\"https:\\\/\\\/hovikulta.fi\\\/?s={search_term_string}\"},\"query-input\":{\"@type\":\"PropertyValueSpecification\",\"valueRequired\":true,\"valueName\":\"search_term_string\"}}],\"inLanguage\":\"en-US\"}]}<\/script>\n<!-- \/ Yoast SEO plugin. -->","yoast_head_json":{"title":"Kultasepp&auml; Hovikulta Oy, Turku &ndash; Kellot, korut ja kihlat - White gold earrings with cubic zirconias and agate.","robots":{"index":"index","follow":"follow","max-snippet":"max-snippet:-1","max-image-preview":"max-image-preview:large","max-video-preview":"max-video-preview:-1"},"canonical":"https:\/\/hovikulta.fi\/en\/store\/earrings\/gold-earrings\/white-gold-earrings-with-cubic-zirconias-and-agate\/","og_locale":"en_US","og_type":"article","og_title":"Kultasepp&auml; Hovikulta Oy, Turku &ndash; Kellot, korut ja kihlat - White gold earrings with cubic zirconias and agate.","og_description":"Ihanat valkokultaiset korvakorut synteettisill\u00e4, kirkkailla zirconioilla sek\u00e4 aidoilla vihreill\u00e4 akaateilla. Korvakorut ovat Italiasta ja 14 karaatin valkokultaa. Korvakorujen korkeus p\u00e4\u00e4st\u00e4 p\u00e4\u00e4h\u00e4n on n. 19 mm. Korvakoruissa perinteinen nappikiinnitys. Upea lahjaidea!","og_url":"https:\/\/hovikulta.fi\/en\/store\/earrings\/gold-earrings\/white-gold-earrings-with-cubic-zirconias-and-agate\/","og_site_name":"Kultasepp&auml; Hovikulta Oy, Turku &ndash; Kellot, korut ja kihlat","article_modified_time":"2019-08-01T09:15:55+00:00","og_image":[{"width":600,"height":600,"url":"https:\/\/hovikulta.fi\/wp-content\/uploads\/catalog\/product\/DSC00261.JPG","type":"image\/jpeg"}],"twitter_card":"summary_large_image","schema":{"@context":"https:\/\/schema.org","@graph":[{"@type":"WebPage","@id":"https:\/\/hovikulta.fi\/en\/store\/earrings\/gold-earrings\/white-gold-earrings-with-cubic-zirconias-and-agate\/","url":"https:\/\/hovikulta.fi\/en\/store\/earrings\/gold-earrings\/white-gold-earrings-with-cubic-zirconias-and-agate\/","name":"Kultasepp&auml; Hovikulta Oy, Turku &ndash; Kellot, korut ja kihlat - White gold earrings with cubic zirconias and agate.","isPartOf":{"@id":"https:\/\/hovikulta.fi\/#website"},"primaryImageOfPage":{"@id":"https:\/\/hovikulta.fi\/en\/store\/earrings\/gold-earrings\/white-gold-earrings-with-cubic-zirconias-and-agate\/#primaryimage"},"image":{"@id":"https:\/\/hovikulta.fi\/en\/store\/earrings\/gold-earrings\/white-gold-earrings-with-cubic-zirconias-and-agate\/#primaryimage"},"thumbnailUrl":"https:\/\/hovikulta.fi\/wp-content\/uploads\/catalog\/product\/DSC00261.JPG","datePublished":"2019-08-01T09:12:28+00:00","dateModified":"2019-08-01T09:15:55+00:00","breadcrumb":{"@id":"https:\/\/hovikulta.fi\/en\/store\/earrings\/gold-earrings\/white-gold-earrings-with-cubic-zirconias-and-agate\/#breadcrumb"},"inLanguage":"en-US","potentialAction":[{"@type":"ReadAction","target":["https:\/\/hovikulta.fi\/en\/store\/earrings\/gold-earrings\/white-gold-earrings-with-cubic-zirconias-and-agate\/"]}]},{"@type":"ImageObject","inLanguage":"en-US","@id":"https:\/\/hovikulta.fi\/en\/store\/earrings\/gold-earrings\/white-gold-earrings-with-cubic-zirconias-and-agate\/#primaryimage","url":"https:\/\/hovikulta.fi\/wp-content\/uploads\/catalog\/product\/DSC00261.JPG","contentUrl":"https:\/\/hovikulta.fi\/wp-content\/uploads\/catalog\/product\/DSC00261.JPG","width":600,"height":600},{"@type":"BreadcrumbList","@id":"https:\/\/hovikulta.fi\/en\/store\/earrings\/gold-earrings\/white-gold-earrings-with-cubic-zirconias-and-agate\/#breadcrumb","itemListElement":[{"@type":"ListItem","position":1,"name":"Home","item":"https:\/\/hovikulta.fi\/en\/"},{"@type":"ListItem","position":2,"name":"Store","item":"https:\/\/hovikulta.fi\/en\/store\/"},{"@type":"ListItem","position":3,"name":"White gold earrings with cubic zirconias and agate."}]},{"@type":"WebSite","@id":"https:\/\/hovikulta.fi\/#website","url":"https:\/\/hovikulta.fi\/","name":"Kultasepp&auml; Hovikulta Oy, Turku &ndash; Kellot, korut ja kihlat","description":"","potentialAction":[{"@type":"SearchAction","target":{"@type":"EntryPoint","urlTemplate":"https:\/\/hovikulta.fi\/?s={search_term_string}"},"query-input":{"@type":"PropertyValueSpecification","valueRequired":true,"valueName":"search_term_string"}}],"inLanguage":"en-US"}]}},"_links":{"self":[{"href":"https:\/\/hovikulta.fi\/en\/wp-json\/wp\/v2\/product\/4687","targetHints":{"allow":["GET"]}}],"collection":[{"href":"https:\/\/hovikulta.fi\/en\/wp-json\/wp\/v2\/product"}],"about":[{"href":"https:\/\/hovikulta.fi\/en\/wp-json\/wp\/v2\/types\/product"}],"replies":[{"embeddable":true,"href":"https:\/\/hovikulta.fi\/en\/wp-json\/wp\/v2\/comments?post=4687"}],"wp:featuredmedia":[{"embeddable":true,"href":"https:\/\/hovikulta.fi\/en\/wp-json\/wp\/v2\/media\/7491"}],"wp:attachment":[{"href":"https:\/\/hovikulta.fi\/en\/wp-json\/wp\/v2\/media?parent=4687"}],"wp:term":[{"taxonomy":"product_brand","embeddable":true,"href":"https:\/\/hovikulta.fi\/en\/wp-json\/wp\/v2\/product_brand?post=4687"},{"taxonomy":"product_cat","embeddable":true,"href":"https:\/\/hovikulta.fi\/en\/wp-json\/wp\/v2\/product_cat?post=4687"},{"taxonomy":"product_tag","embeddable":true,"href":"https:\/\/hovikulta.fi\/en\/wp-json\/wp\/v2\/product_tag?post=4687"}],"curies":[{"name":"wp","href":"https:\/\/api.w.org\/{rel}","templated":true}]}}