{"id":4955,"date":"2020-02-27T13:11:08","date_gmt":"2020-02-27T13:11:08","guid":{"rendered":"https:\/\/hovikulta.fi\/?product=gold-ring-with-5-diamonds-in-star-shaped-settings-010-ct-vs-tw"},"modified":"2020-02-27T13:19:50","modified_gmt":"2020-02-27T13:19:50","slug":"gold-ring-with-5-diamonds-in-star-shaped-settings-010-ct-vs-tw","status":"publish","type":"product","link":"https:\/\/hovikulta.fi\/en\/store\/rings\/diamond-rings\/gold-ring-with-5-diamonds-in-star-shaped-settings-010-ct-vs-tw\/","title":{"rendered":"Gold ring with 5 diamonds in star-shaped settings, 0,10 ct vs \/ tw"},"content":{"rendered":"<p>Siro ja kaunis 5-kivinen rivitimanttisormus on omaa valmistustamme. Sormuksen runko on 14 karaatin kultaa ja vs \/ top wesselton -laatuiset timantit ovat painoltaan yhteens\u00e4 0,10 ct. Timanttien istutsta koristaa k\u00e4sin tehdyt, t\u00e4hden muotoiset viisteleikkaukset. Sormuksen rungon leveys on kauttaaltaan n. 2,9 mm. Korun mukana tulee aitoustodistus.<\/p>\n<p>Muistathan ilmoittaa kokosi tilauksen yhteydess\u00e4.<\/p>\n","protected":false},"excerpt":{"rendered":"<p>Siro ja kaunis 5-kivinen rivitimanttisormus on omaa valmistustamme. Sormuksen runko on 14 karaatin kultaa ja vs \/ top wesselton -laatuiset timantit ovat painoltaan yhteens\u00e4 0,10 ct. Timanttien istutsta koristaa k\u00e4sin tehdyt, t\u00e4hden muotoiset viisteleikkaukset. Sormuksen rungon leveys on kauttaaltaan n. 2,9 mm. Korun mukana tulee aitoustodistus. Muistathan ilmoittaa kokosi tilauksen yhteydess\u00e4.<\/p>\n","protected":false},"featured_media":4952,"comment_status":"open","ping_status":"closed","template":"","meta":{"_acf_changed":false},"product_brand":[1384],"product_cat":[1344,1330],"product_tag":[],"class_list":{"0":"post-4955","1":"product","2":"type-product","3":"status-publish","4":"has-post-thumbnail","6":"product_brand-hovikulta-oy-en","7":"product_cat-diamond-rings","8":"product_cat-rings","10":"first","11":"outofstock","12":"taxable","13":"shipping-taxable","14":"purchasable","15":"product-type-simple"},"acf":[],"yoast_head":"<!-- This site is optimized with the Yoast SEO plugin v27.6 - https:\/\/yoast.com\/product\/yoast-seo-wordpress\/ -->\n<title>Kultasepp&auml; Hovikulta Oy, Turku &ndash; Kellot, korut ja kihlat - Gold ring with 5 diamonds in star-shaped settings, 0,10 ct vs \/ tw<\/title>\n<meta name=\"robots\" content=\"index, follow, max-snippet:-1, max-image-preview:large, max-video-preview:-1\" \/>\n<link rel=\"canonical\" href=\"https:\/\/hovikulta.fi\/en\/store\/rings\/diamond-rings\/gold-ring-with-5-diamonds-in-star-shaped-settings-010-ct-vs-tw\/\" \/>\n<meta property=\"og:locale\" content=\"en_US\" \/>\n<meta property=\"og:type\" content=\"article\" \/>\n<meta property=\"og:title\" content=\"Kultasepp&auml; Hovikulta Oy, Turku &ndash; Kellot, korut ja kihlat - Gold ring with 5 diamonds in star-shaped settings, 0,10 ct vs \/ tw\" \/>\n<meta property=\"og:description\" content=\"Siro ja kaunis 5-kivinen rivitimanttisormus on omaa valmistustamme. Sormuksen runko on 14 karaatin kultaa ja vs \/ top wesselton -laatuiset timantit ovat painoltaan yhteens\u00e4 0,10 ct. Timanttien istutsta koristaa k\u00e4sin tehdyt, t\u00e4hden muotoiset viisteleikkaukset. Sormuksen rungon leveys on kauttaaltaan n. 2,9 mm. Korun mukana tulee aitoustodistus. Muistathan ilmoittaa kokosi tilauksen yhteydess\u00e4.\" \/>\n<meta property=\"og:url\" content=\"https:\/\/hovikulta.fi\/en\/store\/rings\/diamond-rings\/gold-ring-with-5-diamonds-in-star-shaped-settings-010-ct-vs-tw\/\" \/>\n<meta property=\"og:site_name\" content=\"Kultasepp&auml; Hovikulta Oy, Turku &ndash; Kellot, korut ja kihlat\" \/>\n<meta property=\"article:modified_time\" content=\"2020-02-27T13:19:50+00:00\" \/>\n<meta property=\"og:image\" content=\"https:\/\/hovikulta.fi\/wp-content\/uploads\/2020\/03\/DSC01413.JPG\" \/>\n\t<meta property=\"og:image:width\" content=\"600\" \/>\n\t<meta property=\"og:image:height\" content=\"600\" \/>\n\t<meta property=\"og:image:type\" content=\"image\/jpeg\" \/>\n<meta name=\"twitter:card\" content=\"summary_large_image\" \/>\n<script type=\"application\/ld+json\" class=\"yoast-schema-graph\">{\"@context\":\"https:\\\/\\\/schema.org\",\"@graph\":[{\"@type\":\"WebPage\",\"@id\":\"https:\\\/\\\/hovikulta.fi\\\/en\\\/store\\\/rings\\\/diamond-rings\\\/gold-ring-with-5-diamonds-in-star-shaped-settings-010-ct-vs-tw\\\/\",\"url\":\"https:\\\/\\\/hovikulta.fi\\\/en\\\/store\\\/rings\\\/diamond-rings\\\/gold-ring-with-5-diamonds-in-star-shaped-settings-010-ct-vs-tw\\\/\",\"name\":\"Kultasepp&auml; Hovikulta Oy, Turku &ndash; Kellot, korut ja kihlat - Gold ring with 5 diamonds in star-shaped settings, 0,10 ct vs \\\/ tw\",\"isPartOf\":{\"@id\":\"https:\\\/\\\/hovikulta.fi\\\/#website\"},\"primaryImageOfPage\":{\"@id\":\"https:\\\/\\\/hovikulta.fi\\\/en\\\/store\\\/rings\\\/diamond-rings\\\/gold-ring-with-5-diamonds-in-star-shaped-settings-010-ct-vs-tw\\\/#primaryimage\"},\"image\":{\"@id\":\"https:\\\/\\\/hovikulta.fi\\\/en\\\/store\\\/rings\\\/diamond-rings\\\/gold-ring-with-5-diamonds-in-star-shaped-settings-010-ct-vs-tw\\\/#primaryimage\"},\"thumbnailUrl\":\"https:\\\/\\\/hovikulta.fi\\\/wp-content\\\/uploads\\\/2020\\\/03\\\/DSC01413.JPG\",\"datePublished\":\"2020-02-27T13:11:08+00:00\",\"dateModified\":\"2020-02-27T13:19:50+00:00\",\"breadcrumb\":{\"@id\":\"https:\\\/\\\/hovikulta.fi\\\/en\\\/store\\\/rings\\\/diamond-rings\\\/gold-ring-with-5-diamonds-in-star-shaped-settings-010-ct-vs-tw\\\/#breadcrumb\"},\"inLanguage\":\"en-US\",\"potentialAction\":[{\"@type\":\"ReadAction\",\"target\":[\"https:\\\/\\\/hovikulta.fi\\\/en\\\/store\\\/rings\\\/diamond-rings\\\/gold-ring-with-5-diamonds-in-star-shaped-settings-010-ct-vs-tw\\\/\"]}]},{\"@type\":\"ImageObject\",\"inLanguage\":\"en-US\",\"@id\":\"https:\\\/\\\/hovikulta.fi\\\/en\\\/store\\\/rings\\\/diamond-rings\\\/gold-ring-with-5-diamonds-in-star-shaped-settings-010-ct-vs-tw\\\/#primaryimage\",\"url\":\"https:\\\/\\\/hovikulta.fi\\\/wp-content\\\/uploads\\\/2020\\\/03\\\/DSC01413.JPG\",\"contentUrl\":\"https:\\\/\\\/hovikulta.fi\\\/wp-content\\\/uploads\\\/2020\\\/03\\\/DSC01413.JPG\",\"width\":600,\"height\":600},{\"@type\":\"BreadcrumbList\",\"@id\":\"https:\\\/\\\/hovikulta.fi\\\/en\\\/store\\\/rings\\\/diamond-rings\\\/gold-ring-with-5-diamonds-in-star-shaped-settings-010-ct-vs-tw\\\/#breadcrumb\",\"itemListElement\":[{\"@type\":\"ListItem\",\"position\":1,\"name\":\"Home\",\"item\":\"https:\\\/\\\/hovikulta.fi\\\/en\\\/\"},{\"@type\":\"ListItem\",\"position\":2,\"name\":\"Store\",\"item\":\"https:\\\/\\\/hovikulta.fi\\\/en\\\/store\\\/\"},{\"@type\":\"ListItem\",\"position\":3,\"name\":\"Gold ring with 5 diamonds in star-shaped settings, 0,10 ct vs \\\/ tw\"}]},{\"@type\":\"WebSite\",\"@id\":\"https:\\\/\\\/hovikulta.fi\\\/#website\",\"url\":\"https:\\\/\\\/hovikulta.fi\\\/\",\"name\":\"Kultasepp&auml; Hovikulta Oy, Turku &ndash; Kellot, korut ja kihlat\",\"description\":\"\",\"potentialAction\":[{\"@type\":\"SearchAction\",\"target\":{\"@type\":\"EntryPoint\",\"urlTemplate\":\"https:\\\/\\\/hovikulta.fi\\\/?s={search_term_string}\"},\"query-input\":{\"@type\":\"PropertyValueSpecification\",\"valueRequired\":true,\"valueName\":\"search_term_string\"}}],\"inLanguage\":\"en-US\"}]}<\/script>\n<!-- \/ Yoast SEO plugin. -->","yoast_head_json":{"title":"Kultasepp&auml; Hovikulta Oy, Turku &ndash; Kellot, korut ja kihlat - Gold ring with 5 diamonds in star-shaped settings, 0,10 ct vs \/ tw","robots":{"index":"index","follow":"follow","max-snippet":"max-snippet:-1","max-image-preview":"max-image-preview:large","max-video-preview":"max-video-preview:-1"},"canonical":"https:\/\/hovikulta.fi\/en\/store\/rings\/diamond-rings\/gold-ring-with-5-diamonds-in-star-shaped-settings-010-ct-vs-tw\/","og_locale":"en_US","og_type":"article","og_title":"Kultasepp&auml; Hovikulta Oy, Turku &ndash; Kellot, korut ja kihlat - Gold ring with 5 diamonds in star-shaped settings, 0,10 ct vs \/ tw","og_description":"Siro ja kaunis 5-kivinen rivitimanttisormus on omaa valmistustamme. Sormuksen runko on 14 karaatin kultaa ja vs \/ top wesselton -laatuiset timantit ovat painoltaan yhteens\u00e4 0,10 ct. Timanttien istutsta koristaa k\u00e4sin tehdyt, t\u00e4hden muotoiset viisteleikkaukset. Sormuksen rungon leveys on kauttaaltaan n. 2,9 mm. Korun mukana tulee aitoustodistus. Muistathan ilmoittaa kokosi tilauksen yhteydess\u00e4.","og_url":"https:\/\/hovikulta.fi\/en\/store\/rings\/diamond-rings\/gold-ring-with-5-diamonds-in-star-shaped-settings-010-ct-vs-tw\/","og_site_name":"Kultasepp&auml; Hovikulta Oy, Turku &ndash; Kellot, korut ja kihlat","article_modified_time":"2020-02-27T13:19:50+00:00","og_image":[{"width":600,"height":600,"url":"https:\/\/hovikulta.fi\/wp-content\/uploads\/2020\/03\/DSC01413.JPG","type":"image\/jpeg"}],"twitter_card":"summary_large_image","schema":{"@context":"https:\/\/schema.org","@graph":[{"@type":"WebPage","@id":"https:\/\/hovikulta.fi\/en\/store\/rings\/diamond-rings\/gold-ring-with-5-diamonds-in-star-shaped-settings-010-ct-vs-tw\/","url":"https:\/\/hovikulta.fi\/en\/store\/rings\/diamond-rings\/gold-ring-with-5-diamonds-in-star-shaped-settings-010-ct-vs-tw\/","name":"Kultasepp&auml; Hovikulta Oy, Turku &ndash; Kellot, korut ja kihlat - Gold ring with 5 diamonds in star-shaped settings, 0,10 ct vs \/ tw","isPartOf":{"@id":"https:\/\/hovikulta.fi\/#website"},"primaryImageOfPage":{"@id":"https:\/\/hovikulta.fi\/en\/store\/rings\/diamond-rings\/gold-ring-with-5-diamonds-in-star-shaped-settings-010-ct-vs-tw\/#primaryimage"},"image":{"@id":"https:\/\/hovikulta.fi\/en\/store\/rings\/diamond-rings\/gold-ring-with-5-diamonds-in-star-shaped-settings-010-ct-vs-tw\/#primaryimage"},"thumbnailUrl":"https:\/\/hovikulta.fi\/wp-content\/uploads\/2020\/03\/DSC01413.JPG","datePublished":"2020-02-27T13:11:08+00:00","dateModified":"2020-02-27T13:19:50+00:00","breadcrumb":{"@id":"https:\/\/hovikulta.fi\/en\/store\/rings\/diamond-rings\/gold-ring-with-5-diamonds-in-star-shaped-settings-010-ct-vs-tw\/#breadcrumb"},"inLanguage":"en-US","potentialAction":[{"@type":"ReadAction","target":["https:\/\/hovikulta.fi\/en\/store\/rings\/diamond-rings\/gold-ring-with-5-diamonds-in-star-shaped-settings-010-ct-vs-tw\/"]}]},{"@type":"ImageObject","inLanguage":"en-US","@id":"https:\/\/hovikulta.fi\/en\/store\/rings\/diamond-rings\/gold-ring-with-5-diamonds-in-star-shaped-settings-010-ct-vs-tw\/#primaryimage","url":"https:\/\/hovikulta.fi\/wp-content\/uploads\/2020\/03\/DSC01413.JPG","contentUrl":"https:\/\/hovikulta.fi\/wp-content\/uploads\/2020\/03\/DSC01413.JPG","width":600,"height":600},{"@type":"BreadcrumbList","@id":"https:\/\/hovikulta.fi\/en\/store\/rings\/diamond-rings\/gold-ring-with-5-diamonds-in-star-shaped-settings-010-ct-vs-tw\/#breadcrumb","itemListElement":[{"@type":"ListItem","position":1,"name":"Home","item":"https:\/\/hovikulta.fi\/en\/"},{"@type":"ListItem","position":2,"name":"Store","item":"https:\/\/hovikulta.fi\/en\/store\/"},{"@type":"ListItem","position":3,"name":"Gold ring with 5 diamonds in star-shaped settings, 0,10 ct vs \/ tw"}]},{"@type":"WebSite","@id":"https:\/\/hovikulta.fi\/#website","url":"https:\/\/hovikulta.fi\/","name":"Kultasepp&auml; Hovikulta Oy, Turku &ndash; Kellot, korut ja kihlat","description":"","potentialAction":[{"@type":"SearchAction","target":{"@type":"EntryPoint","urlTemplate":"https:\/\/hovikulta.fi\/?s={search_term_string}"},"query-input":{"@type":"PropertyValueSpecification","valueRequired":true,"valueName":"search_term_string"}}],"inLanguage":"en-US"}]}},"_links":{"self":[{"href":"https:\/\/hovikulta.fi\/en\/wp-json\/wp\/v2\/product\/4955","targetHints":{"allow":["GET"]}}],"collection":[{"href":"https:\/\/hovikulta.fi\/en\/wp-json\/wp\/v2\/product"}],"about":[{"href":"https:\/\/hovikulta.fi\/en\/wp-json\/wp\/v2\/types\/product"}],"replies":[{"embeddable":true,"href":"https:\/\/hovikulta.fi\/en\/wp-json\/wp\/v2\/comments?post=4955"}],"wp:featuredmedia":[{"embeddable":true,"href":"https:\/\/hovikulta.fi\/en\/wp-json\/wp\/v2\/media\/4952"}],"wp:attachment":[{"href":"https:\/\/hovikulta.fi\/en\/wp-json\/wp\/v2\/media?parent=4955"}],"wp:term":[{"taxonomy":"product_brand","embeddable":true,"href":"https:\/\/hovikulta.fi\/en\/wp-json\/wp\/v2\/product_brand?post=4955"},{"taxonomy":"product_cat","embeddable":true,"href":"https:\/\/hovikulta.fi\/en\/wp-json\/wp\/v2\/product_cat?post=4955"},{"taxonomy":"product_tag","embeddable":true,"href":"https:\/\/hovikulta.fi\/en\/wp-json\/wp\/v2\/product_tag?post=4955"}],"curies":[{"name":"wp","href":"https:\/\/api.w.org\/{rel}","templated":true}]}}